{"id":45,"date":"2022-01-03T12:45:18","date_gmt":"2022-01-03T11:45:18","guid":{"rendered":"https:\/\/lidia.secretcats.pl\/eng\/?page_id=45"},"modified":"2022-01-27T13:34:37","modified_gmt":"2022-01-27T12:34:37","slug":"blog","status":"publish","type":"page","link":"https:\/\/decobelle.it\/eng\/blog\/","title":{"rendered":"Blog"},"content":{"rendered":"<div id=\"dslc-main\">\r\n\t\t<div  class=\"dslc-modules-section \" style=\"\" data-section-id=\"52ccc7a329c\">\r\n\t\t\t\t\r\n\t\t\t\t\r\n\t\t\t\t<div class=\"dslc-modules-section-wrapper dslc-clearfix\"><div class=\"dslc-modules-area dslc-col dslc-9-col dslc-first-col dslc-valign- \" data-size=\"9\" data-valign=\"\">\n\t\t<div id=\"dslc-module-8c506c74b39\" class=\"dslc-module-front dslc-module-DSLC_TP_Title dslc-in-viewport-check dslc-in-viewport-anim-none  dslc-col dslc-12-col dslc-last-col  dslc-module-handle-like-regular \" data-module-id=\"8c506c74b39\" data-module=\"DSLC_TP_Title\" data-dslc-module-size=\"12\" data-dslc-anim=\"none\" data-dslc-anim-delay=\"\" data-dslc-anim-duration=\"650\"  data-dslc-anim-easing=\"ease\" data-dslc-preset=\"none\" >\n\n\t\t\t\n\t\t\t\n\t\t\n\t<div class=\"dslc-tp-title\">\n\t\t\t\t\t<div class=\"dslc-tp-title\"><h1>Tende, cuscini e decorazioni tessili: ecco i dettagli che esaltano lo stile classico<\/h1><\/div>\n\t\t\t<\/div>\n\n\t\n\t\t\t\t<\/div><!-- .dslc-module -->\n\t\t\n\t\t<div id=\"dslc-module-c463b035f0e\" class=\"dslc-module-front dslc-module-DSLC_Separator dslc-in-viewport-check dslc-in-viewport-anim-none  dslc-col dslc-12-col dslc-last-col  dslc-module-handle-like-regular \" data-module-id=\"c463b035f0e\" data-module=\"DSLC_Separator\" data-dslc-module-size=\"12\" data-dslc-anim=\"none\" data-dslc-anim-delay=\"\" data-dslc-anim-duration=\"650\"  data-dslc-anim-easing=\"ease\" data-dslc-preset=\"none\" >\n\n\t\t\t\n\t\t\t\n\t\t\t\t\t<div class=\"dslc-separator-wrapper\">\n\t\t\t\t<div class=\"dslc-separator dslc-separator-style-invisible\">\n\t\t\t\t\t\t\t\t\t<\/div>\n\t\t\t\t<div><\/div>\n\t\t\t<\/div><!-- .dslc-separator-wrapper -->\n\t\t\t\n\t\t\t\t<\/div><!-- .dslc-module -->\n\t\t\n\t\t<div id=\"dslc-module-8992d0898ca\" class=\"dslc-module-front dslc-module-DSLC_TP_Thumbnail dslc-in-viewport-check dslc-in-viewport-anim-none  dslc-col dslc-12-col dslc-last-col  dslc-module-handle-like-regular \" data-module-id=\"8992d0898ca\" data-module=\"DSLC_TP_Thumbnail\" data-dslc-module-size=\"12\" data-dslc-anim=\"none\" data-dslc-anim-delay=\"0\" data-dslc-anim-duration=\"650\"  data-dslc-anim-easing=\"ease\" data-dslc-preset=\"none\" >\n\n\t\t\t\n\t\t\t\n\t\t\n\t\t\t<div class=\"dslc-tp-thumbnail\">\n\t\t\t\t\n\t\t\t\t\t\t\t\t\t<img width=\"1400\" height=\"930\" src=\"https:\/\/decobelle.it\/eng\/wp-content\/uploads\/sites\/4\/2022\/01\/classic-decorations.jpg\" class=\"attachment-full size-full wp-post-image\" alt=\"\" title=\"classic-decorations\" srcset=\"https:\/\/decobelle.it\/eng\/wp-content\/uploads\/sites\/4\/2022\/01\/classic-decorations.jpg 1400w, https:\/\/decobelle.it\/eng\/wp-content\/uploads\/sites\/4\/2022\/01\/classic-decorations-300x199.jpg 300w, https:\/\/decobelle.it\/eng\/wp-content\/uploads\/sites\/4\/2022\/01\/classic-decorations-1024x680.jpg 1024w, https:\/\/decobelle.it\/eng\/wp-content\/uploads\/sites\/4\/2022\/01\/classic-decorations-768x510.jpg 768w\" sizes=\"(max-width: 1400px) 100vw, 1400px\" \/>\t\t\t\t\n\t\t\t\t\t\t\t<\/div>\n\n\t\t\n\t\t\n\t\t\t\t<\/div><!-- .dslc-module -->\n\t\t\n\t\t<div id=\"dslc-module-cca901ce2a9\" class=\"dslc-module-front dslc-module-DSLC_Separator dslc-in-viewport-check dslc-in-viewport-anim-none  dslc-col dslc-12-col dslc-last-col  dslc-module-handle-like-regular \" data-module-id=\"cca901ce2a9\" data-module=\"DSLC_Separator\" data-dslc-module-size=\"12\" data-dslc-anim=\"none\" data-dslc-anim-delay=\"\" data-dslc-anim-duration=\"650\"  data-dslc-anim-easing=\"ease\" data-dslc-preset=\"none\" >\n\n\t\t\t\n\t\t\t\n\t\t\t\t\t<div class=\"dslc-separator-wrapper\">\n\t\t\t\t<div class=\"dslc-separator dslc-separator-style-invisible\">\n\t\t\t\t\t\t\t\t\t<\/div>\n\t\t\t\t<div><\/div>\n\t\t\t<\/div><!-- .dslc-separator-wrapper -->\n\t\t\t\n\t\t\t\t<\/div><!-- .dslc-module -->\n\t\t\n\t\t<div id=\"dslc-module-e47060e70be\" class=\"dslc-module-front dslc-module-DSLC_TP_Content dslc-in-viewport-check dslc-in-viewport-anim-none  dslc-col dslc-12-col dslc-last-col  dslc-module-handle-like-regular \" data-module-id=\"e47060e70be\" data-module=\"DSLC_TP_Content\" data-dslc-module-size=\"12\" data-dslc-anim=\"none\" data-dslc-anim-delay=\"\" data-dslc-anim-duration=\"650\"  data-dslc-anim-easing=\"ease\" data-dslc-preset=\"none\" >\n\n\t\t\t\n\t\t\t\n\t\t<div class=\"dslc-tp-content\"><div id=\"dslc-theme-content\"><div id=\"dslc-theme-content-inner\">\n<p>Lo stile classico \u00e8 un evergreen senza tempo che oggi torna in auge, in versione 2.0.<\/p>\n\n\n\n<p>Artigiani, aziende, esperti del settore recuperano dal passato forme, lavorazioni e materiali rivedendoli in chiave moderna per adattarli a esigenze pi\u00f9 pratiche, senza rinunciare al gusto del bello.<\/p>\n\n\n\n<p>Una bellezza sempre pi\u00f9 attenta alla cura dei particolari.<\/p>\n\n\n\n<p>In qualsiasi tipo di arredamento, infatti, sono i dettagli a fare la differenza.<\/p>\n\n\n\n<p>Ecco allora che tende, cuscini e decorazioni tessili diventano, in particolare, i protagonisti di interni arredati in stile classico.<\/p>\n\n\n\n<p>Lo sa bene <strong>Deco Belle<\/strong> che propone tende classiche fatte su misura con mantovane e passamaneria.<\/p>\n\n\n\n<p>Complementi irrinunciabili per completare l\u2019arredo del soggiorno o della camera da letto, creando l\u2019atmosfera che pi\u00f9 ci piace.<\/p>\n\n\n\n<p>Morbidi drappeggi, ricche pieghe, delicate trasparenze impreziosite da motivi ricamati, a rilievo e stampati. Una ricca scelta di elementi decorativi a cui si aggiunge una grande variet\u00e0 di tessuti.<\/p>\n\n\n\n<p>Seta, velluto, jacquard, lana, cotone, lino: le <strong>tende classiche di Deco Belle<\/strong> sono un accessorio indispensabile per vestire con un tocco ricercato le finestre e le aperture di ogni stanza della casa.<\/p>\n\n\n\n<p>Una tenda a tutta altezza, ad esempio, regala personalit\u00e0 agli ambienti domestici.<\/p>\n\n\n\n<p>Il tessuto e i decori scelti possono essere coordinati a quelli dei rivestimenti di poltrone, cuscini e divani; in tinte simili, permetteranno di ottenere un risultato pi\u00f9 armonioso, con colori a contrasto, invece, creeranno un effetto di maggiore impatto visivo.<\/p>\n\n\n\n<p>Le <strong>tende di Deco Belle<\/strong> si caratterizzano per la loro capacit\u00e0 di interpretare al meglio lo stile classico, grazie all\u2019unicit\u00e0 di prodotti fatti a mano con grande passione ed esperienza.<\/p>\n\n\n\n<p>Complementi d\u2019arredo di ottima qualit\u00e0 offerti a prezzi ragionevoli insieme ad un\u2019ampia selezione di embrasse raccogli tenda, passamaneria e frange. Preziosi particolari proposti in diverse colorazioni e decorati con piume e cristalli, per un mood ancora pi\u00f9 chic.<\/p>\n\n\n\n<p>A completare il tutto, i bastoni per tende in legno, disponibili in raffinate nuance come il crema, l\u2019oro, l\u2019argento, il nero e in misure da 35, 50 e 63 millimetri, per soddisfare ogni tipo di esigenza, pratica ed estetica.<\/p>\n\n\n\n<p><strong>Deco Belle<\/strong> pensa a vestire con classe anche la nostra tavola.<\/p>\n\n\n\n<p>Tovaglie con tovaglioli coordinati, tovagliette per coffee table e poi ancora centrotavola e runner: <strong>Deco Belle<\/strong> presenta un vasto assortimento di tessuti, intrecci ed elementi decorativi per la tavola, perfetti per allestire in maniera impeccabile la mise en place di una cena importante o per condividere un t\u00e8 con le amiche. Ci sembrer\u00e0 cos\u00ec di rivivere l\u2019elegante rituale dell\u2019<em>afternoon tea <\/em>inglese, seduti comodamente a casa propria.<\/p>\n\n\n\n<p>E per un comfort maggiore, perch\u00e9 non scegliere i cuscini con decorazioni luxury di Deco Belle?<\/p>\n\n\n\n<p>Poltrone e divani diventeranno pi\u00f9 confortevoli e accoglienti, lasciando a bocca aperta i nostri ospiti.<\/p>\n\n\n\n<p>Tutti i <strong>prodotti di Deco Belle<\/strong> possono essere personalizzati per dimensioni, colori e design, rendendo unica ogni abitazione, ma non solo. La grande offerta di <strong>tessuti di Deco Belle<\/strong> \u00e8 pensata anche per arredare boutique, hotel di lusso, ristoranti e yatch.<\/p>\n\n\n\n<p>L\u2019artigianalit\u00e0, il gusto e l\u2019<strong>alta qualit\u00e0 di Deco Belle <\/strong>conquistano ogni ambito del vivere bene.<\/p>\n<\/div><\/div><\/div>\n\t\t\t\t<\/div><!-- .dslc-module -->\n\t\t<\/div><div class=\"dslc-modules-area dslc-col dslc-3-col dslc-last-col dslc-valign- \" data-size=\"3\" data-valign=\"\">\n\t\t<div id=\"dslc-module-d5cc34453c7\" class=\"dslc-module-front dslc-module-DSLC_Text_Simple dslc-in-viewport-check dslc-in-viewport-anim-none  dslc-col dslc-12-col dslc-last-col  dslc-module-handle-like-regular \" data-module-id=\"d5cc34453c7\" data-module=\"DSLC_Text_Simple\" data-dslc-module-size=\"12\" data-dslc-anim=\"none\" data-dslc-anim-delay=\"\" data-dslc-anim-duration=\"650\"  data-dslc-anim-easing=\"ease\" data-dslc-preset=\"none\" >\n\n\t\t\t\n\t\t\t\n\t\t\r\n\t\t<div class=\"dslc-text-module-content\">\r\n\t\t\t<p>Read more<\/p>\t\t<\/div>\r\n\r\n\t\t\n\t\t\t\t<\/div><!-- .dslc-module -->\n\t\t\n\t\t<div id=\"dslc-module-4e6dbd6a63a\" class=\"dslc-module-front dslc-module-DSLC_Blog dslc-in-viewport-check dslc-in-viewport-anim-none  dslc-col dslc-12-col dslc-last-col  dslc-module-handle-like-regular \" data-module-id=\"4e6dbd6a63a\" data-module=\"DSLC_Blog\" data-dslc-module-size=\"12\" data-dslc-anim=\"none\" data-dslc-anim-delay=\"\" data-dslc-anim-duration=\"650\"  data-dslc-anim-easing=\"ease\" data-dslc-preset=\"none\" >\n\n\t\t\t\n\t\t\t\n\t\t\t\t<div class=\"dslc-posts dslc-blog-posts dslc-clearfix dslc-blog-posts-type-grid dslc-posts-orientation-vertical dslc-init-grid \">\n\t\t\t\n\t\t\t\n\t\t<div class=\"dslc-posts-inner\">\n\t<div class=\"dslc-post dslc-blog-post dslc-col dslc-12-col  dslc-last-col dslc-post-format-standard\" data-cats=\"bez-kategorii \">\n\n\t\n\t\t\t\t\t\t\t\t\n\t\t\t\t\t\t\t\t\t<div class=\"dslc-blog-post-thumb dslc-post-thumb dslc-on-hover-anim\">\n\n\t\t\t\t\t\t\t\t\t\t\n\t\t\t\t\t\t\t\t\t\t\t<div class=\"dslc-blog-post-thumb-inner dslca-post-thumb\">\n\t\t\t\t\t\t\t\t\t\t\t\t\n\t\t\t\t\t\t\t\t\t\t\t\t\t\t\t\t\t\t\t\t\t\t\t\t\t<a href=\"https:\/\/decobelle.it\/eng\/blog\/2022\/02\/03\/linen-curtains-voiles-and-textiles-decorative-in-a-modern-apartment\/\" class=\"\"><img width=\"900\" height=\"522\" src=\"https:\/\/decobelle.it\/eng\/wp-content\/uploads\/sites\/4\/2022\/02\/deco-belle-tende-da-interni-moderni-biance.jpg\" class=\"attachment-full size-full wp-post-image\" alt=\"\" loading=\"lazy\" title=\"deco-belle-tende-da-interni-moderni-biance\" srcset=\"https:\/\/decobelle.it\/eng\/wp-content\/uploads\/sites\/4\/2022\/02\/deco-belle-tende-da-interni-moderni-biance.jpg 900w, https:\/\/decobelle.it\/eng\/wp-content\/uploads\/sites\/4\/2022\/02\/deco-belle-tende-da-interni-moderni-biance-300x174.jpg 300w, https:\/\/decobelle.it\/eng\/wp-content\/uploads\/sites\/4\/2022\/02\/deco-belle-tende-da-interni-moderni-biance-768x445.jpg 768w\" sizes=\"(max-width: 900px) 100vw, 900px\" \/><\/a>\n\t\t\t\t\t\t\t\t\t\t\t\t\t\t\t\t\t\t\t\t\t\t\t<\/div><!-- .dslc-blog-post-thumb-inner -->\n\n\t\t\t\t\t\t\t\t\t\t\n\t\t\t\t\t\t\t\t\t\t\n\t\t\t\t\t\t\t\t\t<\/div><!-- .dslc-blog-post-thumb -->\n\n\t\t\t\t\t\t\t\t\n\t\t\t\t\t\t\t\n\t\t\t\t\t\t\t\n\t\t\t\t\t\t\t\t<div class=\"dslc-post-main dslc-blog-post-main\">\n\n\t\t\t\t\t\t\t\t\t\n\t\t\t\t\t\t\t\t\t\n\t\t\t\t\t\t\t\t\t\t<div class=\"dslc-blog-post-title\">\n\t\t\t\t\t\t\t\t\t\t\t<h2><a href=\"https:\/\/decobelle.it\/eng\/blog\/2022\/02\/03\/linen-curtains-voiles-and-textiles-decorative-in-a-modern-apartment\/\">Linen Curtains, Voiles and Textiles Decorative in a Modern Apartment<\/a><\/h2>\n\t\t\t\t\t\t\t\t\t\t<\/div><!-- .dslc-blog-post-title -->\n\n\t\t\t\t\t\t\t\t\t\n\t\t\t\t\t\t\t\t\t\n\t\t\t\t\t\t\t\t\t\n\t\t\t\t\t\t\t\t\t\t<div class=\"dslc-blog-post-excerpt\">\n\t\t\t\t\t\t\t\t\t\t\t\t\t\t\t\t\t\t\t\t\t\t\tA modern apartment in the centre of a small town, overlooking the port. The interior is bright, beautifully lit by&hellip;\t\t\t\t\t\t\t\t\t\t\t\t\t\t\t\t\t\t\t\t\t<\/div><!-- .dslc-blog-post-excerpt -->\n\n\t\t\t\t\t\t\t\t\t\n\t\t\t\t\t\t\t\t\t\n\t\t\t\t\t\t\t\t\t\t<div class=\"dslc-blog-post-read-more\">\n\t\t\t\t\t\t\t\t\t\t\t<a href=\"https:\/\/decobelle.it\/eng\/blog\/2022\/02\/03\/linen-curtains-voiles-and-textiles-decorative-in-a-modern-apartment\/\">\n\t\t\t\t\t\t\t\t\t\t\t\t\t\t\t\t\t\t\t\t\t\t\t\t\t<span class=\"dslc-icon dslc-icon-\"><\/span>\t\n\t\t\t\t\t\t\t\t\t\t\t\t\t\t\t\t\t\t\t\t\t\t\t\tREAD MORE\t\t\t\t\t\t\t\t\t\t\t<\/a>\n\t\t\t\t\t\t\t\t\t\t<\/div><!-- .dslc-blog-post-read-more -->\n\n\t\t\t\t\t\t\t\t\t\n\t\t\t\t\t\t\t\t<\/div><!-- .blog-post-main -->\n\n\t\t\t\t\t\t\t\t\n\t\t\t\t\t\t\t\t\n\t\t\t\t\t\t\t\n\t\t\t\t\t\t<\/div><!-- .dslc-blog-post -->\n\n\t\t\t\t\t\t\n\t\t\t\t\t\t<div class=\"dslc-post-separator\"><\/div>\n\t<div class=\"dslc-post dslc-blog-post dslc-col dslc-12-col  dslc-last-col dslc-post-format-standard\" data-cats=\"bez-kategorii \">\n\n\t\n\t\t\t\t\t\t\t\t\n\t\t\t\t\t\t\t\t\t<div class=\"dslc-blog-post-thumb dslc-post-thumb dslc-on-hover-anim\">\n\n\t\t\t\t\t\t\t\t\t\t\n\t\t\t\t\t\t\t\t\t\t\t<div class=\"dslc-blog-post-thumb-inner dslca-post-thumb\">\n\t\t\t\t\t\t\t\t\t\t\t\t\n\t\t\t\t\t\t\t\t\t\t\t\t\t\t\t\t\t\t\t\t\t\t\t\t\t<a href=\"https:\/\/decobelle.it\/eng\/blog\/2022\/01\/20\/tende-cuscini-e-decorazioni-tessili-ecco-i-dettagli-che-esaltano-lo-stile-classico\/\" class=\"\"><img width=\"1400\" height=\"930\" src=\"https:\/\/decobelle.it\/eng\/wp-content\/uploads\/sites\/4\/2022\/01\/classic-decorations.jpg\" class=\"attachment-full size-full wp-post-image\" alt=\"\" loading=\"lazy\" title=\"classic-decorations\" srcset=\"https:\/\/decobelle.it\/eng\/wp-content\/uploads\/sites\/4\/2022\/01\/classic-decorations.jpg 1400w, https:\/\/decobelle.it\/eng\/wp-content\/uploads\/sites\/4\/2022\/01\/classic-decorations-300x199.jpg 300w, https:\/\/decobelle.it\/eng\/wp-content\/uploads\/sites\/4\/2022\/01\/classic-decorations-1024x680.jpg 1024w, https:\/\/decobelle.it\/eng\/wp-content\/uploads\/sites\/4\/2022\/01\/classic-decorations-768x510.jpg 768w\" sizes=\"(max-width: 1400px) 100vw, 1400px\" \/><\/a>\n\t\t\t\t\t\t\t\t\t\t\t\t\t\t\t\t\t\t\t\t\t\t\t<\/div><!-- .dslc-blog-post-thumb-inner -->\n\n\t\t\t\t\t\t\t\t\t\t\n\t\t\t\t\t\t\t\t\t\t\n\t\t\t\t\t\t\t\t\t<\/div><!-- .dslc-blog-post-thumb -->\n\n\t\t\t\t\t\t\t\t\n\t\t\t\t\t\t\t\n\t\t\t\t\t\t\t\n\t\t\t\t\t\t\t\t<div class=\"dslc-post-main dslc-blog-post-main\">\n\n\t\t\t\t\t\t\t\t\t\n\t\t\t\t\t\t\t\t\t\n\t\t\t\t\t\t\t\t\t\t<div class=\"dslc-blog-post-title\">\n\t\t\t\t\t\t\t\t\t\t\t<h2><a href=\"https:\/\/decobelle.it\/eng\/blog\/2022\/01\/20\/tende-cuscini-e-decorazioni-tessili-ecco-i-dettagli-che-esaltano-lo-stile-classico\/\">Tende, cuscini e decorazioni tessili: ecco i dettagli che esaltano lo stile classico<\/a><\/h2>\n\t\t\t\t\t\t\t\t\t\t<\/div><!-- .dslc-blog-post-title -->\n\n\t\t\t\t\t\t\t\t\t\n\t\t\t\t\t\t\t\t\t\n\t\t\t\t\t\t\t\t\t\n\t\t\t\t\t\t\t\t\t\t<div class=\"dslc-blog-post-excerpt\">\n\t\t\t\t\t\t\t\t\t\t\t\t\t\t\t\t\t\t\t\t\t\t\tLo stile classico \u00e8 un evergreen senza tempo che oggi torna in auge, in versione 2.0. Artigiani, aziende, esperti del&hellip;\t\t\t\t\t\t\t\t\t\t\t\t\t\t\t\t\t\t\t\t\t<\/div><!-- .dslc-blog-post-excerpt -->\n\n\t\t\t\t\t\t\t\t\t\n\t\t\t\t\t\t\t\t\t\n\t\t\t\t\t\t\t\t\t\t<div class=\"dslc-blog-post-read-more\">\n\t\t\t\t\t\t\t\t\t\t\t<a href=\"https:\/\/decobelle.it\/eng\/blog\/2022\/01\/20\/tende-cuscini-e-decorazioni-tessili-ecco-i-dettagli-che-esaltano-lo-stile-classico\/\">\n\t\t\t\t\t\t\t\t\t\t\t\t\t\t\t\t\t\t\t\t\t\t\t\t\t<span class=\"dslc-icon dslc-icon-\"><\/span>\t\n\t\t\t\t\t\t\t\t\t\t\t\t\t\t\t\t\t\t\t\t\t\t\t\tREAD MORE\t\t\t\t\t\t\t\t\t\t\t<\/a>\n\t\t\t\t\t\t\t\t\t\t<\/div><!-- .dslc-blog-post-read-more -->\n\n\t\t\t\t\t\t\t\t\t\n\t\t\t\t\t\t\t\t<\/div><!-- .blog-post-main -->\n\n\t\t\t\t\t\t\t\t\n\t\t\t\t\t\t\t\t\n\t\t\t\t\t\t\t\n\t\t\t\t\t\t<\/div><!-- .dslc-blog-post -->\n\n\t\t\t\t\t\t\n\t\t\t\t\t\t<\/div><!-- .dslc-posts-inner -->\n\t\t\t\n\t\t\t\n\t<\/div><!-- .dslc-blog-posts -->\n\t\n\t\t\t\t<\/div><!-- .dslc-module -->\n\t\t<\/div><\/div><\/div>\r\n\t\t<div  class=\"dslc-modules-section \" style=\"padding-bottom:61px;padding-top:61px;border-top-style: hidden; border-right-style: hidden; border-bottom-style: hidden; border-left-style: hidden; \" data-section-id=\"6c6061a277f\">\r\n\t\t\t\t\r\n\t\t\t\t\r\n\t\t\t\t<div class=\"dslc-modules-section-wrapper dslc-clearfix\"><\/div><\/div><\/div><input type=\"hidden\" id=\"dslca-post-data-thumb\" value=\"https:\/\/decobelle.it\/eng\/wp-content\/uploads\/sites\/4\/2022\/01\/classic-decorations.jpg\" \/>","protected":false},"excerpt":{"rendered":"<p>Tende, cuscini e decorazioni tessili: ecco i dettagli che esaltano lo stile classico Lo stile classico \u00e8 un evergreen senza tempo che oggi torna in auge, in versione 2.0. Artigiani, aziende, esperti del settore recuperano dal passato forme, lavorazioni e materiali rivedendoli in chiave moderna per adattarli a esigenze pi\u00f9 pratiche, senza rinunciare al gusto [&hellip;]<\/p>\n","protected":false},"author":1,"featured_media":0,"parent":0,"menu_order":0,"comment_status":"closed","ping_status":"closed","template":"","meta":{"ngg_post_thumbnail":0},"yoast_head":"<!-- This site is optimized with the Yoast SEO plugin v19.13 - https:\/\/yoast.com\/wordpress\/plugins\/seo\/ -->\n<title>Blog - ENG | Deco Belle - House of Curtains<\/title>\n<meta name=\"robots\" content=\"index, follow, max-snippet:-1, max-image-preview:large, max-video-preview:-1\" \/>\n<link rel=\"canonical\" href=\"https:\/\/decobelle.it\/eng\/blog\/\" \/>\n<meta property=\"og:locale\" content=\"en_US\" \/>\n<meta property=\"og:type\" content=\"article\" \/>\n<meta property=\"og:title\" content=\"Blog - ENG | Deco Belle - House of Curtains\" \/>\n<meta property=\"og:description\" content=\"Tende, cuscini e decorazioni tessili: ecco i dettagli che esaltano lo stile classico Lo stile classico \u00e8 un evergreen senza tempo che oggi torna in auge, in versione 2.0. Artigiani, aziende, esperti del settore recuperano dal passato forme, lavorazioni e materiali rivedendoli in chiave moderna per adattarli a esigenze pi\u00f9 pratiche, senza rinunciare al gusto [&hellip;]\" \/>\n<meta property=\"og:url\" content=\"https:\/\/decobelle.it\/eng\/blog\/\" \/>\n<meta property=\"og:site_name\" content=\"ENG | Deco Belle - House of Curtains\" \/>\n<meta property=\"article:modified_time\" content=\"2022-01-27T12:34:37+00:00\" \/>\n<meta name=\"twitter:card\" content=\"summary_large_image\" \/>\n<meta name=\"twitter:label1\" content=\"Est. reading time\" \/>\n\t<meta name=\"twitter:data1\" content=\"24 minutes\" \/>\n<script type=\"application\/ld+json\" class=\"yoast-schema-graph\">{\"@context\":\"https:\/\/schema.org\",\"@graph\":[{\"@type\":\"WebPage\",\"@id\":\"https:\/\/decobelle.it\/eng\/blog\/\",\"url\":\"https:\/\/decobelle.it\/eng\/blog\/\",\"name\":\"Blog - ENG | Deco Belle - House of Curtains\",\"isPartOf\":{\"@id\":\"https:\/\/decobelle.it\/eng\/#website\"},\"datePublished\":\"2022-01-03T11:45:18+00:00\",\"dateModified\":\"2022-01-27T12:34:37+00:00\",\"breadcrumb\":{\"@id\":\"https:\/\/decobelle.it\/eng\/blog\/#breadcrumb\"},\"inLanguage\":\"en-US\",\"potentialAction\":[{\"@type\":\"ReadAction\",\"target\":[\"https:\/\/decobelle.it\/eng\/blog\/\"]}]},{\"@type\":\"BreadcrumbList\",\"@id\":\"https:\/\/decobelle.it\/eng\/blog\/#breadcrumb\",\"itemListElement\":[{\"@type\":\"ListItem\",\"position\":1,\"name\":\"Strona g\u0142\u00f3wna\",\"item\":\"https:\/\/decobelle.it\/eng\/\"},{\"@type\":\"ListItem\",\"position\":2,\"name\":\"Blog\"}]},{\"@type\":\"WebSite\",\"@id\":\"https:\/\/decobelle.it\/eng\/#website\",\"url\":\"https:\/\/decobelle.it\/eng\/\",\"name\":\"ENG | Deco Belle - House of Curtains\",\"description\":\"Deco Belle - House of Curtains\",\"potentialAction\":[{\"@type\":\"SearchAction\",\"target\":{\"@type\":\"EntryPoint\",\"urlTemplate\":\"https:\/\/decobelle.it\/eng\/?s={search_term_string}\"},\"query-input\":\"required name=search_term_string\"}],\"inLanguage\":\"en-US\"}]}<\/script>\n<!-- \/ Yoast SEO plugin. -->","yoast_head_json":{"title":"Blog - ENG | Deco Belle - House of Curtains","robots":{"index":"index","follow":"follow","max-snippet":"max-snippet:-1","max-image-preview":"max-image-preview:large","max-video-preview":"max-video-preview:-1"},"canonical":"https:\/\/decobelle.it\/eng\/blog\/","og_locale":"en_US","og_type":"article","og_title":"Blog - ENG | Deco Belle - House of Curtains","og_description":"Tende, cuscini e decorazioni tessili: ecco i dettagli che esaltano lo stile classico Lo stile classico \u00e8 un evergreen senza tempo che oggi torna in auge, in versione 2.0. Artigiani, aziende, esperti del settore recuperano dal passato forme, lavorazioni e materiali rivedendoli in chiave moderna per adattarli a esigenze pi\u00f9 pratiche, senza rinunciare al gusto [&hellip;]","og_url":"https:\/\/decobelle.it\/eng\/blog\/","og_site_name":"ENG | Deco Belle - House of Curtains","article_modified_time":"2022-01-27T12:34:37+00:00","twitter_card":"summary_large_image","twitter_misc":{"Est. reading time":"24 minutes"},"schema":{"@context":"https:\/\/schema.org","@graph":[{"@type":"WebPage","@id":"https:\/\/decobelle.it\/eng\/blog\/","url":"https:\/\/decobelle.it\/eng\/blog\/","name":"Blog - ENG | Deco Belle - House of Curtains","isPartOf":{"@id":"https:\/\/decobelle.it\/eng\/#website"},"datePublished":"2022-01-03T11:45:18+00:00","dateModified":"2022-01-27T12:34:37+00:00","breadcrumb":{"@id":"https:\/\/decobelle.it\/eng\/blog\/#breadcrumb"},"inLanguage":"en-US","potentialAction":[{"@type":"ReadAction","target":["https:\/\/decobelle.it\/eng\/blog\/"]}]},{"@type":"BreadcrumbList","@id":"https:\/\/decobelle.it\/eng\/blog\/#breadcrumb","itemListElement":[{"@type":"ListItem","position":1,"name":"Strona g\u0142\u00f3wna","item":"https:\/\/decobelle.it\/eng\/"},{"@type":"ListItem","position":2,"name":"Blog"}]},{"@type":"WebSite","@id":"https:\/\/decobelle.it\/eng\/#website","url":"https:\/\/decobelle.it\/eng\/","name":"ENG | Deco Belle - House of Curtains","description":"Deco Belle - House of Curtains","potentialAction":[{"@type":"SearchAction","target":{"@type":"EntryPoint","urlTemplate":"https:\/\/decobelle.it\/eng\/?s={search_term_string}"},"query-input":"required name=search_term_string"}],"inLanguage":"en-US"}]}},"_links":{"self":[{"href":"https:\/\/decobelle.it\/eng\/wp-json\/wp\/v2\/pages\/45"}],"collection":[{"href":"https:\/\/decobelle.it\/eng\/wp-json\/wp\/v2\/pages"}],"about":[{"href":"https:\/\/decobelle.it\/eng\/wp-json\/wp\/v2\/types\/page"}],"author":[{"embeddable":true,"href":"https:\/\/decobelle.it\/eng\/wp-json\/wp\/v2\/users\/1"}],"replies":[{"embeddable":true,"href":"https:\/\/decobelle.it\/eng\/wp-json\/wp\/v2\/comments?post=45"}],"version-history":[{"count":2,"href":"https:\/\/decobelle.it\/eng\/wp-json\/wp\/v2\/pages\/45\/revisions"}],"predecessor-version":[{"id":241,"href":"https:\/\/decobelle.it\/eng\/wp-json\/wp\/v2\/pages\/45\/revisions\/241"}],"wp:attachment":[{"href":"https:\/\/decobelle.it\/eng\/wp-json\/wp\/v2\/media?parent=45"}],"curies":[{"name":"wp","href":"https:\/\/api.w.org\/{rel}","templated":true}]}}