{"id":131,"date":"2022-01-03T18:45:44","date_gmt":"2022-01-03T17:45:44","guid":{"rendered":"https:\/\/lidia.secretcats.pl\/fr\/?page_id=131"},"modified":"2022-02-16T13:54:01","modified_gmt":"2022-02-16T12:54:01","slug":"nettoyage-des-rideaux","status":"publish","type":"page","link":"https:\/\/decobelle.it\/fr\/service-de-rideaux\/nettoyage-des-rideaux\/","title":{"rendered":"Nettoyage des\u00a0Rideaux"},"content":{"rendered":"<div id=\"dslc-main\">\r\n\t\t<div id=\"curtains-&-voiles-for-yachts\" class=\"dslc-modules-section \" style=\"padding-bottom:90px;padding-top:90px;\" data-section-id=\"d10099c3aff\">\r\n\t\t\t\t\r\n\t\t\t\t\r\n\t\t\t\t<div class=\"dslc-modules-section-wrapper dslc-clearfix\"><div class=\"dslc-modules-area dslc-col dslc-8-col dslc-first-col dslc-valign- \" data-size=\"8\" data-valign=\"\">\n\t\t<div id=\"dslc-module-ec1176b8fd0\" class=\"dslc-module-front dslc-module-DSLC_Text_Simple dslc-in-viewport-check dslc-in-viewport-anim-none  dslc-col dslc-12-col dslc-last-col  dslc-module-handle-like-regular \" data-module-id=\"ec1176b8fd0\" data-module=\"DSLC_Text_Simple\" data-dslc-module-size=\"12\" data-dslc-anim=\"none\" data-dslc-anim-delay=\"\" data-dslc-anim-duration=\"650\"  data-dslc-anim-easing=\"ease\" data-dslc-preset=\"none\" >\n\n\t\t\t\n\t\t\t\n\t\t\r\n\t\t<div class=\"dslc-text-module-content\">\r\n\t\t\t<h1>Nettoyage des Rideaux<\/h1>\t\t<\/div>\r\n\r\n\t\t\n\t\t\t\t<\/div><!-- .dslc-module -->\n\t\t\n\t\t<div id=\"dslc-module-47f6bf21755\" class=\"dslc-module-front dslc-module-DSLC_Separator dslc-in-viewport-check dslc-in-viewport-anim-none  dslc-col dslc-12-col dslc-last-col  dslc-module-handle-like-regular \" data-module-id=\"47f6bf21755\" data-module=\"DSLC_Separator\" data-dslc-module-size=\"12\" data-dslc-anim=\"none\" data-dslc-anim-delay=\"\" data-dslc-anim-duration=\"650\"  data-dslc-anim-easing=\"ease\" data-dslc-preset=\"none\" >\n\n\t\t\t\n\t\t\t\n\t\t\t\t\t<div class=\"dslc-separator-wrapper\">\n\t\t\t\t<div class=\"dslc-separator dslc-separator-style-invisible\">\n\t\t\t\t\t\t\t\t\t<\/div>\n\t\t\t\t<div><\/div>\n\t\t\t<\/div><!-- .dslc-separator-wrapper -->\n\t\t\t\n\t\t\t\t<\/div><!-- .dslc-module -->\n\t\t\n\t\t<div id=\"dslc-module-s1p2mv8jdh\" class=\"dslc-module-front dslc-module-DSLC_Image dslc-in-viewport-check dslc-in-viewport-anim-none  dslc-col dslc-12-col dslc-last-col  dslc-module-handle-like-regular mobi\" data-module-id=\"s1p2mv8jdh\" data-module=\"DSLC_Image\" data-dslc-module-size=\"12\" data-dslc-anim=\"none\" data-dslc-anim-delay=\"\" data-dslc-anim-duration=\"650\"  data-dslc-anim-easing=\"ease\" data-dslc-preset=\"none\" >\n\n\t\t\t\n\t\t\t\n\t\t\t\t<div class=\"dslc-image-container\">\n\t\t<div class=\"dslc-image\">\n\n\t\t\t\n\t\t\t\t\n\t\t\t\t\t\t\t\t\t<img src=\"https:\/\/decobelle.it\/fr\/wp-content\/uploads\/sites\/3\/2022\/01\/salon_kuchnia_hol_564ddd-1170x600-1.jpg\" alt=\"\" title=\"\" srcset=\"https:\/\/decobelle.it\/fr\/wp-content\/uploads\/sites\/3\/2022\/01\/salon_kuchnia_hol_564ddd-1170x600-1.jpg 1170w, https:\/\/decobelle.it\/fr\/wp-content\/uploads\/sites\/3\/2022\/01\/salon_kuchnia_hol_564ddd-1170x600-1-300x154.jpg 300w, https:\/\/decobelle.it\/fr\/wp-content\/uploads\/sites\/3\/2022\/01\/salon_kuchnia_hol_564ddd-1170x600-1-1024x525.jpg 1024w, https:\/\/decobelle.it\/fr\/wp-content\/uploads\/sites\/3\/2022\/01\/salon_kuchnia_hol_564ddd-1170x600-1-768x394.jpg 768w\" sizes=\"(max-width: 1170px) 100vw, 1170px\" \/>\n\t\t\t\t\n\t\t\t\t\t\t\t\t\t<\/div><!-- .dslc-image -->\n\t\t<\/div>\n\t\t\n\t\t\t\t<\/div><!-- .dslc-module -->\n\t\t\n\t\t<div id=\"dslc-module-940caa91ba1\" class=\"dslc-module-front dslc-module-DSLC_Separator dslc-in-viewport-check dslc-in-viewport-anim-none  dslc-col dslc-12-col dslc-last-col dslc-hide-on-desktop dslc-hide-on-tablet  dslc-module-handle-like-regular \" data-module-id=\"940caa91ba1\" data-module=\"DSLC_Separator\" data-dslc-module-size=\"12\" data-dslc-anim=\"none\" data-dslc-anim-delay=\"\" data-dslc-anim-duration=\"650\"  data-dslc-anim-easing=\"ease\" data-dslc-preset=\"none\" >\n\n\t\t\t\n\t\t\t\n\t\t\t\t\t<div class=\"dslc-separator-wrapper\">\n\t\t\t\t<div class=\"dslc-separator dslc-separator-style-invisible\">\n\t\t\t\t\t\t\t\t\t<\/div>\n\t\t\t\t<div><\/div>\n\t\t\t<\/div><!-- .dslc-separator-wrapper -->\n\t\t\t\n\t\t\t\t<\/div><!-- .dslc-module -->\n\t\t\n\t\t<div id=\"dslc-module-96c4e8ad6ff\" class=\"dslc-module-front dslc-module-DSLC_Text_Simple dslc-in-viewport-check dslc-in-viewport-anim-none  dslc-col dslc-12-col dslc-last-col  dslc-module-handle-like-regular \" data-module-id=\"96c4e8ad6ff\" data-module=\"DSLC_Text_Simple\" data-dslc-module-size=\"12\" data-dslc-anim=\"none\" data-dslc-anim-delay=\"\" data-dslc-anim-duration=\"650\"  data-dslc-anim-easing=\"ease\" data-dslc-preset=\"none\" >\n\n\t\t\t\n\t\t\t\n\t\t\r\n\t\t<div class=\"dslc-text-module-content\">\r\n\t\t\t<p>Il est naturel que les Rideaux perdent t\u00f4t ou tard leur puret\u00e9 et leur fra\u00eecheur. Il est donc n\u00e9cessaire de les rafra\u00eechir de temps en temps. Selon le type de Rideaux ou de Voiles, les Rideaux doivent \u00eatre nettoy\u00e9s \u00e0 sec ou \u00e0 l'eau. Avec le nettoyage \u00e0 l'eau, il faut \u00eatre tr\u00e8s prudent, car certains Rideaux peuvent r\u00e9tr\u00e9cir et le Chintz brillant peut perdre son \u00e9clat. C'est souvent le cas avec les Rideaux en Coton ou en Lin.<\/p>\t\t<\/div>\r\n\r\n\t\t\n\t\t\t\t<\/div><!-- .dslc-module -->\n\t\t\n\t\t<div id=\"dslc-module-94d70504eca\" class=\"dslc-module-front dslc-module-DSLC_Text_Simple dslc-in-viewport-check dslc-in-viewport-anim-none  dslc-col dslc-12-col dslc-last-col  dslc-module-handle-like-regular \" data-module-id=\"94d70504eca\" data-module=\"DSLC_Text_Simple\" data-dslc-module-size=\"12\" data-dslc-anim=\"none\" data-dslc-anim-delay=\"\" data-dslc-anim-duration=\"650\"  data-dslc-anim-easing=\"ease\" data-dslc-preset=\"none\" >\n\n\t\t\t\n\t\t\t\n\t\t\r\n\t\t<div class=\"dslc-text-module-content\">\r\n\t\t\t<h2>\u00c0 quelle fr\u00e9quence dois-je nettoyer les Rideaux ?<\/h2>\t\t<\/div>\r\n\r\n\t\t\n\t\t\t\t<\/div><!-- .dslc-module -->\n\t\t\n\t\t<div id=\"dslc-module-778bc5d0143\" class=\"dslc-module-front dslc-module-DSLC_Separator dslc-in-viewport-check dslc-in-viewport-anim-none  dslc-col dslc-12-col dslc-last-col  dslc-module-handle-like-regular \" data-module-id=\"778bc5d0143\" data-module=\"DSLC_Separator\" data-dslc-module-size=\"12\" data-dslc-anim=\"none\" data-dslc-anim-delay=\"\" data-dslc-anim-duration=\"650\"  data-dslc-anim-easing=\"ease\" data-dslc-preset=\"none\" >\n\n\t\t\t\n\t\t\t\n\t\t\t\t\t<div class=\"dslc-separator-wrapper\">\n\t\t\t\t<div class=\"dslc-separator dslc-separator-style-invisible\">\n\t\t\t\t\t\t\t\t\t<\/div>\n\t\t\t\t<div><\/div>\n\t\t\t<\/div><!-- .dslc-separator-wrapper -->\n\t\t\t\n\t\t\t\t<\/div><!-- .dslc-module -->\n\t\t\n\t\t<div id=\"dslc-module-3cf93851164\" class=\"dslc-module-front dslc-module-DSLC_Text_Simple dslc-in-viewport-check dslc-in-viewport-anim-none  dslc-col dslc-12-col dslc-last-col  dslc-module-handle-like-regular \" data-module-id=\"3cf93851164\" data-module=\"DSLC_Text_Simple\" data-dslc-module-size=\"12\" data-dslc-anim=\"none\" data-dslc-anim-delay=\"\" data-dslc-anim-duration=\"650\"  data-dslc-anim-easing=\"ease\" data-dslc-preset=\"none\" >\n\n\t\t\t\n\t\t\t\n\t\t\r\n\t\t<div class=\"dslc-text-module-content\">\r\n\t\t\t<p>Cela d\u00e9pend de nombreux facteurs, mais surtout de la puret\u00e9 de l'air de l'endroit o\u00f9 vous vivez. S'il y a de la pollution dans les rues, ce qui est souvent le cas dans les grandes villes, vos Rideaux risquent d'attraper beaucoup de salet\u00e9s de l'ext\u00e9rieur. Si vous vivez dans une station de ski dans les Alpes, l'air y est probablement beaucoup plus pur, et les Rideaux restent frais plus longtemps. Les Rideaux sont malheureusement un endroit id\u00e9al pour que la poussi\u00e8re s'y d\u00e9pose. Essayez donc de nettoyer vos Rideaux au moins une fois par an. Mais si vous ou votre famille \u00eates allergiques \u00e0 la poussi\u00e8re, vous devez nettoyer vos Rideaux plus souvent.<\/p><p>Il peut \u00eatre difficile de nettoyer les rideaux, en particulier les Rideaux Doubles, Grands et Lourds. Il faut les retirer des Tringles \u00e0 rideaux et plier les \u00e9normes surfaces du tissu. Le lavage lui-m\u00eame est tr\u00e8s difficile en raison de la taille des Rideaux. Si vous les emmenez chez un professionnel de la blanchisserie ou du nettoyage \u00e0 sec, vous devez ensuite les raccrocher aux Tringles \u00e0 Rideaux. Cela peut \u00eatre compliqu\u00e9 d\u2019ajuster le Rideau appropri\u00e9 \u00e0 la Tringle \u00e0 Rideau concern\u00e9e, leur suspension et leur disposition correctes - tout cela peut causer quelques probl\u00e8mes.<\/p><p>C'est pourquoi, pour aider nos Clients, nous offrons un service professionnel de nettoyage et de rafra\u00eechissement des Rideaux.<\/p><p><strong>Si vos Rideaux sont situ\u00e9s sur la C\u00f4te d'Azur, \u00e0 Monaco ou sur la Riviera italienne,<br>nous organisons tout le processus pour vous :<\/strong><br>- notre \u00e9quipe se rend \u00e0 votre Propri\u00e9t\u00e9, Maison ou Yacht<br>- nous enlevons les Rideaux et les emmenons \u00e0 notre blanchisserie<br>- les Rideaux seront nettoy\u00e9s et rafra\u00eechis et toute la poussi\u00e8re sera enlev\u00e9e<br>- Apr\u00e8s quelques jours, nous ramenons les Rideaux et les remettons en place.<br>- en cas de n\u00e9cessit\u00e9, nous remplacerons les crochets<br>- nous les repasserons et les \u00e9pinglerons comme ils \u00e9taient avant.<\/p>\t\t<\/div>\r\n\r\n\t\t\n\t\t\t\t<\/div><!-- .dslc-module -->\n\t\t\n\t\t<div id=\"dslc-module-e5000c5ee16\" class=\"dslc-module-front dslc-module-DSLC_Info_Box dslc-in-viewport-check dslc-in-viewport-anim-none  dslc-col dslc-12-col dslc-last-col  dslc-module-handle-like-regular \" data-module-id=\"e5000c5ee16\" data-module=\"DSLC_Info_Box\" data-dslc-module-size=\"12\" data-dslc-anim=\"none\" data-dslc-anim-delay=\"\" data-dslc-anim-duration=\"650\"  data-dslc-anim-easing=\"ease\" data-dslc-preset=\"none\" >\n\n\t\t\t\n\t\t\t\n\t\t\n\t\t\t<div class=\"dslc-info-box dslc-info-box-icon-pos-above dslc-info-box-image-pos-above\">\n\n\t\t\t\t<div class=\"dslc-info-box-wrapper\">\n\n\t\t\t\t\t\n\t\t\t\t\t<div class=\"dslc-info-box-main-wrap dslc-clearfix\">\n\n\t\t\t\t\t\t\n\t\t\t\t\t\t\n\t\t\t\t\t\t<div class=\"dslc-info-box-main\">\n\n\t\t\t\t\t\t\t\t\t\t\t\t\t\t\t<div class=\"dslc-info-box-title\">\n\t\t\t\t\t\t\t\t\t\t\t\t\t\t\t\t\t\t\t\t\t\t\t\t\t\t\t\t\t\t<h4 >Si\nvos Rideaux sont dans une autre r\u00e9gion, veuillez nous contacter :<\/h4>\n\t\t\t\t\t\t\t\t\t\t\t\t\t\t\t\t\t\t\t\t\t\t\t\t\t\t\t<\/div><!-- .dslc-info-box-title -->\n\t\t\t\t\t\t\t\n\t\t\t\t\t\t\t\t\t\t\t\t\t\t\t<div class=\"dslc-info-box-content\">\n\t\t\t\t\t\t\t\t\t\t\t\t\t\t\t\t\t\t\t<p><a href=\"mailto:info@DecoBelle.it\">info@DecoBelle.it<\/a><\/p>\t\t\t\t\t\t\t\t\t\t\t\t\t\t\t\t\t<\/div><!-- .dslc-info-box-content -->\n\t\t\t\t\t\t\t\n\t\t\t\t\t\t\t\t\t\t\t\t\t\t\t<div class=\"dslc-info-box-button\">\n\t\t\t\t\t\t\t\t\t\t\t\t\t\t\t\t\t\t\t<a href=\"https:\/\/decobelle.it\/fr\/contact\/\"  target=\"_self\" class=\"dslc-primary \">\n\t\t\t\t\t\t\t\t\t\t\t\t\t\t\t\t\t\t\t\t\t\t\t<span class=\"dslc-icon dslc-icon-\"><\/span>\n\t\t\t\t\t\t\t\t\t\t\t\t\t\t\t\t\t\t\t\t\t\t\t\t\t\t\t\t\t\t\t\t\t\t<span>\n\t\t\t\t\t\t\t\t\t\t\t\t\tCONTACT\u00a0US<span class=\\\"dslca-icon dslc-icon-minus\\\"><\/span><span class=\\\"dslca-module-title\\\"><\/span>\t\t\t\t\t\t\t\t\t\t\t\t<\/span>\n\t\t\t\t\t\t\t\t\t\t\t\t\t\t\t\t\t\t\t\t\t<\/a>\n\t\t\t\t\t\t\t\t\t\t\t\t\t\t\t\t\t\t\t\t\t\t\t\t\t\t<\/div><!-- .dslc-info-box-button -->\n\t\t\t\t\t\t\t\n\t\t\t\t\t\t<\/div><!-- .dslc-info-box-main -->\n\n\t\t\t\t\t<\/div><!-- .dslc-info-box-main-wrap -->\n\n\t\t\t\t<\/div><!-- .dslc-info-box-wrapper -->\n\n\t\t\t<\/div><!-- .dslc-info-box -->\n\n\t\t\n\t\t\t\t<\/div><!-- .dslc-module -->\n\t\t\n\t\t<div id=\"dslc-module-hk2ukn2p3oc\" class=\"dslc-module-front dslc-module-DSLC_Image dslc-in-viewport-check dslc-in-viewport-anim-none  dslc-col dslc-12-col dslc-last-col  dslc-module-handle-like-regular mobi\" data-module-id=\"hk2ukn2p3oc\" data-module=\"DSLC_Image\" data-dslc-module-size=\"12\" data-dslc-anim=\"none\" data-dslc-anim-delay=\"\" data-dslc-anim-duration=\"650\"  data-dslc-anim-easing=\"ease\" data-dslc-preset=\"none\" >\n\n\t\t\t\n\t\t\t\n\t\t\t\t<div class=\"dslc-image-container\">\n\t\t<div class=\"dslc-image\">\n\n\t\t\t\n\t\t\t\t\n\t\t\t\t\t\t\t\t\t<img src=\"https:\/\/decobelle.it\/fr\/wp-content\/uploads\/sites\/3\/2022\/01\/zdjecie-top.jpg\" alt=\"\" title=\"\" srcset=\"https:\/\/decobelle.it\/fr\/wp-content\/uploads\/sites\/3\/2022\/01\/zdjecie-top.jpg 1900w, https:\/\/decobelle.it\/fr\/wp-content\/uploads\/sites\/3\/2022\/01\/zdjecie-top-300x142.jpg 300w, https:\/\/decobelle.it\/fr\/wp-content\/uploads\/sites\/3\/2022\/01\/zdjecie-top-1024x485.jpg 1024w, https:\/\/decobelle.it\/fr\/wp-content\/uploads\/sites\/3\/2022\/01\/zdjecie-top-768x364.jpg 768w, https:\/\/decobelle.it\/fr\/wp-content\/uploads\/sites\/3\/2022\/01\/zdjecie-top-1536x728.jpg 1536w\" sizes=\"(max-width: 1900px) 100vw, 1900px\" \/>\n\t\t\t\t\n\t\t\t\t\t\t\t\t\t<\/div><!-- .dslc-image -->\n\t\t<\/div>\n\t\t\n\t\t\t\t<\/div><!-- .dslc-module -->\n\t\t<\/div><div class=\"dslc-modules-area dslc-col dslc-4-col dslc-last-col dslc-valign-undefined \" data-size=\"4\" data-valign=\"undefined\">\n\t\t<div id=\"dslc-module-687727111bc\" class=\"dslc-module-front dslc-module-DSLC_Image dslc-in-viewport-check dslc-in-viewport-anim-none  dslc-col dslc-12-col dslc-last-col  dslc-module-handle-like-regular mobi2\" data-module-id=\"687727111bc\" data-module=\"DSLC_Image\" data-dslc-module-size=\"12\" data-dslc-anim=\"none\" data-dslc-anim-delay=\"\" data-dslc-anim-duration=\"650\"  data-dslc-anim-easing=\"ease\" data-dslc-preset=\"none\" >\n\n\t\t\t\n\t\t\t\n\t\t\t\t<div class=\"dslc-image-container\">\n\t\t<div class=\"dslc-image\">\n\n\t\t\t\n\t\t\t\t\n\t\t\t\t\t\t\t\t\t<img src=\"https:\/\/decobelle.it\/fr\/wp-content\/uploads\/sites\/3\/2022\/01\/salon_kuchnia_hol_564ddd-1170x600-1.jpg\" alt=\"\" title=\"\" srcset=\"https:\/\/decobelle.it\/fr\/wp-content\/uploads\/sites\/3\/2022\/01\/salon_kuchnia_hol_564ddd-1170x600-1.jpg 1170w, https:\/\/decobelle.it\/fr\/wp-content\/uploads\/sites\/3\/2022\/01\/salon_kuchnia_hol_564ddd-1170x600-1-300x154.jpg 300w, https:\/\/decobelle.it\/fr\/wp-content\/uploads\/sites\/3\/2022\/01\/salon_kuchnia_hol_564ddd-1170x600-1-1024x525.jpg 1024w, https:\/\/decobelle.it\/fr\/wp-content\/uploads\/sites\/3\/2022\/01\/salon_kuchnia_hol_564ddd-1170x600-1-768x394.jpg 768w\" sizes=\"(max-width: 1170px) 100vw, 1170px\" \/>\n\t\t\t\t\n\t\t\t\t\t\t\t\t\t<\/div><!-- .dslc-image -->\n\t\t<\/div>\n\t\t\n\t\t\t\t<\/div><!-- .dslc-module -->\n\t\t\n\t\t<div id=\"dslc-module-f8c7dec915f\" class=\"dslc-module-front dslc-module-DSLC_Separator dslc-in-viewport-check dslc-in-viewport-anim-none  dslc-col dslc-12-col dslc-last-col  dslc-module-handle-like-regular \" data-module-id=\"f8c7dec915f\" data-module=\"DSLC_Separator\" data-dslc-module-size=\"12\" data-dslc-anim=\"none\" data-dslc-anim-delay=\"\" data-dslc-anim-duration=\"650\"  data-dslc-anim-easing=\"ease\" data-dslc-preset=\"none\" >\n\n\t\t\t\n\t\t\t\n\t\t\t\t\t<div class=\"dslc-separator-wrapper\">\n\t\t\t\t<div class=\"dslc-separator dslc-separator-style-invisible\">\n\t\t\t\t\t\t\t\t\t<\/div>\n\t\t\t\t<div><\/div>\n\t\t\t<\/div><!-- .dslc-separator-wrapper -->\n\t\t\t\n\t\t\t\t<\/div><!-- .dslc-module -->\n\t\t\n\t\t<div id=\"dslc-module-f1de56bdcba\" class=\"dslc-module-front dslc-module-DSLC_Image dslc-in-viewport-check dslc-in-viewport-anim-none  dslc-col dslc-12-col dslc-last-col  dslc-module-handle-like-regular mobi2\" data-module-id=\"f1de56bdcba\" data-module=\"DSLC_Image\" data-dslc-module-size=\"12\" data-dslc-anim=\"none\" data-dslc-anim-delay=\"\" data-dslc-anim-duration=\"650\"  data-dslc-anim-easing=\"ease\" data-dslc-preset=\"none\" >\n\n\t\t\t\n\t\t\t\n\t\t\t\t<div class=\"dslc-image-container\">\n\t\t<div class=\"dslc-image\">\n\n\t\t\t\n\t\t\t\t\n\t\t\t\t\t\t\t\t\t<img src=\"https:\/\/decobelle.it\/fr\/wp-content\/uploads\/sites\/3\/2022\/01\/zdjecie-top.jpg\" alt=\"\" title=\"\" srcset=\"https:\/\/decobelle.it\/fr\/wp-content\/uploads\/sites\/3\/2022\/01\/zdjecie-top.jpg 1900w, https:\/\/decobelle.it\/fr\/wp-content\/uploads\/sites\/3\/2022\/01\/zdjecie-top-300x142.jpg 300w, https:\/\/decobelle.it\/fr\/wp-content\/uploads\/sites\/3\/2022\/01\/zdjecie-top-1024x485.jpg 1024w, https:\/\/decobelle.it\/fr\/wp-content\/uploads\/sites\/3\/2022\/01\/zdjecie-top-768x364.jpg 768w, https:\/\/decobelle.it\/fr\/wp-content\/uploads\/sites\/3\/2022\/01\/zdjecie-top-1536x728.jpg 1536w\" sizes=\"(max-width: 1900px) 100vw, 1900px\" \/>\n\t\t\t\t\n\t\t\t\t\t\t\t\t\t<\/div><!-- .dslc-image -->\n\t\t<\/div>\n\t\t\n\t\t\t\t<\/div><!-- .dslc-module -->\n\t\t<\/div><\/div><\/div>\r\n\t\t<div  class=\"dslc-modules-section \" style=\"padding-bottom:0px;padding-top:0px;\" data-section-id=\"62169ebb262\">\r\n\t\t\t\t\r\n\t\t\t\t\r\n\t\t\t\t<div class=\"dslc-modules-section-wrapper dslc-clearfix\"><div class=\"dslc-modules-area dslc-col dslc-12-col dslc-last-col dslc-valign- \" data-size=\"12\" data-valign=\"\">\n\t\t<div id=\"dslc-module-4a257e62ef1\" class=\"dslc-module-front dslc-module-DSLC_Shortcode dslc-in-viewport-check dslc-in-viewport-anim-none  dslc-col dslc-12-col dslc-last-col  dslc-module-handle-like-regular \" data-module-id=\"4a257e62ef1\" data-module=\"DSLC_Shortcode\" data-dslc-module-size=\"12\" data-dslc-anim=\"none\" data-dslc-anim-delay=\"\" data-dslc-anim-duration=\"650\"  data-dslc-anim-easing=\"ease\" data-dslc-preset=\"none\" >\n\n\t\t\t\n\t\t\t\n\t\t\t\t<div class=\"dslc-module-shortcode\">\n\t\t\tngg_shortcode_1_placeholder\t\t<\/div>\n\t\t\n\t\t\t\t<\/div><!-- .dslc-module -->\n\t\t<\/div><\/div><\/div><\/div>","protected":false},"excerpt":{"rendered":"<p>Nettoyage des Rideaux Il est naturel que les Rideaux perdent t\u00f4t ou tard leur puret\u00e9 et leur fra\u00eecheur. Il est donc n\u00e9cessaire de les rafra\u00eechir de temps en temps. Selon le type de Rideaux ou de Voiles, les Rideaux doivent \u00eatre nettoy\u00e9s \u00e0 sec ou \u00e0 l'eau. Avec le nettoyage \u00e0 l'eau, il faut \u00eatre [&hellip;]<\/p>\n","protected":false},"author":1,"featured_media":0,"parent":39,"menu_order":0,"comment_status":"closed","ping_status":"closed","template":"","meta":{"ngg_post_thumbnail":0},"yoast_head":"<!-- This site is optimized with the Yoast SEO plugin v19.13 - https:\/\/yoast.com\/wordpress\/plugins\/seo\/ -->\n<title>Nettoyage des\u00a0Rideaux - FR |Deco Belle - Maison de Rideaux<\/title>\n<meta name=\"robots\" content=\"index, follow, max-snippet:-1, max-image-preview:large, max-video-preview:-1\" \/>\n<link rel=\"canonical\" href=\"https:\/\/decobelle.it\/fr\/service-de-rideaux\/nettoyage-des-rideaux\/\" \/>\n<meta property=\"og:locale\" content=\"fr_FR\" \/>\n<meta property=\"og:type\" content=\"article\" \/>\n<meta property=\"og:title\" content=\"Nettoyage des\u00a0Rideaux - FR |Deco Belle - Maison de Rideaux\" \/>\n<meta property=\"og:description\" content=\"Nettoyage des Rideaux Il est naturel que les Rideaux perdent t\u00f4t ou tard leur puret\u00e9 et leur fra\u00eecheur. Il est donc n\u00e9cessaire de les rafra\u00eechir de temps en temps. Selon le type de Rideaux ou de Voiles, les Rideaux doivent \u00eatre nettoy\u00e9s \u00e0 sec ou \u00e0 l&#039;eau. Avec le nettoyage \u00e0 l&#039;eau, il faut \u00eatre [&hellip;]\" \/>\n<meta property=\"og:url\" content=\"https:\/\/decobelle.it\/fr\/service-de-rideaux\/nettoyage-des-rideaux\/\" \/>\n<meta property=\"og:site_name\" content=\"FR |Deco Belle - Maison de Rideaux\" \/>\n<meta property=\"article:modified_time\" content=\"2022-02-16T12:54:01+00:00\" \/>\n<meta name=\"twitter:card\" content=\"summary_large_image\" \/>\n<script type=\"application\/ld+json\" class=\"yoast-schema-graph\">{\"@context\":\"https:\/\/schema.org\",\"@graph\":[{\"@type\":\"WebPage\",\"@id\":\"https:\/\/decobelle.it\/fr\/service-de-rideaux\/nettoyage-des-rideaux\/\",\"url\":\"https:\/\/decobelle.it\/fr\/service-de-rideaux\/nettoyage-des-rideaux\/\",\"name\":\"Nettoyage des\u00a0Rideaux - FR |Deco Belle - Maison de Rideaux\",\"isPartOf\":{\"@id\":\"https:\/\/decobelle.it\/fr\/#website\"},\"datePublished\":\"2022-01-03T17:45:44+00:00\",\"dateModified\":\"2022-02-16T12:54:01+00:00\",\"breadcrumb\":{\"@id\":\"https:\/\/decobelle.it\/fr\/service-de-rideaux\/nettoyage-des-rideaux\/#breadcrumb\"},\"inLanguage\":\"fr-FR\",\"potentialAction\":[{\"@type\":\"ReadAction\",\"target\":[\"https:\/\/decobelle.it\/fr\/service-de-rideaux\/nettoyage-des-rideaux\/\"]}]},{\"@type\":\"BreadcrumbList\",\"@id\":\"https:\/\/decobelle.it\/fr\/service-de-rideaux\/nettoyage-des-rideaux\/#breadcrumb\",\"itemListElement\":[{\"@type\":\"ListItem\",\"position\":1,\"name\":\"Strona g\u0142\u00f3wna\",\"item\":\"https:\/\/decobelle.it\/fr\/\"},{\"@type\":\"ListItem\",\"position\":2,\"name\":\"Service de\u00a0Rideaux\",\"item\":\"https:\/\/decobelle.it\/fr\/service-de-rideaux\/\"},{\"@type\":\"ListItem\",\"position\":3,\"name\":\"Nettoyage des\u00a0Rideaux\"}]},{\"@type\":\"WebSite\",\"@id\":\"https:\/\/decobelle.it\/fr\/#website\",\"url\":\"https:\/\/decobelle.it\/fr\/\",\"name\":\"FR |Deco Belle - Maison de Rideaux\",\"description\":\"Deco Belle - Maison du Rideaux\",\"potentialAction\":[{\"@type\":\"SearchAction\",\"target\":{\"@type\":\"EntryPoint\",\"urlTemplate\":\"https:\/\/decobelle.it\/fr\/?s={search_term_string}\"},\"query-input\":\"required name=search_term_string\"}],\"inLanguage\":\"fr-FR\"}]}<\/script>\n<!-- \/ Yoast SEO plugin. -->","yoast_head_json":{"title":"Nettoyage des\u00a0Rideaux - FR |Deco Belle - Maison de Rideaux","robots":{"index":"index","follow":"follow","max-snippet":"max-snippet:-1","max-image-preview":"max-image-preview:large","max-video-preview":"max-video-preview:-1"},"canonical":"https:\/\/decobelle.it\/fr\/service-de-rideaux\/nettoyage-des-rideaux\/","og_locale":"fr_FR","og_type":"article","og_title":"Nettoyage des\u00a0Rideaux - FR |Deco Belle - Maison de Rideaux","og_description":"Nettoyage des Rideaux Il est naturel que les Rideaux perdent t\u00f4t ou tard leur puret\u00e9 et leur fra\u00eecheur. Il est donc n\u00e9cessaire de les rafra\u00eechir de temps en temps. Selon le type de Rideaux ou de Voiles, les Rideaux doivent \u00eatre nettoy\u00e9s \u00e0 sec ou \u00e0 l'eau. Avec le nettoyage \u00e0 l'eau, il faut \u00eatre [&hellip;]","og_url":"https:\/\/decobelle.it\/fr\/service-de-rideaux\/nettoyage-des-rideaux\/","og_site_name":"FR |Deco Belle - Maison de Rideaux","article_modified_time":"2022-02-16T12:54:01+00:00","twitter_card":"summary_large_image","schema":{"@context":"https:\/\/schema.org","@graph":[{"@type":"WebPage","@id":"https:\/\/decobelle.it\/fr\/service-de-rideaux\/nettoyage-des-rideaux\/","url":"https:\/\/decobelle.it\/fr\/service-de-rideaux\/nettoyage-des-rideaux\/","name":"Nettoyage des\u00a0Rideaux - FR |Deco Belle - Maison de Rideaux","isPartOf":{"@id":"https:\/\/decobelle.it\/fr\/#website"},"datePublished":"2022-01-03T17:45:44+00:00","dateModified":"2022-02-16T12:54:01+00:00","breadcrumb":{"@id":"https:\/\/decobelle.it\/fr\/service-de-rideaux\/nettoyage-des-rideaux\/#breadcrumb"},"inLanguage":"fr-FR","potentialAction":[{"@type":"ReadAction","target":["https:\/\/decobelle.it\/fr\/service-de-rideaux\/nettoyage-des-rideaux\/"]}]},{"@type":"BreadcrumbList","@id":"https:\/\/decobelle.it\/fr\/service-de-rideaux\/nettoyage-des-rideaux\/#breadcrumb","itemListElement":[{"@type":"ListItem","position":1,"name":"Strona g\u0142\u00f3wna","item":"https:\/\/decobelle.it\/fr\/"},{"@type":"ListItem","position":2,"name":"Service de\u00a0Rideaux","item":"https:\/\/decobelle.it\/fr\/service-de-rideaux\/"},{"@type":"ListItem","position":3,"name":"Nettoyage des\u00a0Rideaux"}]},{"@type":"WebSite","@id":"https:\/\/decobelle.it\/fr\/#website","url":"https:\/\/decobelle.it\/fr\/","name":"FR |Deco Belle - Maison de Rideaux","description":"Deco Belle - Maison du Rideaux","potentialAction":[{"@type":"SearchAction","target":{"@type":"EntryPoint","urlTemplate":"https:\/\/decobelle.it\/fr\/?s={search_term_string}"},"query-input":"required name=search_term_string"}],"inLanguage":"fr-FR"}]}},"_links":{"self":[{"href":"https:\/\/decobelle.it\/fr\/wp-json\/wp\/v2\/pages\/131"}],"collection":[{"href":"https:\/\/decobelle.it\/fr\/wp-json\/wp\/v2\/pages"}],"about":[{"href":"https:\/\/decobelle.it\/fr\/wp-json\/wp\/v2\/types\/page"}],"author":[{"embeddable":true,"href":"https:\/\/decobelle.it\/fr\/wp-json\/wp\/v2\/users\/1"}],"replies":[{"embeddable":true,"href":"https:\/\/decobelle.it\/fr\/wp-json\/wp\/v2\/comments?post=131"}],"version-history":[{"count":2,"href":"https:\/\/decobelle.it\/fr\/wp-json\/wp\/v2\/pages\/131\/revisions"}],"predecessor-version":[{"id":848,"href":"https:\/\/decobelle.it\/fr\/wp-json\/wp\/v2\/pages\/131\/revisions\/848"}],"up":[{"embeddable":true,"href":"https:\/\/decobelle.it\/fr\/wp-json\/wp\/v2\/pages\/39"}],"wp:attachment":[{"href":"https:\/\/decobelle.it\/fr\/wp-json\/wp\/v2\/media?parent=131"}],"curies":[{"name":"wp","href":"https:\/\/api.w.org\/{rel}","templated":true}]}}