{"id":133,"date":"2022-01-03T18:45:52","date_gmt":"2022-01-03T17:45:52","guid":{"rendered":"https:\/\/lidia.secretcats.pl\/fr\/?page_id=133"},"modified":"2022-02-16T14:03:19","modified_gmt":"2022-02-16T13:03:19","slug":"installation-de-rideaux","status":"publish","type":"page","link":"https:\/\/decobelle.it\/fr\/service-de-rideaux\/installation-de-rideaux\/","title":{"rendered":"Installation de\u00a0Rideaux"},"content":{"rendered":"<div id=\"dslc-main\">\r\n\t\t<div id=\"curtains-&-voiles-for-yachts\" class=\"dslc-modules-section \" style=\"padding-bottom:90px;padding-top:90px;\" data-section-id=\"d70c3f2f073\">\r\n\t\t\t\t\r\n\t\t\t\t\r\n\t\t\t\t<div class=\"dslc-modules-section-wrapper dslc-clearfix\"><div class=\"dslc-modules-area dslc-col dslc-8-col dslc-first-col dslc-valign- \" data-size=\"8\" data-valign=\"\">\n\t\t<div id=\"dslc-module-047d33178dc\" class=\"dslc-module-front dslc-module-DSLC_Text_Simple dslc-in-viewport-check dslc-in-viewport-anim-none  dslc-col dslc-12-col dslc-last-col  dslc-module-handle-like-regular \" data-module-id=\"047d33178dc\" data-module=\"DSLC_Text_Simple\" data-dslc-module-size=\"12\" data-dslc-anim=\"none\" data-dslc-anim-delay=\"\" data-dslc-anim-duration=\"650\"  data-dslc-anim-easing=\"ease\" data-dslc-preset=\"none\" >\n\n\t\t\t\n\t\t\t\n\t\t\r\n\t\t<div class=\"dslc-text-module-content\">\r\n\t\t\t<h1>Installation de Rideaux<\/h1>\t\t<\/div>\r\n\r\n\t\t\n\t\t\t\t<\/div><!-- .dslc-module -->\n\t\t\n\t\t<div id=\"dslc-module-af51df9b241\" class=\"dslc-module-front dslc-module-DSLC_Separator dslc-in-viewport-check dslc-in-viewport-anim-none  dslc-col dslc-12-col dslc-last-col  dslc-module-handle-like-regular \" data-module-id=\"af51df9b241\" data-module=\"DSLC_Separator\" data-dslc-module-size=\"12\" data-dslc-anim=\"none\" data-dslc-anim-delay=\"\" data-dslc-anim-duration=\"650\"  data-dslc-anim-easing=\"ease\" data-dslc-preset=\"none\" >\n\n\t\t\t\n\t\t\t\n\t\t\t\t\t<div class=\"dslc-separator-wrapper\">\n\t\t\t\t<div class=\"dslc-separator dslc-separator-style-invisible\">\n\t\t\t\t\t\t\t\t\t<\/div>\n\t\t\t\t<div><\/div>\n\t\t\t<\/div><!-- .dslc-separator-wrapper -->\n\t\t\t\n\t\t\t\t<\/div><!-- .dslc-module -->\n\t\t\n\t\t<div id=\"dslc-module-0sdbh46uk6o\" class=\"dslc-module-front dslc-module-DSLC_Image dslc-in-viewport-check dslc-in-viewport-anim-none  dslc-col dslc-12-col dslc-last-col  dslc-module-handle-like-regular mobi\" data-module-id=\"0sdbh46uk6o\" data-module=\"DSLC_Image\" data-dslc-module-size=\"12\" data-dslc-anim=\"none\" data-dslc-anim-delay=\"\" data-dslc-anim-duration=\"650\"  data-dslc-anim-easing=\"ease\" data-dslc-preset=\"none\" >\n\n\t\t\t\n\t\t\t\n\t\t\t\t<div class=\"dslc-image-container\">\n\t\t<div class=\"dslc-image\">\n\n\t\t\t\n\t\t\t\t\n\t\t\t\t\t\t\t\t\t<img src=\"https:\/\/decobelle.it\/fr\/wp-content\/uploads\/sites\/3\/2022\/06\/installation-de-rideaux.jpg\" alt=\"\" title=\"\" srcset=\"https:\/\/decobelle.it\/fr\/wp-content\/uploads\/sites\/3\/2022\/06\/installation-de-rideaux.jpg 594w, https:\/\/decobelle.it\/fr\/wp-content\/uploads\/sites\/3\/2022\/06\/installation-de-rideaux-211x300.jpg 211w\" sizes=\"(max-width: 594px) 100vw, 594px\" \/>\n\t\t\t\t\n\t\t\t\t\t\t\t\t\t<\/div><!-- .dslc-image -->\n\t\t<\/div>\n\t\t\n\t\t\t\t<\/div><!-- .dslc-module -->\n\t\t\n\t\t<div id=\"dslc-module-4e52c6bb21a\" class=\"dslc-module-front dslc-module-DSLC_Separator dslc-in-viewport-check dslc-in-viewport-anim-none  dslc-col dslc-12-col dslc-last-col dslc-hide-on-desktop dslc-hide-on-tablet  dslc-module-handle-like-regular \" data-module-id=\"4e52c6bb21a\" data-module=\"DSLC_Separator\" data-dslc-module-size=\"12\" data-dslc-anim=\"none\" data-dslc-anim-delay=\"\" data-dslc-anim-duration=\"650\"  data-dslc-anim-easing=\"ease\" data-dslc-preset=\"none\" >\n\n\t\t\t\n\t\t\t\n\t\t\t\t\t<div class=\"dslc-separator-wrapper\">\n\t\t\t\t<div class=\"dslc-separator dslc-separator-style-invisible\">\n\t\t\t\t\t\t\t\t\t<\/div>\n\t\t\t\t<div><\/div>\n\t\t\t<\/div><!-- .dslc-separator-wrapper -->\n\t\t\t\n\t\t\t\t<\/div><!-- .dslc-module -->\n\t\t\n\t\t<div id=\"dslc-module-d7e6db1372c\" class=\"dslc-module-front dslc-module-DSLC_Text_Simple dslc-in-viewport-check dslc-in-viewport-anim-none  dslc-col dslc-12-col dslc-last-col  dslc-module-handle-like-regular \" data-module-id=\"d7e6db1372c\" data-module=\"DSLC_Text_Simple\" data-dslc-module-size=\"12\" data-dslc-anim=\"none\" data-dslc-anim-delay=\"\" data-dslc-anim-duration=\"650\"  data-dslc-anim-easing=\"ease\" data-dslc-preset=\"none\" >\n\n\t\t\t\n\t\t\t\n\t\t\r\n\t\t<div class=\"dslc-text-module-content\">\r\n\t\t\t<p>Pour nos Clients, nous offrons le service d'installation de Rideaux et de Tringles \u00e0 Rideaux ou de Rails dans votre Propri\u00e9t\u00e9 Priv\u00e9e ou Publique, ou sur votre Yacht Priv\u00e9.<\/p><p>Nous offrons \u00e9galement des services d'installation pour les Clients qui poss\u00e8dent d\u00e9j\u00e0 des Rideaux ou des Tringles \u00e0 Rideaux ou des Rails, mais qui ont besoin d'un service professionnel pour leur installation.<br>Nous comprenons combien il peut \u00eatre difficile d'installer des Tringles \u00e0 Rideaux, des Rails, des Crochets \u00e0 Rideaux, de suspendre des Voiles ou des Rideaux, de les \u00e9pingler correctement et de les repasser.<\/p><p>Par cons\u00e9quent, pour aider nos Clients, nous offrons un Service professionnel d'installation de Rideaux.<br>Si votre lieu de r\u00e9sidence, o\u00f9 vous souhaitez que nous installions vos rideaux, est situ\u00e9 en France, notamment dans le sud de la France et sur la C\u00f4te d'Azur, \u00e0 Monaco ou en Italie, nous installerons vos Rideaux chez vous.<br>Pour les Clients, \u00e0 qui nous livrons des Rideaux et des Rails de Rideaux, nous fournissons un service d'installation dans toute l'Europe et en dehors de l'Europe \u00e9galement.<\/p>\t\t<\/div>\r\n\r\n\t\t\n\t\t\t\t<\/div><!-- .dslc-module -->\n\t\t\n\t\t<div id=\"dslc-module-2b30da70871\" class=\"dslc-module-front dslc-module-DSLC_Info_Box dslc-in-viewport-check dslc-in-viewport-anim-none  dslc-col dslc-12-col dslc-last-col  dslc-module-handle-like-regular \" data-module-id=\"2b30da70871\" data-module=\"DSLC_Info_Box\" data-dslc-module-size=\"12\" data-dslc-anim=\"none\" data-dslc-anim-delay=\"\" data-dslc-anim-duration=\"650\"  data-dslc-anim-easing=\"ease\" data-dslc-preset=\"none\" >\n\n\t\t\t\n\t\t\t\n\t\t\n\t\t\t<div class=\"dslc-info-box dslc-info-box-icon-pos-above dslc-info-box-image-pos-above\">\n\n\t\t\t\t<div class=\"dslc-info-box-wrapper\">\n\n\t\t\t\t\t\n\t\t\t\t\t<div class=\"dslc-info-box-main-wrap dslc-clearfix\">\n\n\t\t\t\t\t\t\n\t\t\t\t\t\t\n\t\t\t\t\t\t<div class=\"dslc-info-box-main\">\n\n\t\t\t\t\t\t\t\t\t\t\t\t\t\t\t<div class=\"dslc-info-box-title\">\n\t\t\t\t\t\t\t\t\t\t\t\t\t\t\t\t\t\t\t\t\t\t\t\t\t\t\t\t\t\t<h4 >Demandez\nun devis gratuit<\/h4>\n\t\t\t\t\t\t\t\t\t\t\t\t\t\t\t\t\t\t\t\t\t\t\t\t\t\t\t<\/div><!-- .dslc-info-box-title -->\n\t\t\t\t\t\t\t\n\t\t\t\t\t\t\t\t\t\t\t\t\t\t\t<div class=\"dslc-info-box-content\">\n\t\t\t\t\t\t\t\t\t\t\t\t\t\t\t\t\t\t\t<p><a href=\"mailto:info@DecoBelle.it\">info@DecoBelle.it<\/a><\/p>\t\t\t\t\t\t\t\t\t\t\t\t\t\t\t\t\t<\/div><!-- .dslc-info-box-content -->\n\t\t\t\t\t\t\t\n\t\t\t\t\t\t\t\t\t\t\t\t\t\t\t<div class=\"dslc-info-box-button\">\n\t\t\t\t\t\t\t\t\t\t\t\t\t\t\t\t\t\t\t<a href=\"https:\/\/decobelle.it\/fr\/contact\/\"  target=\"_self\" class=\"dslc-primary \">\n\t\t\t\t\t\t\t\t\t\t\t\t\t\t\t\t\t\t\t\t\t\t\t<span class=\"dslc-icon dslc-icon-\"><\/span>\n\t\t\t\t\t\t\t\t\t\t\t\t\t\t\t\t\t\t\t\t\t\t\t\t\t\t\t\t\t\t\t\t\t\t<span>\n\t\t\t\t\t\t\t\t\t\t\t\t\tCONTACT US\t\t\t\t\t\t\t\t\t\t\t\t<\/span>\n\t\t\t\t\t\t\t\t\t\t\t\t\t\t\t\t\t\t\t\t\t<\/a>\n\t\t\t\t\t\t\t\t\t\t\t\t\t\t\t\t\t\t\t\t\t\t\t\t\t\t<\/div><!-- .dslc-info-box-button -->\n\t\t\t\t\t\t\t\n\t\t\t\t\t\t<\/div><!-- .dslc-info-box-main -->\n\n\t\t\t\t\t<\/div><!-- .dslc-info-box-main-wrap -->\n\n\t\t\t\t<\/div><!-- .dslc-info-box-wrapper -->\n\n\t\t\t<\/div><!-- .dslc-info-box -->\n\n\t\t\n\t\t\t\t<\/div><!-- .dslc-module -->\n\t\t<\/div><div class=\"dslc-modules-area dslc-col dslc-4-col dslc-last-col dslc-valign-undefined \" data-size=\"4\" data-valign=\"undefined\">\n\t\t<div id=\"dslc-module-8047165c871\" class=\"dslc-module-front dslc-module-DSLC_Image dslc-in-viewport-check dslc-in-viewport-anim-none  dslc-col dslc-12-col dslc-last-col  dslc-module-handle-like-regular mobi2\" data-module-id=\"8047165c871\" data-module=\"DSLC_Image\" data-dslc-module-size=\"12\" data-dslc-anim=\"none\" data-dslc-anim-delay=\"\" data-dslc-anim-duration=\"650\"  data-dslc-anim-easing=\"ease\" data-dslc-preset=\"none\" >\n\n\t\t\t\n\t\t\t\n\t\t\t\t<div class=\"dslc-image-container\">\n\t\t<div class=\"dslc-image\">\n\n\t\t\t\n\t\t\t\t\n\t\t\t\t\t\t\t\t\t<img src=\"https:\/\/decobelle.it\/fr\/wp-content\/uploads\/sites\/3\/2022\/06\/installation-de-rideaux.jpg\" alt=\"\" title=\"\" srcset=\"https:\/\/decobelle.it\/fr\/wp-content\/uploads\/sites\/3\/2022\/06\/installation-de-rideaux.jpg 594w, https:\/\/decobelle.it\/fr\/wp-content\/uploads\/sites\/3\/2022\/06\/installation-de-rideaux-211x300.jpg 211w\" sizes=\"(max-width: 594px) 100vw, 594px\" \/>\n\t\t\t\t\n\t\t\t\t\t\t\t\t\t<\/div><!-- .dslc-image -->\n\t\t<\/div>\n\t\t\n\t\t\t\t<\/div><!-- .dslc-module -->\n\t\t<\/div><\/div><\/div>\r\n\t\t<div  class=\"dslc-modules-section \" style=\"padding-bottom:0px;padding-top:0px;\" data-section-id=\"4d632d645c8\">\r\n\t\t\t\t\r\n\t\t\t\t\r\n\t\t\t\t<div class=\"dslc-modules-section-wrapper dslc-clearfix\"><div class=\"dslc-modules-area dslc-col dslc-12-col dslc-last-col dslc-valign- \" data-size=\"12\" data-valign=\"\">\n\t\t<div id=\"dslc-module-aad3ea55f0d\" class=\"dslc-module-front dslc-module-DSLC_Shortcode dslc-in-viewport-check dslc-in-viewport-anim-none  dslc-col dslc-12-col dslc-last-col  dslc-module-handle-like-regular \" data-module-id=\"aad3ea55f0d\" data-module=\"DSLC_Shortcode\" data-dslc-module-size=\"12\" data-dslc-anim=\"none\" data-dslc-anim-delay=\"\" data-dslc-anim-duration=\"650\"  data-dslc-anim-easing=\"ease\" data-dslc-preset=\"none\" >\n\n\t\t\t\n\t\t\t\n\t\t\t\t<div class=\"dslc-module-shortcode\">\n\t\t\tngg_shortcode_1_placeholder\t\t<\/div>\n\t\t\n\t\t\t\t<\/div><!-- .dslc-module -->\n\t\t<\/div><\/div><\/div><\/div>","protected":false},"excerpt":{"rendered":"<p>Installation de Rideaux Pour nos Clients, nous offrons le service d'installation de Rideaux et de Tringles \u00e0 Rideaux ou de Rails dans votre Propri\u00e9t\u00e9 Priv\u00e9e ou Publique, ou sur votre Yacht Priv\u00e9.Nous offrons \u00e9galement des services d'installation pour les Clients qui poss\u00e8dent d\u00e9j\u00e0 des Rideaux ou des Tringles \u00e0 Rideaux ou des Rails, mais qui [&hellip;]<\/p>\n","protected":false},"author":1,"featured_media":0,"parent":39,"menu_order":0,"comment_status":"closed","ping_status":"closed","template":"","meta":{"ngg_post_thumbnail":0},"yoast_head":"<!-- This site is optimized with the Yoast SEO plugin v19.13 - https:\/\/yoast.com\/wordpress\/plugins\/seo\/ -->\n<title>Installation de\u00a0Rideaux - FR |Deco Belle - Maison de Rideaux<\/title>\n<meta name=\"robots\" content=\"index, follow, max-snippet:-1, max-image-preview:large, max-video-preview:-1\" \/>\n<link rel=\"canonical\" href=\"https:\/\/decobelle.it\/fr\/service-de-rideaux\/installation-de-rideaux\/\" \/>\n<meta property=\"og:locale\" content=\"fr_FR\" \/>\n<meta property=\"og:type\" content=\"article\" \/>\n<meta property=\"og:title\" content=\"Installation de\u00a0Rideaux - FR |Deco Belle - Maison de Rideaux\" \/>\n<meta property=\"og:description\" content=\"Installation de Rideaux Pour nos Clients, nous offrons le service d&#039;installation de Rideaux et de Tringles \u00e0 Rideaux ou de Rails dans votre Propri\u00e9t\u00e9 Priv\u00e9e ou Publique, ou sur votre Yacht Priv\u00e9.Nous offrons \u00e9galement des services d&#039;installation pour les Clients qui poss\u00e8dent d\u00e9j\u00e0 des Rideaux ou des Tringles \u00e0 Rideaux ou des Rails, mais qui [&hellip;]\" \/>\n<meta property=\"og:url\" content=\"https:\/\/decobelle.it\/fr\/service-de-rideaux\/installation-de-rideaux\/\" \/>\n<meta property=\"og:site_name\" content=\"FR |Deco Belle - Maison de Rideaux\" \/>\n<meta property=\"article:modified_time\" content=\"2022-02-16T13:03:19+00:00\" \/>\n<meta name=\"twitter:card\" content=\"summary_large_image\" \/>\n<script type=\"application\/ld+json\" class=\"yoast-schema-graph\">{\"@context\":\"https:\/\/schema.org\",\"@graph\":[{\"@type\":\"WebPage\",\"@id\":\"https:\/\/decobelle.it\/fr\/service-de-rideaux\/installation-de-rideaux\/\",\"url\":\"https:\/\/decobelle.it\/fr\/service-de-rideaux\/installation-de-rideaux\/\",\"name\":\"Installation de\u00a0Rideaux - FR |Deco Belle - Maison de Rideaux\",\"isPartOf\":{\"@id\":\"https:\/\/decobelle.it\/fr\/#website\"},\"datePublished\":\"2022-01-03T17:45:52+00:00\",\"dateModified\":\"2022-02-16T13:03:19+00:00\",\"breadcrumb\":{\"@id\":\"https:\/\/decobelle.it\/fr\/service-de-rideaux\/installation-de-rideaux\/#breadcrumb\"},\"inLanguage\":\"fr-FR\",\"potentialAction\":[{\"@type\":\"ReadAction\",\"target\":[\"https:\/\/decobelle.it\/fr\/service-de-rideaux\/installation-de-rideaux\/\"]}]},{\"@type\":\"BreadcrumbList\",\"@id\":\"https:\/\/decobelle.it\/fr\/service-de-rideaux\/installation-de-rideaux\/#breadcrumb\",\"itemListElement\":[{\"@type\":\"ListItem\",\"position\":1,\"name\":\"Strona g\u0142\u00f3wna\",\"item\":\"https:\/\/decobelle.it\/fr\/\"},{\"@type\":\"ListItem\",\"position\":2,\"name\":\"Service de\u00a0Rideaux\",\"item\":\"https:\/\/decobelle.it\/fr\/service-de-rideaux\/\"},{\"@type\":\"ListItem\",\"position\":3,\"name\":\"Installation de\u00a0Rideaux\"}]},{\"@type\":\"WebSite\",\"@id\":\"https:\/\/decobelle.it\/fr\/#website\",\"url\":\"https:\/\/decobelle.it\/fr\/\",\"name\":\"FR |Deco Belle - Maison de Rideaux\",\"description\":\"Deco Belle - Maison du Rideaux\",\"potentialAction\":[{\"@type\":\"SearchAction\",\"target\":{\"@type\":\"EntryPoint\",\"urlTemplate\":\"https:\/\/decobelle.it\/fr\/?s={search_term_string}\"},\"query-input\":\"required name=search_term_string\"}],\"inLanguage\":\"fr-FR\"}]}<\/script>\n<!-- \/ Yoast SEO plugin. -->","yoast_head_json":{"title":"Installation de\u00a0Rideaux - FR |Deco Belle - Maison de Rideaux","robots":{"index":"index","follow":"follow","max-snippet":"max-snippet:-1","max-image-preview":"max-image-preview:large","max-video-preview":"max-video-preview:-1"},"canonical":"https:\/\/decobelle.it\/fr\/service-de-rideaux\/installation-de-rideaux\/","og_locale":"fr_FR","og_type":"article","og_title":"Installation de\u00a0Rideaux - FR |Deco Belle - Maison de Rideaux","og_description":"Installation de Rideaux Pour nos Clients, nous offrons le service d'installation de Rideaux et de Tringles \u00e0 Rideaux ou de Rails dans votre Propri\u00e9t\u00e9 Priv\u00e9e ou Publique, ou sur votre Yacht Priv\u00e9.Nous offrons \u00e9galement des services d'installation pour les Clients qui poss\u00e8dent d\u00e9j\u00e0 des Rideaux ou des Tringles \u00e0 Rideaux ou des Rails, mais qui [&hellip;]","og_url":"https:\/\/decobelle.it\/fr\/service-de-rideaux\/installation-de-rideaux\/","og_site_name":"FR |Deco Belle - Maison de Rideaux","article_modified_time":"2022-02-16T13:03:19+00:00","twitter_card":"summary_large_image","schema":{"@context":"https:\/\/schema.org","@graph":[{"@type":"WebPage","@id":"https:\/\/decobelle.it\/fr\/service-de-rideaux\/installation-de-rideaux\/","url":"https:\/\/decobelle.it\/fr\/service-de-rideaux\/installation-de-rideaux\/","name":"Installation de\u00a0Rideaux - FR |Deco Belle - Maison de Rideaux","isPartOf":{"@id":"https:\/\/decobelle.it\/fr\/#website"},"datePublished":"2022-01-03T17:45:52+00:00","dateModified":"2022-02-16T13:03:19+00:00","breadcrumb":{"@id":"https:\/\/decobelle.it\/fr\/service-de-rideaux\/installation-de-rideaux\/#breadcrumb"},"inLanguage":"fr-FR","potentialAction":[{"@type":"ReadAction","target":["https:\/\/decobelle.it\/fr\/service-de-rideaux\/installation-de-rideaux\/"]}]},{"@type":"BreadcrumbList","@id":"https:\/\/decobelle.it\/fr\/service-de-rideaux\/installation-de-rideaux\/#breadcrumb","itemListElement":[{"@type":"ListItem","position":1,"name":"Strona g\u0142\u00f3wna","item":"https:\/\/decobelle.it\/fr\/"},{"@type":"ListItem","position":2,"name":"Service de\u00a0Rideaux","item":"https:\/\/decobelle.it\/fr\/service-de-rideaux\/"},{"@type":"ListItem","position":3,"name":"Installation de\u00a0Rideaux"}]},{"@type":"WebSite","@id":"https:\/\/decobelle.it\/fr\/#website","url":"https:\/\/decobelle.it\/fr\/","name":"FR |Deco Belle - Maison de Rideaux","description":"Deco Belle - Maison du Rideaux","potentialAction":[{"@type":"SearchAction","target":{"@type":"EntryPoint","urlTemplate":"https:\/\/decobelle.it\/fr\/?s={search_term_string}"},"query-input":"required name=search_term_string"}],"inLanguage":"fr-FR"}]}},"_links":{"self":[{"href":"https:\/\/decobelle.it\/fr\/wp-json\/wp\/v2\/pages\/133"}],"collection":[{"href":"https:\/\/decobelle.it\/fr\/wp-json\/wp\/v2\/pages"}],"about":[{"href":"https:\/\/decobelle.it\/fr\/wp-json\/wp\/v2\/types\/page"}],"author":[{"embeddable":true,"href":"https:\/\/decobelle.it\/fr\/wp-json\/wp\/v2\/users\/1"}],"replies":[{"embeddable":true,"href":"https:\/\/decobelle.it\/fr\/wp-json\/wp\/v2\/comments?post=133"}],"version-history":[{"count":2,"href":"https:\/\/decobelle.it\/fr\/wp-json\/wp\/v2\/pages\/133\/revisions"}],"predecessor-version":[{"id":853,"href":"https:\/\/decobelle.it\/fr\/wp-json\/wp\/v2\/pages\/133\/revisions\/853"}],"up":[{"embeddable":true,"href":"https:\/\/decobelle.it\/fr\/wp-json\/wp\/v2\/pages\/39"}],"wp:attachment":[{"href":"https:\/\/decobelle.it\/fr\/wp-json\/wp\/v2\/media?parent=133"}],"curies":[{"name":"wp","href":"https:\/\/api.w.org\/{rel}","templated":true}]}}