{"id":135,"date":"2022-01-03T18:46:01","date_gmt":"2022-01-03T17:46:01","guid":{"rendered":"https:\/\/lidia.secretcats.pl\/fr\/?page_id=135"},"modified":"2022-02-16T14:05:12","modified_gmt":"2022-02-16T13:05:12","slug":"raccourcissement-de-rideaux","status":"publish","type":"page","link":"https:\/\/decobelle.it\/fr\/service-de-rideaux\/raccourcissement-de-rideaux\/","title":{"rendered":"Raccourcissement de\u00a0Rideaux"},"content":{"rendered":"<div id=\"dslc-main\">\r\n\t\t<div id=\"curtains-&-voiles-for-yachts\" class=\"dslc-modules-section \" style=\"padding-bottom:90px;padding-top:90px;\" data-section-id=\"137f9d3b74c\">\r\n\t\t\t\t\r\n\t\t\t\t\r\n\t\t\t\t<div class=\"dslc-modules-section-wrapper dslc-clearfix\"><div class=\"dslc-modules-area dslc-col dslc-8-col dslc-first-col dslc-valign- \" data-size=\"8\" data-valign=\"\">\n\t\t<div id=\"dslc-module-4e319103401\" class=\"dslc-module-front dslc-module-DSLC_Text_Simple dslc-in-viewport-check dslc-in-viewport-anim-none  dslc-col dslc-12-col dslc-last-col  dslc-module-handle-like-regular \" data-module-id=\"4e319103401\" data-module=\"DSLC_Text_Simple\" data-dslc-module-size=\"12\" data-dslc-anim=\"none\" data-dslc-anim-delay=\"\" data-dslc-anim-duration=\"650\"  data-dslc-anim-easing=\"ease\" data-dslc-preset=\"none\" >\n\n\t\t\t\n\t\t\t\n\t\t\r\n\t\t<div class=\"dslc-text-module-content\">\r\n\t\t\t<h1>Raccourcissement de Rideaux<\/h1>\t\t<\/div>\r\n\r\n\t\t\n\t\t\t\t<\/div><!-- .dslc-module -->\n\t\t\n\t\t<div id=\"dslc-module-b6461d85ec2\" class=\"dslc-module-front dslc-module-DSLC_Separator dslc-in-viewport-check dslc-in-viewport-anim-none  dslc-col dslc-12-col dslc-last-col  dslc-module-handle-like-regular \" data-module-id=\"b6461d85ec2\" data-module=\"DSLC_Separator\" data-dslc-module-size=\"12\" data-dslc-anim=\"none\" data-dslc-anim-delay=\"\" data-dslc-anim-duration=\"650\"  data-dslc-anim-easing=\"ease\" data-dslc-preset=\"none\" >\n\n\t\t\t\n\t\t\t\n\t\t\t\t\t<div class=\"dslc-separator-wrapper\">\n\t\t\t\t<div class=\"dslc-separator dslc-separator-style-invisible\">\n\t\t\t\t\t\t\t\t\t<\/div>\n\t\t\t\t<div><\/div>\n\t\t\t<\/div><!-- .dslc-separator-wrapper -->\n\t\t\t\n\t\t\t\t<\/div><!-- .dslc-module -->\n\t\t\n\t\t<div id=\"dslc-module-8rsmi6oseio\" class=\"dslc-module-front dslc-module-DSLC_Image dslc-in-viewport-check dslc-in-viewport-anim-none  dslc-col dslc-12-col dslc-last-col  dslc-module-handle-like-regular mobi\" data-module-id=\"8rsmi6oseio\" data-module=\"DSLC_Image\" data-dslc-module-size=\"12\" data-dslc-anim=\"none\" data-dslc-anim-delay=\"\" data-dslc-anim-duration=\"650\"  data-dslc-anim-easing=\"ease\" data-dslc-preset=\"none\" >\n\n\t\t\t\n\t\t\t\n\t\t\t\t<div class=\"dslc-image-container\">\n\t\t<div class=\"dslc-image\">\n\n\t\t\t\n\t\t\t\t\n\t\t\t\t\t\t\t\t\t<img src=\"https:\/\/decobelle.it\/fr\/wp-content\/uploads\/sites\/3\/2022\/01\/salon_kuchnia_hol_564ddd-1170x600-1.jpg\" alt=\"\" title=\"\" srcset=\"https:\/\/decobelle.it\/fr\/wp-content\/uploads\/sites\/3\/2022\/01\/salon_kuchnia_hol_564ddd-1170x600-1.jpg 1170w, https:\/\/decobelle.it\/fr\/wp-content\/uploads\/sites\/3\/2022\/01\/salon_kuchnia_hol_564ddd-1170x600-1-300x154.jpg 300w, https:\/\/decobelle.it\/fr\/wp-content\/uploads\/sites\/3\/2022\/01\/salon_kuchnia_hol_564ddd-1170x600-1-1024x525.jpg 1024w, https:\/\/decobelle.it\/fr\/wp-content\/uploads\/sites\/3\/2022\/01\/salon_kuchnia_hol_564ddd-1170x600-1-768x394.jpg 768w\" sizes=\"(max-width: 1170px) 100vw, 1170px\" \/>\n\t\t\t\t\n\t\t\t\t\t\t\t\t\t<\/div><!-- .dslc-image -->\n\t\t<\/div>\n\t\t\n\t\t\t\t<\/div><!-- .dslc-module -->\n\t\t\n\t\t<div id=\"dslc-module-e4458c9ef15\" class=\"dslc-module-front dslc-module-DSLC_Separator dslc-in-viewport-check dslc-in-viewport-anim-none  dslc-col dslc-12-col dslc-last-col dslc-hide-on-desktop dslc-hide-on-tablet  dslc-module-handle-like-regular \" data-module-id=\"e4458c9ef15\" data-module=\"DSLC_Separator\" data-dslc-module-size=\"12\" data-dslc-anim=\"none\" data-dslc-anim-delay=\"\" data-dslc-anim-duration=\"650\"  data-dslc-anim-easing=\"ease\" data-dslc-preset=\"none\" >\n\n\t\t\t\n\t\t\t\n\t\t\t\t\t<div class=\"dslc-separator-wrapper\">\n\t\t\t\t<div class=\"dslc-separator dslc-separator-style-invisible\">\n\t\t\t\t\t\t\t\t\t<\/div>\n\t\t\t\t<div><\/div>\n\t\t\t<\/div><!-- .dslc-separator-wrapper -->\n\t\t\t\n\t\t\t\t<\/div><!-- .dslc-module -->\n\t\t\n\t\t<div id=\"dslc-module-259b927eb2b\" class=\"dslc-module-front dslc-module-DSLC_Text_Simple dslc-in-viewport-check dslc-in-viewport-anim-none  dslc-col dslc-12-col dslc-last-col  dslc-module-handle-like-regular \" data-module-id=\"259b927eb2b\" data-module=\"DSLC_Text_Simple\" data-dslc-module-size=\"12\" data-dslc-anim=\"none\" data-dslc-anim-delay=\"\" data-dslc-anim-duration=\"650\"  data-dslc-anim-easing=\"ease\" data-dslc-preset=\"none\" >\n\n\t\t\t\n\t\t\t\n\t\t\r\n\t\t<div class=\"dslc-text-module-content\">\r\n\t\t\t<p>Vous venez de d\u00e9m\u00e9nager et vous avez d\u00e9cid\u00e9 d'emmener vos Rideaux pr\u00e9f\u00e9r\u00e9s dans un nouvel endroit. Cependant, il s'av\u00e8re que vos Rideaux sont trop longs ou trop courts ? Vous n'\u00eates pas oblig\u00e9 de les jeter. Vous pouvez nous charger de les adapter \u00e0 votre nouvel int\u00e9rieur. S'ils sont trop longs, nous pouvons facilement les raccourcir. S'ils sont trop courts, nous trouverons une solution pour les rallonger. Notre \u00e9quipe de professionnels sait exactement comment le faire.<\/p><p>Vous pouvez nous apporter vos Rideaux, les envoyer par courrier ou nous demander de venir les chercher et de prendre les mesures afin qu'apr\u00e8s la retouche, vos Rideaux s'adaptent parfaitement \u00e0 votre nouvel int\u00e9rieur.<\/p>\t\t<\/div>\r\n\r\n\t\t\n\t\t\t\t<\/div><!-- .dslc-module -->\n\t\t\n\t\t<div id=\"dslc-module-d68ba77a11f\" class=\"dslc-module-front dslc-module-DSLC_Info_Box dslc-in-viewport-check dslc-in-viewport-anim-none  dslc-col dslc-12-col dslc-last-col  dslc-module-handle-like-regular \" data-module-id=\"d68ba77a11f\" data-module=\"DSLC_Info_Box\" data-dslc-module-size=\"12\" data-dslc-anim=\"none\" data-dslc-anim-delay=\"\" data-dslc-anim-duration=\"650\"  data-dslc-anim-easing=\"ease\" data-dslc-preset=\"none\" >\n\n\t\t\t\n\t\t\t\n\t\t\n\t\t\t<div class=\"dslc-info-box dslc-info-box-icon-pos-above dslc-info-box-image-pos-above\">\n\n\t\t\t\t<div class=\"dslc-info-box-wrapper\">\n\n\t\t\t\t\t\n\t\t\t\t\t<div class=\"dslc-info-box-main-wrap dslc-clearfix\">\n\n\t\t\t\t\t\t\n\t\t\t\t\t\t\n\t\t\t\t\t\t<div class=\"dslc-info-box-main\">\n\n\t\t\t\t\t\t\t\n\t\t\t\t\t\t\t\t\t\t\t\t\t\t\t<div class=\"dslc-info-box-content\">\n\t\t\t\t\t\t\t\t\t\t\t\t\t\t\t\t\t\t\t<p>Conseil & Devis Gratuits<\/p>\t\t\t\t\t\t\t\t\t\t\t\t\t\t\t\t\t<\/div><!-- .dslc-info-box-content -->\n\t\t\t\t\t\t\t\n\t\t\t\t\t\t\t\t\t\t\t\t\t\t\t<div class=\"dslc-info-box-button\">\n\t\t\t\t\t\t\t\t\t\t\t\t\t\t\t\t\t\t\t<a href=\"https:\/\/decobelle.it\/fr\/contact\/\"  target=\"_self\" class=\"dslc-primary \">\n\t\t\t\t\t\t\t\t\t\t\t\t\t\t\t\t\t\t\t\t\t\t\t<span class=\"dslc-icon dslc-icon-\"><\/span>\n\t\t\t\t\t\t\t\t\t\t\t\t\t\t\t\t\t\t\t\t\t\t\t\t\t\t\t\t\t\t\t\t\t\t<span>\n\t\t\t\t\t\t\t\t\t\t\t\t\tPrendre Rendez-Vous\t\t\t\t\t\t\t\t\t\t\t\t<\/span>\n\t\t\t\t\t\t\t\t\t\t\t\t\t\t\t\t\t\t\t\t\t<\/a>\n\t\t\t\t\t\t\t\t\t\t\t\t\t\t\t\t\t\t\t\t\t\t\t\t\t\t<\/div><!-- .dslc-info-box-button -->\n\t\t\t\t\t\t\t\n\t\t\t\t\t\t<\/div><!-- .dslc-info-box-main -->\n\n\t\t\t\t\t<\/div><!-- .dslc-info-box-main-wrap -->\n\n\t\t\t\t<\/div><!-- .dslc-info-box-wrapper -->\n\n\t\t\t<\/div><!-- .dslc-info-box -->\n\n\t\t\n\t\t\t\t<\/div><!-- .dslc-module -->\n\t\t\n\t\t<div id=\"dslc-module-20e91c35dd7\" class=\"dslc-module-front dslc-module-DSLC_Separator dslc-in-viewport-check dslc-in-viewport-anim-none  dslc-col dslc-12-col dslc-last-col dslc-hide-on-desktop  dslc-module-handle-like-regular \" data-module-id=\"20e91c35dd7\" data-module=\"DSLC_Separator\" data-dslc-module-size=\"12\" data-dslc-anim=\"none\" data-dslc-anim-delay=\"\" data-dslc-anim-duration=\"650\"  data-dslc-anim-easing=\"ease\" data-dslc-preset=\"none\" >\n\n\t\t\t\n\t\t\t\n\t\t\t\t\t<div class=\"dslc-separator-wrapper\">\n\t\t\t\t<div class=\"dslc-separator dslc-separator-style-invisible\">\n\t\t\t\t\t\t\t\t\t<\/div>\n\t\t\t\t<div><\/div>\n\t\t\t<\/div><!-- .dslc-separator-wrapper -->\n\t\t\t\n\t\t\t\t<\/div><!-- .dslc-module -->\n\t\t\n\t\t<div id=\"dslc-module-88ftbvppee8\" class=\"dslc-module-front dslc-module-DSLC_Image dslc-in-viewport-check dslc-in-viewport-anim-none  dslc-col dslc-12-col dslc-last-col  dslc-module-handle-like-regular mobi\" data-module-id=\"88ftbvppee8\" data-module=\"DSLC_Image\" data-dslc-module-size=\"12\" data-dslc-anim=\"none\" data-dslc-anim-delay=\"\" data-dslc-anim-duration=\"650\"  data-dslc-anim-easing=\"ease\" data-dslc-preset=\"none\" >\n\n\t\t\t\n\t\t\t\n\t\t\t\t<div class=\"dslc-image-container\">\n\t\t<div class=\"dslc-image\">\n\n\t\t\t\n\t\t\t\t\n\t\t\t\t\t\t\t\t\t<img src=\"https:\/\/decobelle.it\/fr\/wp-content\/uploads\/sites\/3\/2022\/01\/zdjecie-top.jpg\" alt=\"\" title=\"\" srcset=\"https:\/\/decobelle.it\/fr\/wp-content\/uploads\/sites\/3\/2022\/01\/zdjecie-top.jpg 1900w, https:\/\/decobelle.it\/fr\/wp-content\/uploads\/sites\/3\/2022\/01\/zdjecie-top-300x142.jpg 300w, https:\/\/decobelle.it\/fr\/wp-content\/uploads\/sites\/3\/2022\/01\/zdjecie-top-1024x485.jpg 1024w, https:\/\/decobelle.it\/fr\/wp-content\/uploads\/sites\/3\/2022\/01\/zdjecie-top-768x364.jpg 768w, https:\/\/decobelle.it\/fr\/wp-content\/uploads\/sites\/3\/2022\/01\/zdjecie-top-1536x728.jpg 1536w\" sizes=\"(max-width: 1900px) 100vw, 1900px\" \/>\n\t\t\t\t\n\t\t\t\t\t\t\t\t\t<\/div><!-- .dslc-image -->\n\t\t<\/div>\n\t\t\n\t\t\t\t<\/div><!-- .dslc-module -->\n\t\t<\/div><div class=\"dslc-modules-area dslc-col dslc-4-col dslc-last-col dslc-valign-undefined \" data-size=\"4\" data-valign=\"undefined\">\n\t\t<div id=\"dslc-module-1f0e49aa206\" class=\"dslc-module-front dslc-module-DSLC_Image dslc-in-viewport-check dslc-in-viewport-anim-none  dslc-col dslc-12-col dslc-last-col  dslc-module-handle-like-regular mobi2\" data-module-id=\"1f0e49aa206\" data-module=\"DSLC_Image\" data-dslc-module-size=\"12\" data-dslc-anim=\"none\" data-dslc-anim-delay=\"\" data-dslc-anim-duration=\"650\"  data-dslc-anim-easing=\"ease\" data-dslc-preset=\"none\" >\n\n\t\t\t\n\t\t\t\n\t\t\t\t<div class=\"dslc-image-container\">\n\t\t<div class=\"dslc-image\">\n\n\t\t\t\n\t\t\t\t\n\t\t\t\t\t\t\t\t\t<img src=\"https:\/\/decobelle.it\/fr\/wp-content\/uploads\/sites\/3\/2022\/01\/salon_kuchnia_hol_564ddd-1170x600-1.jpg\" alt=\"\" title=\"\" srcset=\"https:\/\/decobelle.it\/fr\/wp-content\/uploads\/sites\/3\/2022\/01\/salon_kuchnia_hol_564ddd-1170x600-1.jpg 1170w, https:\/\/decobelle.it\/fr\/wp-content\/uploads\/sites\/3\/2022\/01\/salon_kuchnia_hol_564ddd-1170x600-1-300x154.jpg 300w, https:\/\/decobelle.it\/fr\/wp-content\/uploads\/sites\/3\/2022\/01\/salon_kuchnia_hol_564ddd-1170x600-1-1024x525.jpg 1024w, https:\/\/decobelle.it\/fr\/wp-content\/uploads\/sites\/3\/2022\/01\/salon_kuchnia_hol_564ddd-1170x600-1-768x394.jpg 768w\" sizes=\"(max-width: 1170px) 100vw, 1170px\" \/>\n\t\t\t\t\n\t\t\t\t\t\t\t\t\t<\/div><!-- .dslc-image -->\n\t\t<\/div>\n\t\t\n\t\t\t\t<\/div><!-- .dslc-module -->\n\t\t\n\t\t<div id=\"dslc-module-5ea5a6a9660\" class=\"dslc-module-front dslc-module-DSLC_Image dslc-in-viewport-check dslc-in-viewport-anim-none  dslc-col dslc-12-col dslc-last-col  dslc-module-handle-like-regular mobi2\" data-module-id=\"5ea5a6a9660\" data-module=\"DSLC_Image\" data-dslc-module-size=\"12\" data-dslc-anim=\"none\" data-dslc-anim-delay=\"\" data-dslc-anim-duration=\"650\"  data-dslc-anim-easing=\"ease\" data-dslc-preset=\"none\" >\n\n\t\t\t\n\t\t\t\n\t\t\t\t<div class=\"dslc-image-container\">\n\t\t<div class=\"dslc-image\">\n\n\t\t\t\n\t\t\t\t\n\t\t\t\t\t\t\t\t\t<img src=\"https:\/\/decobelle.it\/fr\/wp-content\/uploads\/sites\/3\/2022\/01\/zdjecie-top.jpg\" alt=\"\" title=\"\" srcset=\"https:\/\/decobelle.it\/fr\/wp-content\/uploads\/sites\/3\/2022\/01\/zdjecie-top.jpg 1900w, https:\/\/decobelle.it\/fr\/wp-content\/uploads\/sites\/3\/2022\/01\/zdjecie-top-300x142.jpg 300w, https:\/\/decobelle.it\/fr\/wp-content\/uploads\/sites\/3\/2022\/01\/zdjecie-top-1024x485.jpg 1024w, https:\/\/decobelle.it\/fr\/wp-content\/uploads\/sites\/3\/2022\/01\/zdjecie-top-768x364.jpg 768w, https:\/\/decobelle.it\/fr\/wp-content\/uploads\/sites\/3\/2022\/01\/zdjecie-top-1536x728.jpg 1536w\" sizes=\"(max-width: 1900px) 100vw, 1900px\" \/>\n\t\t\t\t\n\t\t\t\t\t\t\t\t\t<\/div><!-- .dslc-image -->\n\t\t<\/div>\n\t\t\n\t\t\t\t<\/div><!-- .dslc-module -->\n\t\t<\/div><\/div><\/div>\r\n\t\t<div  class=\"dslc-modules-section \" style=\"padding-bottom:0px;padding-top:0px;\" data-section-id=\"1587922f794\">\r\n\t\t\t\t\r\n\t\t\t\t\r\n\t\t\t\t<div class=\"dslc-modules-section-wrapper dslc-clearfix\"><div class=\"dslc-modules-area dslc-col dslc-12-col dslc-last-col dslc-valign- \" data-size=\"12\" data-valign=\"\">\n\t\t<div id=\"dslc-module-bd69bc0ec4b\" class=\"dslc-module-front dslc-module-DSLC_Shortcode dslc-in-viewport-check dslc-in-viewport-anim-none  dslc-col dslc-12-col dslc-last-col  dslc-module-handle-like-regular \" data-module-id=\"bd69bc0ec4b\" data-module=\"DSLC_Shortcode\" data-dslc-module-size=\"12\" data-dslc-anim=\"none\" data-dslc-anim-delay=\"\" data-dslc-anim-duration=\"650\"  data-dslc-anim-easing=\"ease\" data-dslc-preset=\"none\" >\n\n\t\t\t\n\t\t\t\n\t\t\t\t<div class=\"dslc-module-shortcode\">\n\t\t\tngg_shortcode_1_placeholder\t\t<\/div>\n\t\t\n\t\t\t\t<\/div><!-- .dslc-module -->\n\t\t<\/div><\/div><\/div><\/div>","protected":false},"excerpt":{"rendered":"<p>Raccourcissement de Rideaux Vous venez de d\u00e9m\u00e9nager et vous avez d\u00e9cid\u00e9 d'emmener vos Rideaux pr\u00e9f\u00e9r\u00e9s dans un nouvel endroit. Cependant, il s'av\u00e8re que vos Rideaux sont trop longs ou trop courts ? Vous n'\u00eates pas oblig\u00e9 de les jeter. Vous pouvez nous charger de les adapter \u00e0 votre nouvel int\u00e9rieur. S'ils sont trop longs, nous [&hellip;]<\/p>\n","protected":false},"author":1,"featured_media":0,"parent":39,"menu_order":0,"comment_status":"closed","ping_status":"closed","template":"","meta":{"ngg_post_thumbnail":0},"yoast_head":"<!-- This site is optimized with the Yoast SEO plugin v19.13 - https:\/\/yoast.com\/wordpress\/plugins\/seo\/ -->\n<title>Raccourcissement de\u00a0Rideaux - FR |Deco Belle - Maison de Rideaux<\/title>\n<meta name=\"robots\" content=\"index, follow, max-snippet:-1, max-image-preview:large, max-video-preview:-1\" \/>\n<link rel=\"canonical\" href=\"https:\/\/decobelle.it\/fr\/service-de-rideaux\/raccourcissement-de-rideaux\/\" \/>\n<meta property=\"og:locale\" content=\"fr_FR\" \/>\n<meta property=\"og:type\" content=\"article\" \/>\n<meta property=\"og:title\" content=\"Raccourcissement de\u00a0Rideaux - FR |Deco Belle - Maison de Rideaux\" \/>\n<meta property=\"og:description\" content=\"Raccourcissement de Rideaux Vous venez de d\u00e9m\u00e9nager et vous avez d\u00e9cid\u00e9 d&#039;emmener vos Rideaux pr\u00e9f\u00e9r\u00e9s dans un nouvel endroit. Cependant, il s&#039;av\u00e8re que vos Rideaux sont trop longs ou trop courts ? Vous n&#039;\u00eates pas oblig\u00e9 de les jeter. Vous pouvez nous charger de les adapter \u00e0 votre nouvel int\u00e9rieur. S&#039;ils sont trop longs, nous [&hellip;]\" \/>\n<meta property=\"og:url\" content=\"https:\/\/decobelle.it\/fr\/service-de-rideaux\/raccourcissement-de-rideaux\/\" \/>\n<meta property=\"og:site_name\" content=\"FR |Deco Belle - Maison de Rideaux\" \/>\n<meta property=\"article:modified_time\" content=\"2022-02-16T13:05:12+00:00\" \/>\n<meta name=\"twitter:card\" content=\"summary_large_image\" \/>\n<script type=\"application\/ld+json\" class=\"yoast-schema-graph\">{\"@context\":\"https:\/\/schema.org\",\"@graph\":[{\"@type\":\"WebPage\",\"@id\":\"https:\/\/decobelle.it\/fr\/service-de-rideaux\/raccourcissement-de-rideaux\/\",\"url\":\"https:\/\/decobelle.it\/fr\/service-de-rideaux\/raccourcissement-de-rideaux\/\",\"name\":\"Raccourcissement de\u00a0Rideaux - FR |Deco Belle - Maison de Rideaux\",\"isPartOf\":{\"@id\":\"https:\/\/decobelle.it\/fr\/#website\"},\"datePublished\":\"2022-01-03T17:46:01+00:00\",\"dateModified\":\"2022-02-16T13:05:12+00:00\",\"breadcrumb\":{\"@id\":\"https:\/\/decobelle.it\/fr\/service-de-rideaux\/raccourcissement-de-rideaux\/#breadcrumb\"},\"inLanguage\":\"fr-FR\",\"potentialAction\":[{\"@type\":\"ReadAction\",\"target\":[\"https:\/\/decobelle.it\/fr\/service-de-rideaux\/raccourcissement-de-rideaux\/\"]}]},{\"@type\":\"BreadcrumbList\",\"@id\":\"https:\/\/decobelle.it\/fr\/service-de-rideaux\/raccourcissement-de-rideaux\/#breadcrumb\",\"itemListElement\":[{\"@type\":\"ListItem\",\"position\":1,\"name\":\"Strona g\u0142\u00f3wna\",\"item\":\"https:\/\/decobelle.it\/fr\/\"},{\"@type\":\"ListItem\",\"position\":2,\"name\":\"Service de\u00a0Rideaux\",\"item\":\"https:\/\/decobelle.it\/fr\/service-de-rideaux\/\"},{\"@type\":\"ListItem\",\"position\":3,\"name\":\"Raccourcissement de\u00a0Rideaux\"}]},{\"@type\":\"WebSite\",\"@id\":\"https:\/\/decobelle.it\/fr\/#website\",\"url\":\"https:\/\/decobelle.it\/fr\/\",\"name\":\"FR |Deco Belle - Maison de Rideaux\",\"description\":\"Deco Belle - Maison du Rideaux\",\"potentialAction\":[{\"@type\":\"SearchAction\",\"target\":{\"@type\":\"EntryPoint\",\"urlTemplate\":\"https:\/\/decobelle.it\/fr\/?s={search_term_string}\"},\"query-input\":\"required name=search_term_string\"}],\"inLanguage\":\"fr-FR\"}]}<\/script>\n<!-- \/ Yoast SEO plugin. -->","yoast_head_json":{"title":"Raccourcissement de\u00a0Rideaux - FR |Deco Belle - Maison de Rideaux","robots":{"index":"index","follow":"follow","max-snippet":"max-snippet:-1","max-image-preview":"max-image-preview:large","max-video-preview":"max-video-preview:-1"},"canonical":"https:\/\/decobelle.it\/fr\/service-de-rideaux\/raccourcissement-de-rideaux\/","og_locale":"fr_FR","og_type":"article","og_title":"Raccourcissement de\u00a0Rideaux - FR |Deco Belle - Maison de Rideaux","og_description":"Raccourcissement de Rideaux Vous venez de d\u00e9m\u00e9nager et vous avez d\u00e9cid\u00e9 d'emmener vos Rideaux pr\u00e9f\u00e9r\u00e9s dans un nouvel endroit. Cependant, il s'av\u00e8re que vos Rideaux sont trop longs ou trop courts ? Vous n'\u00eates pas oblig\u00e9 de les jeter. Vous pouvez nous charger de les adapter \u00e0 votre nouvel int\u00e9rieur. S'ils sont trop longs, nous [&hellip;]","og_url":"https:\/\/decobelle.it\/fr\/service-de-rideaux\/raccourcissement-de-rideaux\/","og_site_name":"FR |Deco Belle - Maison de Rideaux","article_modified_time":"2022-02-16T13:05:12+00:00","twitter_card":"summary_large_image","schema":{"@context":"https:\/\/schema.org","@graph":[{"@type":"WebPage","@id":"https:\/\/decobelle.it\/fr\/service-de-rideaux\/raccourcissement-de-rideaux\/","url":"https:\/\/decobelle.it\/fr\/service-de-rideaux\/raccourcissement-de-rideaux\/","name":"Raccourcissement de\u00a0Rideaux - FR |Deco Belle - Maison de Rideaux","isPartOf":{"@id":"https:\/\/decobelle.it\/fr\/#website"},"datePublished":"2022-01-03T17:46:01+00:00","dateModified":"2022-02-16T13:05:12+00:00","breadcrumb":{"@id":"https:\/\/decobelle.it\/fr\/service-de-rideaux\/raccourcissement-de-rideaux\/#breadcrumb"},"inLanguage":"fr-FR","potentialAction":[{"@type":"ReadAction","target":["https:\/\/decobelle.it\/fr\/service-de-rideaux\/raccourcissement-de-rideaux\/"]}]},{"@type":"BreadcrumbList","@id":"https:\/\/decobelle.it\/fr\/service-de-rideaux\/raccourcissement-de-rideaux\/#breadcrumb","itemListElement":[{"@type":"ListItem","position":1,"name":"Strona g\u0142\u00f3wna","item":"https:\/\/decobelle.it\/fr\/"},{"@type":"ListItem","position":2,"name":"Service de\u00a0Rideaux","item":"https:\/\/decobelle.it\/fr\/service-de-rideaux\/"},{"@type":"ListItem","position":3,"name":"Raccourcissement de\u00a0Rideaux"}]},{"@type":"WebSite","@id":"https:\/\/decobelle.it\/fr\/#website","url":"https:\/\/decobelle.it\/fr\/","name":"FR |Deco Belle - Maison de Rideaux","description":"Deco Belle - Maison du Rideaux","potentialAction":[{"@type":"SearchAction","target":{"@type":"EntryPoint","urlTemplate":"https:\/\/decobelle.it\/fr\/?s={search_term_string}"},"query-input":"required name=search_term_string"}],"inLanguage":"fr-FR"}]}},"_links":{"self":[{"href":"https:\/\/decobelle.it\/fr\/wp-json\/wp\/v2\/pages\/135"}],"collection":[{"href":"https:\/\/decobelle.it\/fr\/wp-json\/wp\/v2\/pages"}],"about":[{"href":"https:\/\/decobelle.it\/fr\/wp-json\/wp\/v2\/types\/page"}],"author":[{"embeddable":true,"href":"https:\/\/decobelle.it\/fr\/wp-json\/wp\/v2\/users\/1"}],"replies":[{"embeddable":true,"href":"https:\/\/decobelle.it\/fr\/wp-json\/wp\/v2\/comments?post=135"}],"version-history":[{"count":2,"href":"https:\/\/decobelle.it\/fr\/wp-json\/wp\/v2\/pages\/135\/revisions"}],"predecessor-version":[{"id":856,"href":"https:\/\/decobelle.it\/fr\/wp-json\/wp\/v2\/pages\/135\/revisions\/856"}],"up":[{"embeddable":true,"href":"https:\/\/decobelle.it\/fr\/wp-json\/wp\/v2\/pages\/39"}],"wp:attachment":[{"href":"https:\/\/decobelle.it\/fr\/wp-json\/wp\/v2\/media?parent=135"}],"curies":[{"name":"wp","href":"https:\/\/api.w.org\/{rel}","templated":true}]}}