{"id":137,"date":"2022-01-03T18:46:12","date_gmt":"2022-01-03T17:46:12","guid":{"rendered":"https:\/\/lidia.secretcats.pl\/fr\/?page_id=137"},"modified":"2022-02-16T14:03:53","modified_gmt":"2022-02-16T13:03:53","slug":"repassage-de-rideaux","status":"publish","type":"page","link":"https:\/\/decobelle.it\/fr\/service-de-rideaux\/repassage-de-rideaux\/","title":{"rendered":"Repassage de\u00a0Rideaux"},"content":{"rendered":"<div id=\"dslc-main\">\r\n\t\t<div id=\"curtains-&-voiles-for-yachts\" class=\"dslc-modules-section \" style=\"padding-bottom:90px;padding-top:90px;\" data-section-id=\"d1166f05dbd\">\r\n\t\t\t\t\r\n\t\t\t\t\r\n\t\t\t\t<div class=\"dslc-modules-section-wrapper dslc-clearfix\"><div class=\"dslc-modules-area dslc-col dslc-8-col dslc-first-col dslc-valign- \" data-size=\"8\" data-valign=\"\">\n\t\t<div id=\"dslc-module-ee778588065\" class=\"dslc-module-front dslc-module-DSLC_Text_Simple dslc-in-viewport-check dslc-in-viewport-anim-none  dslc-col dslc-12-col dslc-last-col  dslc-module-handle-like-regular \" data-module-id=\"ee778588065\" data-module=\"DSLC_Text_Simple\" data-dslc-module-size=\"12\" data-dslc-anim=\"none\" data-dslc-anim-delay=\"\" data-dslc-anim-duration=\"650\"  data-dslc-anim-easing=\"ease\" data-dslc-preset=\"none\" >\n\n\t\t\t\n\t\t\t\n\t\t\r\n\t\t<div class=\"dslc-text-module-content\">\r\n\t\t\t<h1>Repassage de Rideaux<\/h1>\t\t<\/div>\r\n\r\n\t\t\n\t\t\t\t<\/div><!-- .dslc-module -->\n\t\t\n\t\t<div id=\"dslc-module-201646c6e44\" class=\"dslc-module-front dslc-module-DSLC_Separator dslc-in-viewport-check dslc-in-viewport-anim-none  dslc-col dslc-12-col dslc-last-col  dslc-module-handle-like-regular \" data-module-id=\"201646c6e44\" data-module=\"DSLC_Separator\" data-dslc-module-size=\"12\" data-dslc-anim=\"none\" data-dslc-anim-delay=\"\" data-dslc-anim-duration=\"650\"  data-dslc-anim-easing=\"ease\" data-dslc-preset=\"none\" >\n\n\t\t\t\n\t\t\t\n\t\t\t\t\t<div class=\"dslc-separator-wrapper\">\n\t\t\t\t<div class=\"dslc-separator dslc-separator-style-invisible\">\n\t\t\t\t\t\t\t\t\t<\/div>\n\t\t\t\t<div><\/div>\n\t\t\t<\/div><!-- .dslc-separator-wrapper -->\n\t\t\t\n\t\t\t\t<\/div><!-- .dslc-module -->\n\t\t\n\t\t<div id=\"dslc-module-a86ii6umek8\" class=\"dslc-module-front dslc-module-DSLC_Image dslc-in-viewport-check dslc-in-viewport-anim-none  dslc-col dslc-12-col dslc-last-col  dslc-module-handle-like-regular mobi\" data-module-id=\"a86ii6umek8\" data-module=\"DSLC_Image\" data-dslc-module-size=\"12\" data-dslc-anim=\"none\" data-dslc-anim-delay=\"\" data-dslc-anim-duration=\"650\"  data-dslc-anim-easing=\"ease\" data-dslc-preset=\"none\" >\n\n\t\t\t\n\t\t\t\n\t\t\t\t<div class=\"dslc-image-container\">\n\t\t<div class=\"dslc-image\">\n\n\t\t\t\n\t\t\t\t\n\t\t\t\t\t\t\t\t\t<img src=\"https:\/\/decobelle.it\/fr\/wp-content\/uploads\/sites\/3\/2022\/01\/salon_kuchnia_hol_564ddd-1170x600-1.jpg\" alt=\"\" title=\"\" srcset=\"https:\/\/decobelle.it\/fr\/wp-content\/uploads\/sites\/3\/2022\/01\/salon_kuchnia_hol_564ddd-1170x600-1.jpg 1170w, https:\/\/decobelle.it\/fr\/wp-content\/uploads\/sites\/3\/2022\/01\/salon_kuchnia_hol_564ddd-1170x600-1-300x154.jpg 300w, https:\/\/decobelle.it\/fr\/wp-content\/uploads\/sites\/3\/2022\/01\/salon_kuchnia_hol_564ddd-1170x600-1-1024x525.jpg 1024w, https:\/\/decobelle.it\/fr\/wp-content\/uploads\/sites\/3\/2022\/01\/salon_kuchnia_hol_564ddd-1170x600-1-768x394.jpg 768w\" sizes=\"(max-width: 1170px) 100vw, 1170px\" \/>\n\t\t\t\t\n\t\t\t\t\t\t\t\t\t<\/div><!-- .dslc-image -->\n\t\t<\/div>\n\t\t\n\t\t\t\t<\/div><!-- .dslc-module -->\n\t\t\n\t\t<div id=\"dslc-module-a053d99f8d1\" class=\"dslc-module-front dslc-module-DSLC_Separator dslc-in-viewport-check dslc-in-viewport-anim-none  dslc-col dslc-12-col dslc-last-col dslc-hide-on-desktop dslc-hide-on-tablet  dslc-module-handle-like-regular \" data-module-id=\"a053d99f8d1\" data-module=\"DSLC_Separator\" data-dslc-module-size=\"12\" data-dslc-anim=\"none\" data-dslc-anim-delay=\"\" data-dslc-anim-duration=\"650\"  data-dslc-anim-easing=\"ease\" data-dslc-preset=\"none\" >\n\n\t\t\t\n\t\t\t\n\t\t\t\t\t<div class=\"dslc-separator-wrapper\">\n\t\t\t\t<div class=\"dslc-separator dslc-separator-style-invisible\">\n\t\t\t\t\t\t\t\t\t<\/div>\n\t\t\t\t<div><\/div>\n\t\t\t<\/div><!-- .dslc-separator-wrapper -->\n\t\t\t\n\t\t\t\t<\/div><!-- .dslc-module -->\n\t\t\n\t\t<div id=\"dslc-module-085924ab7a5\" class=\"dslc-module-front dslc-module-DSLC_Text_Simple dslc-in-viewport-check dslc-in-viewport-anim-none  dslc-col dslc-12-col dslc-last-col  dslc-module-handle-like-regular \" data-module-id=\"085924ab7a5\" data-module=\"DSLC_Text_Simple\" data-dslc-module-size=\"12\" data-dslc-anim=\"none\" data-dslc-anim-delay=\"\" data-dslc-anim-duration=\"650\"  data-dslc-anim-easing=\"ease\" data-dslc-preset=\"none\" >\n\n\t\t\t\n\t\t\t\n\t\t\r\n\t\t<div class=\"dslc-text-module-content\">\r\n\t\t\t<p>M\u00eame les plus beaux Rideaux perdent leur charme lorsqu'ils sont froiss\u00e9s. Et repasser les Rideaux n'est pas facile. Vous ne pouvez pas simplement poser les Rideaux sur la table \u00e0 repasser et les repasser. Les Rideaux sont trop grands. M\u00eame les Rideaux de dimensions modestes, destin\u00e9s aux petites fen\u00eatres, ont une dimension suffisamment grande pour rendre le repassage traditionnel sur une planche \u00e0 repasser extr\u00eamement difficile. Mais les Doubles Rideaux - c'est une double difficult\u00e9.<\/p><p>C'est pourquoi, pour aider nos Clients, nous proposons un Service Professionnel de Repassage des Rideaux.<br>Si vos Rideaux sont situ\u00e9s sur la C\u00f4te d'Azur fran\u00e7aise, \u00e0 Monaco ou sur la Riviera italienne, nous repasserons vos Rideaux chez vous.<\/p>\t\t<\/div>\r\n\r\n\t\t\n\t\t\t\t<\/div><!-- .dslc-module -->\n\t\t\n\t\t<div id=\"dslc-module-0efcd38b65c\" class=\"dslc-module-front dslc-module-DSLC_Info_Box dslc-in-viewport-check dslc-in-viewport-anim-none  dslc-col dslc-12-col dslc-last-col  dslc-module-handle-like-regular \" data-module-id=\"0efcd38b65c\" data-module=\"DSLC_Info_Box\" data-dslc-module-size=\"12\" data-dslc-anim=\"none\" data-dslc-anim-delay=\"\" data-dslc-anim-duration=\"650\"  data-dslc-anim-easing=\"ease\" data-dslc-preset=\"none\" >\n\n\t\t\t\n\t\t\t\n\t\t\n\t\t\t<div class=\"dslc-info-box dslc-info-box-icon-pos-above dslc-info-box-image-pos-above\">\n\n\t\t\t\t<div class=\"dslc-info-box-wrapper\">\n\n\t\t\t\t\t\n\t\t\t\t\t<div class=\"dslc-info-box-main-wrap dslc-clearfix\">\n\n\t\t\t\t\t\t\n\t\t\t\t\t\t\n\t\t\t\t\t\t<div class=\"dslc-info-box-main\">\n\n\t\t\t\t\t\t\t\t\t\t\t\t\t\t\t<div class=\"dslc-info-box-title\">\n\t\t\t\t\t\t\t\t\t\t\t\t\t\t\t\t\t\t\t\t\t\t\t\t\t\t\t\t\t\t<h4 >Si\nvos Rideaux sont dans une autre r\u00e9gion, veuillez nous contacter:<\/h4>\n\t\t\t\t\t\t\t\t\t\t\t\t\t\t\t\t\t\t\t\t\t\t\t\t\t\t\t<\/div><!-- .dslc-info-box-title -->\n\t\t\t\t\t\t\t\n\t\t\t\t\t\t\t\t\t\t\t\t\t\t\t<div class=\"dslc-info-box-content\">\n\t\t\t\t\t\t\t\t\t\t\t\t\t\t\t\t\t\t\t<p><a href=\"mailto:info@DecoBelle.it\">info@DecoBelle.it<\/a><\/p>\t\t\t\t\t\t\t\t\t\t\t\t\t\t\t\t\t<\/div><!-- .dslc-info-box-content -->\n\t\t\t\t\t\t\t\n\t\t\t\t\t\t\t\t\t\t\t\t\t\t\t<div class=\"dslc-info-box-button\">\n\t\t\t\t\t\t\t\t\t\t\t\t\t\t\t\t\t\t\t<a href=\"https:\/\/decobelle.it\/fr\/contact\/\"  target=\"_self\" class=\"dslc-primary \">\n\t\t\t\t\t\t\t\t\t\t\t\t\t\t\t\t\t\t\t\t\t\t\t<span class=\"dslc-icon dslc-icon-\"><\/span>\n\t\t\t\t\t\t\t\t\t\t\t\t\t\t\t\t\t\t\t\t\t\t\t\t\t\t\t\t\t\t\t\t\t\t<span>\n\t\t\t\t\t\t\t\t\t\t\t\t\tCONTACT US\t\t\t\t\t\t\t\t\t\t\t\t<\/span>\n\t\t\t\t\t\t\t\t\t\t\t\t\t\t\t\t\t\t\t\t\t<\/a>\n\t\t\t\t\t\t\t\t\t\t\t\t\t\t\t\t\t\t\t\t\t\t\t\t\t\t<\/div><!-- .dslc-info-box-button -->\n\t\t\t\t\t\t\t\n\t\t\t\t\t\t<\/div><!-- .dslc-info-box-main -->\n\n\t\t\t\t\t<\/div><!-- .dslc-info-box-main-wrap -->\n\n\t\t\t\t<\/div><!-- .dslc-info-box-wrapper -->\n\n\t\t\t<\/div><!-- .dslc-info-box -->\n\n\t\t\n\t\t\t\t<\/div><!-- .dslc-module -->\n\t\t\n\t\t<div id=\"dslc-module-c8c7d2cb449\" class=\"dslc-module-front dslc-module-DSLC_Separator dslc-in-viewport-check dslc-in-viewport-anim-none  dslc-col dslc-12-col dslc-last-col  dslc-module-handle-like-regular \" data-module-id=\"c8c7d2cb449\" data-module=\"DSLC_Separator\" data-dslc-module-size=\"12\" data-dslc-anim=\"none\" data-dslc-anim-delay=\"\" data-dslc-anim-duration=\"650\"  data-dslc-anim-easing=\"ease\" data-dslc-preset=\"none\" >\n\n\t\t\t\n\t\t\t\n\t\t\t\t\t<div class=\"dslc-separator-wrapper\">\n\t\t\t\t<div class=\"dslc-separator dslc-separator-style-invisible\">\n\t\t\t\t\t\t\t\t\t<\/div>\n\t\t\t\t<div><\/div>\n\t\t\t<\/div><!-- .dslc-separator-wrapper -->\n\t\t\t\n\t\t\t\t<\/div><!-- .dslc-module -->\n\t\t\n\t\t<div id=\"dslc-module-lf29c1bc2rc\" class=\"dslc-module-front dslc-module-DSLC_Image dslc-in-viewport-check dslc-in-viewport-anim-none  dslc-col dslc-12-col dslc-last-col  dslc-module-handle-like-regular mobi\" data-module-id=\"lf29c1bc2rc\" data-module=\"DSLC_Image\" data-dslc-module-size=\"12\" data-dslc-anim=\"none\" data-dslc-anim-delay=\"\" data-dslc-anim-duration=\"650\"  data-dslc-anim-easing=\"ease\" data-dslc-preset=\"none\" >\n\n\t\t\t\n\t\t\t\n\t\t\t\t<div class=\"dslc-image-container\">\n\t\t<div class=\"dslc-image\">\n\n\t\t\t\n\t\t\t\t\n\t\t\t\t\t\t\t\t\t<img src=\"https:\/\/decobelle.it\/fr\/wp-content\/uploads\/sites\/3\/2022\/01\/zdjecie-top.jpg\" alt=\"\" title=\"\" srcset=\"https:\/\/decobelle.it\/fr\/wp-content\/uploads\/sites\/3\/2022\/01\/zdjecie-top.jpg 1900w, https:\/\/decobelle.it\/fr\/wp-content\/uploads\/sites\/3\/2022\/01\/zdjecie-top-300x142.jpg 300w, https:\/\/decobelle.it\/fr\/wp-content\/uploads\/sites\/3\/2022\/01\/zdjecie-top-1024x485.jpg 1024w, https:\/\/decobelle.it\/fr\/wp-content\/uploads\/sites\/3\/2022\/01\/zdjecie-top-768x364.jpg 768w, https:\/\/decobelle.it\/fr\/wp-content\/uploads\/sites\/3\/2022\/01\/zdjecie-top-1536x728.jpg 1536w\" sizes=\"(max-width: 1900px) 100vw, 1900px\" \/>\n\t\t\t\t\n\t\t\t\t\t\t\t\t\t<\/div><!-- .dslc-image -->\n\t\t<\/div>\n\t\t\n\t\t\t\t<\/div><!-- .dslc-module -->\n\t\t<\/div><div class=\"dslc-modules-area dslc-col dslc-4-col dslc-last-col dslc-valign-undefined \" data-size=\"4\" data-valign=\"undefined\">\n\t\t<div id=\"dslc-module-37ca5287500\" class=\"dslc-module-front dslc-module-DSLC_Image dslc-in-viewport-check dslc-in-viewport-anim-none  dslc-col dslc-12-col dslc-last-col  dslc-module-handle-like-regular mobi2\" data-module-id=\"37ca5287500\" data-module=\"DSLC_Image\" data-dslc-module-size=\"12\" data-dslc-anim=\"none\" data-dslc-anim-delay=\"\" data-dslc-anim-duration=\"650\"  data-dslc-anim-easing=\"ease\" data-dslc-preset=\"none\" >\n\n\t\t\t\n\t\t\t\n\t\t\t\t<div class=\"dslc-image-container\">\n\t\t<div class=\"dslc-image\">\n\n\t\t\t\n\t\t\t\t\n\t\t\t\t\t\t\t\t\t<img src=\"https:\/\/decobelle.it\/fr\/wp-content\/uploads\/sites\/3\/2022\/01\/salon_kuchnia_hol_564ddd-1170x600-1.jpg\" alt=\"\" title=\"\" srcset=\"https:\/\/decobelle.it\/fr\/wp-content\/uploads\/sites\/3\/2022\/01\/salon_kuchnia_hol_564ddd-1170x600-1.jpg 1170w, https:\/\/decobelle.it\/fr\/wp-content\/uploads\/sites\/3\/2022\/01\/salon_kuchnia_hol_564ddd-1170x600-1-300x154.jpg 300w, https:\/\/decobelle.it\/fr\/wp-content\/uploads\/sites\/3\/2022\/01\/salon_kuchnia_hol_564ddd-1170x600-1-1024x525.jpg 1024w, https:\/\/decobelle.it\/fr\/wp-content\/uploads\/sites\/3\/2022\/01\/salon_kuchnia_hol_564ddd-1170x600-1-768x394.jpg 768w\" sizes=\"(max-width: 1170px) 100vw, 1170px\" \/>\n\t\t\t\t\n\t\t\t\t\t\t\t\t\t<\/div><!-- .dslc-image -->\n\t\t<\/div>\n\t\t\n\t\t\t\t<\/div><!-- .dslc-module -->\n\t\t\n\t\t<div id=\"dslc-module-2000e292aee\" class=\"dslc-module-front dslc-module-DSLC_Separator dslc-in-viewport-check dslc-in-viewport-anim-none  dslc-col dslc-12-col dslc-last-col  dslc-module-handle-like-regular \" data-module-id=\"2000e292aee\" data-module=\"DSLC_Separator\" data-dslc-module-size=\"12\" data-dslc-anim=\"none\" data-dslc-anim-delay=\"\" data-dslc-anim-duration=\"650\"  data-dslc-anim-easing=\"ease\" data-dslc-preset=\"none\" >\n\n\t\t\t\n\t\t\t\n\t\t\t\t\t<div class=\"dslc-separator-wrapper\">\n\t\t\t\t<div class=\"dslc-separator dslc-separator-style-invisible\">\n\t\t\t\t\t\t\t\t\t<\/div>\n\t\t\t\t<div><\/div>\n\t\t\t<\/div><!-- .dslc-separator-wrapper -->\n\t\t\t\n\t\t\t\t<\/div><!-- .dslc-module -->\n\t\t\n\t\t<div id=\"dslc-module-e63021581fc\" class=\"dslc-module-front dslc-module-DSLC_Image dslc-in-viewport-check dslc-in-viewport-anim-none  dslc-col dslc-12-col dslc-last-col  dslc-module-handle-like-regular mobi2\" data-module-id=\"e63021581fc\" data-module=\"DSLC_Image\" data-dslc-module-size=\"12\" data-dslc-anim=\"none\" data-dslc-anim-delay=\"\" data-dslc-anim-duration=\"650\"  data-dslc-anim-easing=\"ease\" data-dslc-preset=\"none\" >\n\n\t\t\t\n\t\t\t\n\t\t\t\t<div class=\"dslc-image-container\">\n\t\t<div class=\"dslc-image\">\n\n\t\t\t\n\t\t\t\t\n\t\t\t\t\t\t\t\t\t<img src=\"https:\/\/decobelle.it\/fr\/wp-content\/uploads\/sites\/3\/2022\/01\/zdjecie-top.jpg\" alt=\"\" title=\"\" srcset=\"https:\/\/decobelle.it\/fr\/wp-content\/uploads\/sites\/3\/2022\/01\/zdjecie-top.jpg 1900w, https:\/\/decobelle.it\/fr\/wp-content\/uploads\/sites\/3\/2022\/01\/zdjecie-top-300x142.jpg 300w, https:\/\/decobelle.it\/fr\/wp-content\/uploads\/sites\/3\/2022\/01\/zdjecie-top-1024x485.jpg 1024w, https:\/\/decobelle.it\/fr\/wp-content\/uploads\/sites\/3\/2022\/01\/zdjecie-top-768x364.jpg 768w, https:\/\/decobelle.it\/fr\/wp-content\/uploads\/sites\/3\/2022\/01\/zdjecie-top-1536x728.jpg 1536w\" sizes=\"(max-width: 1900px) 100vw, 1900px\" \/>\n\t\t\t\t\n\t\t\t\t\t\t\t\t\t<\/div><!-- .dslc-image -->\n\t\t<\/div>\n\t\t\n\t\t\t\t<\/div><!-- .dslc-module -->\n\t\t<\/div><\/div><\/div>\r\n\t\t<div  class=\"dslc-modules-section \" style=\"padding-bottom:0px;padding-top:0px;\" data-section-id=\"20bc39464d0\">\r\n\t\t\t\t\r\n\t\t\t\t\r\n\t\t\t\t<div class=\"dslc-modules-section-wrapper dslc-clearfix\"><div class=\"dslc-modules-area dslc-col dslc-12-col dslc-last-col dslc-valign- \" data-size=\"12\" data-valign=\"\">\n\t\t<div id=\"dslc-module-156fad7cbf1\" class=\"dslc-module-front dslc-module-DSLC_Shortcode dslc-in-viewport-check dslc-in-viewport-anim-none  dslc-col dslc-12-col dslc-last-col  dslc-module-handle-like-regular \" data-module-id=\"156fad7cbf1\" data-module=\"DSLC_Shortcode\" data-dslc-module-size=\"12\" data-dslc-anim=\"none\" data-dslc-anim-delay=\"\" data-dslc-anim-duration=\"650\"  data-dslc-anim-easing=\"ease\" data-dslc-preset=\"none\" >\n\n\t\t\t\n\t\t\t\n\t\t\t\t<div class=\"dslc-module-shortcode\">\n\t\t\tngg_shortcode_1_placeholder\t\t<\/div>\n\t\t\n\t\t\t\t<\/div><!-- .dslc-module -->\n\t\t<\/div><\/div><\/div><\/div>","protected":false},"excerpt":{"rendered":"<p>Repassage de Rideaux M\u00eame les plus beaux Rideaux perdent leur charme lorsqu'ils sont froiss\u00e9s. Et repasser les Rideaux n'est pas facile. Vous ne pouvez pas simplement poser les Rideaux sur la table \u00e0 repasser et les repasser. Les Rideaux sont trop grands. M\u00eame les Rideaux de dimensions modestes, destin\u00e9s aux petites fen\u00eatres, ont une dimension [&hellip;]<\/p>\n","protected":false},"author":1,"featured_media":0,"parent":39,"menu_order":0,"comment_status":"closed","ping_status":"closed","template":"","meta":{"ngg_post_thumbnail":0},"yoast_head":"<!-- This site is optimized with the Yoast SEO plugin v19.13 - https:\/\/yoast.com\/wordpress\/plugins\/seo\/ -->\n<title>Repassage de\u00a0Rideaux - FR |Deco Belle - Maison de Rideaux<\/title>\n<meta name=\"robots\" content=\"index, follow, max-snippet:-1, max-image-preview:large, max-video-preview:-1\" \/>\n<link rel=\"canonical\" href=\"https:\/\/decobelle.it\/fr\/service-de-rideaux\/repassage-de-rideaux\/\" \/>\n<meta property=\"og:locale\" content=\"fr_FR\" \/>\n<meta property=\"og:type\" content=\"article\" \/>\n<meta property=\"og:title\" content=\"Repassage de\u00a0Rideaux - FR |Deco Belle - Maison de Rideaux\" \/>\n<meta property=\"og:description\" content=\"Repassage de Rideaux M\u00eame les plus beaux Rideaux perdent leur charme lorsqu&#039;ils sont froiss\u00e9s. Et repasser les Rideaux n&#039;est pas facile. Vous ne pouvez pas simplement poser les Rideaux sur la table \u00e0 repasser et les repasser. Les Rideaux sont trop grands. M\u00eame les Rideaux de dimensions modestes, destin\u00e9s aux petites fen\u00eatres, ont une dimension [&hellip;]\" \/>\n<meta property=\"og:url\" content=\"https:\/\/decobelle.it\/fr\/service-de-rideaux\/repassage-de-rideaux\/\" \/>\n<meta property=\"og:site_name\" content=\"FR |Deco Belle - Maison de Rideaux\" \/>\n<meta property=\"article:modified_time\" content=\"2022-02-16T13:03:53+00:00\" \/>\n<meta name=\"twitter:card\" content=\"summary_large_image\" \/>\n<script type=\"application\/ld+json\" class=\"yoast-schema-graph\">{\"@context\":\"https:\/\/schema.org\",\"@graph\":[{\"@type\":\"WebPage\",\"@id\":\"https:\/\/decobelle.it\/fr\/service-de-rideaux\/repassage-de-rideaux\/\",\"url\":\"https:\/\/decobelle.it\/fr\/service-de-rideaux\/repassage-de-rideaux\/\",\"name\":\"Repassage de\u00a0Rideaux - FR |Deco Belle - Maison de Rideaux\",\"isPartOf\":{\"@id\":\"https:\/\/decobelle.it\/fr\/#website\"},\"datePublished\":\"2022-01-03T17:46:12+00:00\",\"dateModified\":\"2022-02-16T13:03:53+00:00\",\"breadcrumb\":{\"@id\":\"https:\/\/decobelle.it\/fr\/service-de-rideaux\/repassage-de-rideaux\/#breadcrumb\"},\"inLanguage\":\"fr-FR\",\"potentialAction\":[{\"@type\":\"ReadAction\",\"target\":[\"https:\/\/decobelle.it\/fr\/service-de-rideaux\/repassage-de-rideaux\/\"]}]},{\"@type\":\"BreadcrumbList\",\"@id\":\"https:\/\/decobelle.it\/fr\/service-de-rideaux\/repassage-de-rideaux\/#breadcrumb\",\"itemListElement\":[{\"@type\":\"ListItem\",\"position\":1,\"name\":\"Strona g\u0142\u00f3wna\",\"item\":\"https:\/\/decobelle.it\/fr\/\"},{\"@type\":\"ListItem\",\"position\":2,\"name\":\"Service de\u00a0Rideaux\",\"item\":\"https:\/\/decobelle.it\/fr\/service-de-rideaux\/\"},{\"@type\":\"ListItem\",\"position\":3,\"name\":\"Repassage de\u00a0Rideaux\"}]},{\"@type\":\"WebSite\",\"@id\":\"https:\/\/decobelle.it\/fr\/#website\",\"url\":\"https:\/\/decobelle.it\/fr\/\",\"name\":\"FR |Deco Belle - Maison de Rideaux\",\"description\":\"Deco Belle - Maison du Rideaux\",\"potentialAction\":[{\"@type\":\"SearchAction\",\"target\":{\"@type\":\"EntryPoint\",\"urlTemplate\":\"https:\/\/decobelle.it\/fr\/?s={search_term_string}\"},\"query-input\":\"required name=search_term_string\"}],\"inLanguage\":\"fr-FR\"}]}<\/script>\n<!-- \/ Yoast SEO plugin. -->","yoast_head_json":{"title":"Repassage de\u00a0Rideaux - FR |Deco Belle - Maison de Rideaux","robots":{"index":"index","follow":"follow","max-snippet":"max-snippet:-1","max-image-preview":"max-image-preview:large","max-video-preview":"max-video-preview:-1"},"canonical":"https:\/\/decobelle.it\/fr\/service-de-rideaux\/repassage-de-rideaux\/","og_locale":"fr_FR","og_type":"article","og_title":"Repassage de\u00a0Rideaux - FR |Deco Belle - Maison de Rideaux","og_description":"Repassage de Rideaux M\u00eame les plus beaux Rideaux perdent leur charme lorsqu'ils sont froiss\u00e9s. Et repasser les Rideaux n'est pas facile. Vous ne pouvez pas simplement poser les Rideaux sur la table \u00e0 repasser et les repasser. Les Rideaux sont trop grands. M\u00eame les Rideaux de dimensions modestes, destin\u00e9s aux petites fen\u00eatres, ont une dimension [&hellip;]","og_url":"https:\/\/decobelle.it\/fr\/service-de-rideaux\/repassage-de-rideaux\/","og_site_name":"FR |Deco Belle - Maison de Rideaux","article_modified_time":"2022-02-16T13:03:53+00:00","twitter_card":"summary_large_image","schema":{"@context":"https:\/\/schema.org","@graph":[{"@type":"WebPage","@id":"https:\/\/decobelle.it\/fr\/service-de-rideaux\/repassage-de-rideaux\/","url":"https:\/\/decobelle.it\/fr\/service-de-rideaux\/repassage-de-rideaux\/","name":"Repassage de\u00a0Rideaux - FR |Deco Belle - Maison de Rideaux","isPartOf":{"@id":"https:\/\/decobelle.it\/fr\/#website"},"datePublished":"2022-01-03T17:46:12+00:00","dateModified":"2022-02-16T13:03:53+00:00","breadcrumb":{"@id":"https:\/\/decobelle.it\/fr\/service-de-rideaux\/repassage-de-rideaux\/#breadcrumb"},"inLanguage":"fr-FR","potentialAction":[{"@type":"ReadAction","target":["https:\/\/decobelle.it\/fr\/service-de-rideaux\/repassage-de-rideaux\/"]}]},{"@type":"BreadcrumbList","@id":"https:\/\/decobelle.it\/fr\/service-de-rideaux\/repassage-de-rideaux\/#breadcrumb","itemListElement":[{"@type":"ListItem","position":1,"name":"Strona g\u0142\u00f3wna","item":"https:\/\/decobelle.it\/fr\/"},{"@type":"ListItem","position":2,"name":"Service de\u00a0Rideaux","item":"https:\/\/decobelle.it\/fr\/service-de-rideaux\/"},{"@type":"ListItem","position":3,"name":"Repassage de\u00a0Rideaux"}]},{"@type":"WebSite","@id":"https:\/\/decobelle.it\/fr\/#website","url":"https:\/\/decobelle.it\/fr\/","name":"FR |Deco Belle - Maison de Rideaux","description":"Deco Belle - Maison du Rideaux","potentialAction":[{"@type":"SearchAction","target":{"@type":"EntryPoint","urlTemplate":"https:\/\/decobelle.it\/fr\/?s={search_term_string}"},"query-input":"required name=search_term_string"}],"inLanguage":"fr-FR"}]}},"_links":{"self":[{"href":"https:\/\/decobelle.it\/fr\/wp-json\/wp\/v2\/pages\/137"}],"collection":[{"href":"https:\/\/decobelle.it\/fr\/wp-json\/wp\/v2\/pages"}],"about":[{"href":"https:\/\/decobelle.it\/fr\/wp-json\/wp\/v2\/types\/page"}],"author":[{"embeddable":true,"href":"https:\/\/decobelle.it\/fr\/wp-json\/wp\/v2\/users\/1"}],"replies":[{"embeddable":true,"href":"https:\/\/decobelle.it\/fr\/wp-json\/wp\/v2\/comments?post=137"}],"version-history":[{"count":2,"href":"https:\/\/decobelle.it\/fr\/wp-json\/wp\/v2\/pages\/137\/revisions"}],"predecessor-version":[{"id":854,"href":"https:\/\/decobelle.it\/fr\/wp-json\/wp\/v2\/pages\/137\/revisions\/854"}],"up":[{"embeddable":true,"href":"https:\/\/decobelle.it\/fr\/wp-json\/wp\/v2\/pages\/39"}],"wp:attachment":[{"href":"https:\/\/decobelle.it\/fr\/wp-json\/wp\/v2\/media?parent=137"}],"curies":[{"name":"wp","href":"https:\/\/api.w.org\/{rel}","templated":true}]}}