{"id":146,"date":"2022-01-03T18:46:58","date_gmt":"2022-01-03T17:46:58","guid":{"rendered":"https:\/\/lidia.secretcats.pl\/fr\/?page_id=146"},"modified":"2022-02-16T13:57:32","modified_gmt":"2022-02-16T12:57:32","slug":"tissus-pour-la-maison","status":"publish","type":"page","link":"https:\/\/decobelle.it\/fr\/textiles-de-maison\/tissus-pour-la-maison\/","title":{"rendered":"Tissus pour la\u00a0Maison"},"content":{"rendered":"<div id=\"dslc-main\">\r\n\t\t<div id=\"curtains-&-voiles-for-yachts\" class=\"dslc-modules-section \" style=\"padding-bottom:90px;padding-top:90px;\" data-section-id=\"6415369e3d4\">\r\n\t\t\t\t\r\n\t\t\t\t\r\n\t\t\t\t<div class=\"dslc-modules-section-wrapper dslc-clearfix\"><div class=\"dslc-modules-area dslc-col dslc-8-col dslc-first-col dslc-valign- \" data-size=\"8\" data-valign=\"\">\n\t\t<div id=\"dslc-module-5fb655fdf5f\" class=\"dslc-module-front dslc-module-DSLC_Text_Simple dslc-in-viewport-check dslc-in-viewport-anim-none  dslc-col dslc-12-col dslc-last-col  dslc-module-handle-like-regular \" data-module-id=\"5fb655fdf5f\" data-module=\"DSLC_Text_Simple\" data-dslc-module-size=\"12\" data-dslc-anim=\"none\" data-dslc-anim-delay=\"\" data-dslc-anim-duration=\"650\"  data-dslc-anim-easing=\"ease\" data-dslc-preset=\"none\" >\n\n\t\t\t\n\t\t\t\n\t\t\r\n\t\t<div class=\"dslc-text-module-content\">\r\n\t\t\t<h1>Tissus pour la Maison<\/h1>\t\t<\/div>\r\n\r\n\t\t\n\t\t\t\t<\/div><!-- .dslc-module -->\n\t\t\n\t\t<div id=\"dslc-module-d5a5b8db8b2\" class=\"dslc-module-front dslc-module-DSLC_Separator dslc-in-viewport-check dslc-in-viewport-anim-none  dslc-col dslc-12-col dslc-last-col  dslc-module-handle-like-regular \" data-module-id=\"d5a5b8db8b2\" data-module=\"DSLC_Separator\" data-dslc-module-size=\"12\" data-dslc-anim=\"none\" data-dslc-anim-delay=\"\" data-dslc-anim-duration=\"650\"  data-dslc-anim-easing=\"ease\" data-dslc-preset=\"none\" >\n\n\t\t\t\n\t\t\t\n\t\t\t\t\t<div class=\"dslc-separator-wrapper\">\n\t\t\t\t<div class=\"dslc-separator dslc-separator-style-invisible\">\n\t\t\t\t\t\t\t\t\t<\/div>\n\t\t\t\t<div><\/div>\n\t\t\t<\/div><!-- .dslc-separator-wrapper -->\n\t\t\t\n\t\t\t\t<\/div><!-- .dslc-module -->\n\t\t\n\t\t<div id=\"dslc-module-k7am1efak0g\" class=\"dslc-module-front dslc-module-DSLC_Image dslc-in-viewport-check dslc-in-viewport-anim-none  dslc-col dslc-12-col dslc-last-col  dslc-module-handle-like-regular mobi\" data-module-id=\"k7am1efak0g\" data-module=\"DSLC_Image\" data-dslc-module-size=\"12\" data-dslc-anim=\"none\" data-dslc-anim-delay=\"\" data-dslc-anim-duration=\"650\"  data-dslc-anim-easing=\"ease\" data-dslc-preset=\"none\" >\n\n\t\t\t\n\t\t\t\n\t\t\t\t<div class=\"dslc-image-container\">\n\t\t<div class=\"dslc-image\">\n\n\t\t\t\n\t\t\t\t\n\t\t\t\t\t\t\t\t\t<img src=\"https:\/\/decobelle.it\/fr\/wp-content\/uploads\/sites\/3\/2022\/02\/deco-belle-tesutti-casa.jpg\" alt=\"\" title=\"\" srcset=\"https:\/\/decobelle.it\/fr\/wp-content\/uploads\/sites\/3\/2022\/02\/deco-belle-tesutti-casa.jpg 900w, https:\/\/decobelle.it\/fr\/wp-content\/uploads\/sites\/3\/2022\/02\/deco-belle-tesutti-casa-300x300.jpg 300w, https:\/\/decobelle.it\/fr\/wp-content\/uploads\/sites\/3\/2022\/02\/deco-belle-tesutti-casa-150x150.jpg 150w, https:\/\/decobelle.it\/fr\/wp-content\/uploads\/sites\/3\/2022\/02\/deco-belle-tesutti-casa-768x768.jpg 768w\" sizes=\"(max-width: 900px) 100vw, 900px\" \/>\n\t\t\t\t\n\t\t\t\t\t\t\t\t\t<\/div><!-- .dslc-image -->\n\t\t<\/div>\n\t\t\n\t\t\t\t<\/div><!-- .dslc-module -->\n\t\t\n\t\t<div id=\"dslc-module-dc6ef2b7a88\" class=\"dslc-module-front dslc-module-DSLC_Separator dslc-in-viewport-check dslc-in-viewport-anim-none  dslc-col dslc-12-col dslc-last-col dslc-hide-on-desktop dslc-hide-on-tablet  dslc-module-handle-like-regular \" data-module-id=\"dc6ef2b7a88\" data-module=\"DSLC_Separator\" data-dslc-module-size=\"12\" data-dslc-anim=\"none\" data-dslc-anim-delay=\"\" data-dslc-anim-duration=\"650\"  data-dslc-anim-easing=\"ease\" data-dslc-preset=\"none\" >\n\n\t\t\t\n\t\t\t\n\t\t\t\t\t<div class=\"dslc-separator-wrapper\">\n\t\t\t\t<div class=\"dslc-separator dslc-separator-style-invisible\">\n\t\t\t\t\t\t\t\t\t<\/div>\n\t\t\t\t<div><\/div>\n\t\t\t<\/div><!-- .dslc-separator-wrapper -->\n\t\t\t\n\t\t\t\t<\/div><!-- .dslc-module -->\n\t\t\n\t\t<div id=\"dslc-module-68ff64b7ce6\" class=\"dslc-module-front dslc-module-DSLC_Text_Simple dslc-in-viewport-check dslc-in-viewport-anim-none  dslc-col dslc-12-col dslc-last-col  dslc-module-handle-like-regular \" data-module-id=\"68ff64b7ce6\" data-module=\"DSLC_Text_Simple\" data-dslc-module-size=\"12\" data-dslc-anim=\"none\" data-dslc-anim-delay=\"\" data-dslc-anim-duration=\"650\"  data-dslc-anim-easing=\"ease\" data-dslc-preset=\"none\" >\n\n\t\t\t\n\t\t\t\n\t\t\r\n\t\t<div class=\"dslc-text-module-content\">\r\n\t\t\t<p>Nous proposons un vaste choix de Tissus pour la D\u00e9coration Int\u00e9rieure de la Maison. Nos collections comprennent diff\u00e9rents types de Tissus pour chaque poche, des Tissus simples avec l'ajout de fils artificiels aux tr\u00e8s sophistiqu\u00e9s faits \u00e0 la main en soie.<br>Dans nos collections vous trouverez tous les styles de textile aux motifs vari\u00e9s : classique, moderne, art d\u00e9co, baroque, glamour, urbain, g\u00e9om\u00e9trique, ray\u00e9, fleuri, animalier et bien d'autres dans des milliers de nuances et de couleurs. Vous pouvez facilement choisir des Tissus qui correspondent aux couleurs de n'importe quel int\u00e9rieur<\/p><p><strong>Nous proposons des Tissus D\u00e9coratifs tels que\u00a0:<\/strong><br>- Tissu Transparent, Voile<br>- Tissus pour Baldaquins<br>- Tissus de Rideaux<br>- Tissus Occultants<br>- Tissus d'Ameublement pour Lits, Canap\u00e9s, Fauteuils, Chaises, Poufs<br>- Tissus de D\u00e9coration pour Coussins, Plaids, Dessus de Lit, Couvre Lit<br>- Tissu D\u00e9coratif pour Abat-Jour<br>- Coton et lin bio pour linge de lit de luxe<br>- Tissus Lin et Coton pour Nappes et Serviettes<br>- Cachemire, Laine, Mohair pour Plaids et Coussins<br>- Tissus d'Ameublement d'Ext\u00e9rieur<br>- Tissu d'Ext\u00e9rieur de Luxe pour Coussins<\/p><p>Nous pouvons livrer le Tissu sur commande selon vos propres couleurs et conception.<\/p>\t\t<\/div>\r\n\r\n\t\t\n\t\t\t\t<\/div><!-- .dslc-module -->\n\t\t\n\t\t<div id=\"dslc-module-04d8a9a99c7\" class=\"dslc-module-front dslc-module-DSLC_Info_Box dslc-in-viewport-check dslc-in-viewport-anim-none  dslc-col dslc-12-col dslc-last-col  dslc-module-handle-like-regular \" data-module-id=\"04d8a9a99c7\" data-module=\"DSLC_Info_Box\" data-dslc-module-size=\"12\" data-dslc-anim=\"none\" data-dslc-anim-delay=\"\" data-dslc-anim-duration=\"650\"  data-dslc-anim-easing=\"ease\" data-dslc-preset=\"none\" >\n\n\t\t\t\n\t\t\t\n\t\t\n\t\t\t<div class=\"dslc-info-box dslc-info-box-icon-pos-above dslc-info-box-image-pos-above\">\n\n\t\t\t\t<div class=\"dslc-info-box-wrapper\">\n\n\t\t\t\t\t\n\t\t\t\t\t<div class=\"dslc-info-box-main-wrap dslc-clearfix\">\n\n\t\t\t\t\t\t\n\t\t\t\t\t\t\n\t\t\t\t\t\t<div class=\"dslc-info-box-main\">\n\n\t\t\t\t\t\t\t\n\t\t\t\t\t\t\t\t\t\t\t\t\t\t\t<div class=\"dslc-info-box-content\">\n\t\t\t\t\t\t\t\t\t\t\t\t\t\t\t\t\t\t\t<p>Conseil & Devis Gratuits<\/p>\t\t\t\t\t\t\t\t\t\t\t\t\t\t\t\t\t<\/div><!-- .dslc-info-box-content -->\n\t\t\t\t\t\t\t\n\t\t\t\t\t\t\t\t\t\t\t\t\t\t\t<div class=\"dslc-info-box-button\">\n\t\t\t\t\t\t\t\t\t\t\t\t\t\t\t\t\t\t\t<a href=\"https:\/\/decobelle.it\/fr\/contact\/\"  target=\"_self\" class=\"dslc-primary \">\n\t\t\t\t\t\t\t\t\t\t\t\t\t\t\t\t\t\t\t\t\t\t\t<span class=\"dslc-icon dslc-icon-\"><\/span>\n\t\t\t\t\t\t\t\t\t\t\t\t\t\t\t\t\t\t\t\t\t\t\t\t\t\t\t\t\t\t\t\t\t\t<span>\n\t\t\t\t\t\t\t\t\t\t\t\t\tPrendre Rendez-Vous\t\t\t\t\t\t\t\t\t\t\t\t<\/span>\n\t\t\t\t\t\t\t\t\t\t\t\t\t\t\t\t\t\t\t\t\t<\/a>\n\t\t\t\t\t\t\t\t\t\t\t\t\t\t\t\t\t\t\t\t\t\t\t\t\t\t<\/div><!-- .dslc-info-box-button -->\n\t\t\t\t\t\t\t\n\t\t\t\t\t\t<\/div><!-- .dslc-info-box-main -->\n\n\t\t\t\t\t<\/div><!-- .dslc-info-box-main-wrap -->\n\n\t\t\t\t<\/div><!-- .dslc-info-box-wrapper -->\n\n\t\t\t<\/div><!-- .dslc-info-box -->\n\n\t\t\n\t\t\t\t<\/div><!-- .dslc-module -->\n\t\t\n\t\t<div id=\"dslc-module-46a9b25d150\" class=\"dslc-module-front dslc-module-DSLC_Separator dslc-in-viewport-check dslc-in-viewport-anim-none  dslc-col dslc-12-col dslc-last-col dslc-hide-on-desktop  dslc-module-handle-like-regular \" data-module-id=\"46a9b25d150\" data-module=\"DSLC_Separator\" data-dslc-module-size=\"12\" data-dslc-anim=\"none\" data-dslc-anim-delay=\"\" data-dslc-anim-duration=\"650\"  data-dslc-anim-easing=\"ease\" data-dslc-preset=\"none\" >\n\n\t\t\t\n\t\t\t\n\t\t\t\t\t<div class=\"dslc-separator-wrapper\">\n\t\t\t\t<div class=\"dslc-separator dslc-separator-style-invisible\">\n\t\t\t\t\t\t\t\t\t<\/div>\n\t\t\t\t<div><\/div>\n\t\t\t<\/div><!-- .dslc-separator-wrapper -->\n\t\t\t\n\t\t\t\t<\/div><!-- .dslc-module -->\n\t\t\n\t\t<div id=\"dslc-module-t4j432h839s\" class=\"dslc-module-front dslc-module-DSLC_Image dslc-in-viewport-check dslc-in-viewport-anim-none  dslc-col dslc-12-col dslc-last-col  dslc-module-handle-like-regular mobi\" data-module-id=\"t4j432h839s\" data-module=\"DSLC_Image\" data-dslc-module-size=\"12\" data-dslc-anim=\"none\" data-dslc-anim-delay=\"\" data-dslc-anim-duration=\"650\"  data-dslc-anim-easing=\"ease\" data-dslc-preset=\"none\" >\n\n\t\t\t\n\t\t\t\n\t\t\t\t<div class=\"dslc-image-container\">\n\t\t<div class=\"dslc-image\">\n\n\t\t\t\n\t\t\t\t\n\t\t\t\t\t\t\t\t\t<img src=\"https:\/\/decobelle.it\/fr\/wp-content\/uploads\/sites\/3\/2022\/02\/Curtain-textile.jpg\" alt=\"\" title=\"\" srcset=\"https:\/\/decobelle.it\/fr\/wp-content\/uploads\/sites\/3\/2022\/02\/Curtain-textile.jpg 900w, https:\/\/decobelle.it\/fr\/wp-content\/uploads\/sites\/3\/2022\/02\/Curtain-textile-300x300.jpg 300w, https:\/\/decobelle.it\/fr\/wp-content\/uploads\/sites\/3\/2022\/02\/Curtain-textile-150x150.jpg 150w, https:\/\/decobelle.it\/fr\/wp-content\/uploads\/sites\/3\/2022\/02\/Curtain-textile-768x768.jpg 768w\" sizes=\"(max-width: 900px) 100vw, 900px\" \/>\n\t\t\t\t\n\t\t\t\t\t\t\t\t\t<\/div><!-- .dslc-image -->\n\t\t<\/div>\n\t\t\n\t\t\t\t<\/div><!-- .dslc-module -->\n\t\t<\/div><div class=\"dslc-modules-area dslc-col dslc-4-col dslc-last-col dslc-valign-undefined \" data-size=\"4\" data-valign=\"undefined\">\n\t\t<div id=\"dslc-module-f32c8fe99c8\" class=\"dslc-module-front dslc-module-DSLC_Image dslc-in-viewport-check dslc-in-viewport-anim-none  dslc-col dslc-12-col dslc-last-col  dslc-module-handle-like-regular mobi2\" data-module-id=\"f32c8fe99c8\" data-module=\"DSLC_Image\" data-dslc-module-size=\"12\" data-dslc-anim=\"none\" data-dslc-anim-delay=\"\" data-dslc-anim-duration=\"650\"  data-dslc-anim-easing=\"ease\" data-dslc-preset=\"none\" >\n\n\t\t\t\n\t\t\t\n\t\t\t\t<div class=\"dslc-image-container\">\n\t\t<div class=\"dslc-image\">\n\n\t\t\t\n\t\t\t\t\n\t\t\t\t\t\t\t\t\t<img src=\"https:\/\/decobelle.it\/fr\/wp-content\/uploads\/sites\/3\/2022\/02\/deco-belle-tesutti-casa.jpg\" alt=\"\" title=\"\" srcset=\"https:\/\/decobelle.it\/fr\/wp-content\/uploads\/sites\/3\/2022\/02\/deco-belle-tesutti-casa.jpg 900w, https:\/\/decobelle.it\/fr\/wp-content\/uploads\/sites\/3\/2022\/02\/deco-belle-tesutti-casa-300x300.jpg 300w, https:\/\/decobelle.it\/fr\/wp-content\/uploads\/sites\/3\/2022\/02\/deco-belle-tesutti-casa-150x150.jpg 150w, https:\/\/decobelle.it\/fr\/wp-content\/uploads\/sites\/3\/2022\/02\/deco-belle-tesutti-casa-768x768.jpg 768w\" sizes=\"(max-width: 900px) 100vw, 900px\" \/>\n\t\t\t\t\n\t\t\t\t\t\t\t\t\t<\/div><!-- .dslc-image -->\n\t\t<\/div>\n\t\t\n\t\t\t\t<\/div><!-- .dslc-module -->\n\t\t\n\t\t<div id=\"dslc-module-b72ef9dac81\" class=\"dslc-module-front dslc-module-DSLC_Image dslc-in-viewport-check dslc-in-viewport-anim-none  dslc-col dslc-12-col dslc-last-col  dslc-module-handle-like-regular mobi2\" data-module-id=\"b72ef9dac81\" data-module=\"DSLC_Image\" data-dslc-module-size=\"12\" data-dslc-anim=\"none\" data-dslc-anim-delay=\"\" data-dslc-anim-duration=\"650\"  data-dslc-anim-easing=\"ease\" data-dslc-preset=\"none\" >\n\n\t\t\t\n\t\t\t\n\t\t\t\t<div class=\"dslc-image-container\">\n\t\t<div class=\"dslc-image\">\n\n\t\t\t\n\t\t\t\t\n\t\t\t\t\t\t\t\t\t<img src=\"https:\/\/decobelle.it\/fr\/wp-content\/uploads\/sites\/3\/2022\/02\/Curtain-textile.jpg\" alt=\"\" title=\"\" srcset=\"https:\/\/decobelle.it\/fr\/wp-content\/uploads\/sites\/3\/2022\/02\/Curtain-textile.jpg 900w, https:\/\/decobelle.it\/fr\/wp-content\/uploads\/sites\/3\/2022\/02\/Curtain-textile-300x300.jpg 300w, https:\/\/decobelle.it\/fr\/wp-content\/uploads\/sites\/3\/2022\/02\/Curtain-textile-150x150.jpg 150w, https:\/\/decobelle.it\/fr\/wp-content\/uploads\/sites\/3\/2022\/02\/Curtain-textile-768x768.jpg 768w\" sizes=\"(max-width: 900px) 100vw, 900px\" \/>\n\t\t\t\t\n\t\t\t\t\t\t\t\t\t<\/div><!-- .dslc-image -->\n\t\t<\/div>\n\t\t\n\t\t\t\t<\/div><!-- .dslc-module -->\n\t\t<\/div><\/div><\/div>\r\n\t\t<div  class=\"dslc-modules-section \" style=\"padding-bottom:0px;padding-top:0px;\" data-section-id=\"0381267b50b\">\r\n\t\t\t\t\r\n\t\t\t\t\r\n\t\t\t\t<div class=\"dslc-modules-section-wrapper dslc-clearfix\"><div class=\"dslc-modules-area dslc-col dslc-12-col dslc-last-col dslc-valign- \" data-size=\"12\" data-valign=\"\">\n\t\t<div id=\"dslc-module-1e6dfc6462a\" class=\"dslc-module-front dslc-module-DSLC_Shortcode dslc-in-viewport-check dslc-in-viewport-anim-none  dslc-col dslc-12-col dslc-last-col  dslc-module-handle-like-regular \" data-module-id=\"1e6dfc6462a\" data-module=\"DSLC_Shortcode\" data-dslc-module-size=\"12\" data-dslc-anim=\"none\" data-dslc-anim-delay=\"\" data-dslc-anim-duration=\"650\"  data-dslc-anim-easing=\"ease\" data-dslc-preset=\"none\" >\n\n\t\t\t\n\t\t\t\n\t\t\t\t<div class=\"dslc-module-shortcode\">\n\t\t\tngg_shortcode_1_placeholder\t\t<\/div>\n\t\t\n\t\t\t\t<\/div><!-- .dslc-module -->\n\t\t<\/div><\/div><\/div><\/div>","protected":false},"excerpt":{"rendered":"<p>Tissus pour la Maison Nous proposons un vaste choix de Tissus pour la D\u00e9coration Int\u00e9rieure de la Maison. Nos collections comprennent diff\u00e9rents types de Tissus pour chaque poche, des Tissus simples avec l'ajout de fils artificiels aux tr\u00e8s sophistiqu\u00e9s faits \u00e0 la main en soie.Dans nos collections vous trouverez tous les styles de textile aux [&hellip;]<\/p>\n","protected":false},"author":1,"featured_media":0,"parent":41,"menu_order":0,"comment_status":"closed","ping_status":"closed","template":"","meta":{"ngg_post_thumbnail":0},"yoast_head":"<!-- This site is optimized with the Yoast SEO plugin v19.13 - https:\/\/yoast.com\/wordpress\/plugins\/seo\/ -->\n<title>Tissus pour la\u00a0Maison - FR |Deco Belle - Maison de Rideaux<\/title>\n<meta name=\"robots\" content=\"index, follow, max-snippet:-1, max-image-preview:large, max-video-preview:-1\" \/>\n<link rel=\"canonical\" href=\"https:\/\/decobelle.it\/fr\/textiles-de-maison\/tissus-pour-la-maison\/\" \/>\n<meta property=\"og:locale\" content=\"fr_FR\" \/>\n<meta property=\"og:type\" content=\"article\" \/>\n<meta property=\"og:title\" content=\"Tissus pour la\u00a0Maison - FR |Deco Belle - Maison de Rideaux\" \/>\n<meta property=\"og:description\" content=\"Tissus pour la Maison Nous proposons un vaste choix de Tissus pour la D\u00e9coration Int\u00e9rieure de la Maison. Nos collections comprennent diff\u00e9rents types de Tissus pour chaque poche, des Tissus simples avec l&#039;ajout de fils artificiels aux tr\u00e8s sophistiqu\u00e9s faits \u00e0 la main en soie.Dans nos collections vous trouverez tous les styles de textile aux [&hellip;]\" \/>\n<meta property=\"og:url\" content=\"https:\/\/decobelle.it\/fr\/textiles-de-maison\/tissus-pour-la-maison\/\" \/>\n<meta property=\"og:site_name\" content=\"FR |Deco Belle - Maison de Rideaux\" \/>\n<meta property=\"article:modified_time\" content=\"2022-02-16T12:57:32+00:00\" \/>\n<meta name=\"twitter:card\" content=\"summary_large_image\" \/>\n<script type=\"application\/ld+json\" class=\"yoast-schema-graph\">{\"@context\":\"https:\/\/schema.org\",\"@graph\":[{\"@type\":\"WebPage\",\"@id\":\"https:\/\/decobelle.it\/fr\/textiles-de-maison\/tissus-pour-la-maison\/\",\"url\":\"https:\/\/decobelle.it\/fr\/textiles-de-maison\/tissus-pour-la-maison\/\",\"name\":\"Tissus pour la\u00a0Maison - FR |Deco Belle - Maison de Rideaux\",\"isPartOf\":{\"@id\":\"https:\/\/decobelle.it\/fr\/#website\"},\"datePublished\":\"2022-01-03T17:46:58+00:00\",\"dateModified\":\"2022-02-16T12:57:32+00:00\",\"breadcrumb\":{\"@id\":\"https:\/\/decobelle.it\/fr\/textiles-de-maison\/tissus-pour-la-maison\/#breadcrumb\"},\"inLanguage\":\"fr-FR\",\"potentialAction\":[{\"@type\":\"ReadAction\",\"target\":[\"https:\/\/decobelle.it\/fr\/textiles-de-maison\/tissus-pour-la-maison\/\"]}]},{\"@type\":\"BreadcrumbList\",\"@id\":\"https:\/\/decobelle.it\/fr\/textiles-de-maison\/tissus-pour-la-maison\/#breadcrumb\",\"itemListElement\":[{\"@type\":\"ListItem\",\"position\":1,\"name\":\"Strona g\u0142\u00f3wna\",\"item\":\"https:\/\/decobelle.it\/fr\/\"},{\"@type\":\"ListItem\",\"position\":2,\"name\":\"Textiles de Maison\",\"item\":\"https:\/\/decobelle.it\/fr\/textiles-de-maison\/\"},{\"@type\":\"ListItem\",\"position\":3,\"name\":\"Tissus pour la\u00a0Maison\"}]},{\"@type\":\"WebSite\",\"@id\":\"https:\/\/decobelle.it\/fr\/#website\",\"url\":\"https:\/\/decobelle.it\/fr\/\",\"name\":\"FR |Deco Belle - Maison de Rideaux\",\"description\":\"Deco Belle - Maison du Rideaux\",\"potentialAction\":[{\"@type\":\"SearchAction\",\"target\":{\"@type\":\"EntryPoint\",\"urlTemplate\":\"https:\/\/decobelle.it\/fr\/?s={search_term_string}\"},\"query-input\":\"required name=search_term_string\"}],\"inLanguage\":\"fr-FR\"}]}<\/script>\n<!-- \/ Yoast SEO plugin. -->","yoast_head_json":{"title":"Tissus pour la\u00a0Maison - FR |Deco Belle - Maison de Rideaux","robots":{"index":"index","follow":"follow","max-snippet":"max-snippet:-1","max-image-preview":"max-image-preview:large","max-video-preview":"max-video-preview:-1"},"canonical":"https:\/\/decobelle.it\/fr\/textiles-de-maison\/tissus-pour-la-maison\/","og_locale":"fr_FR","og_type":"article","og_title":"Tissus pour la\u00a0Maison - FR |Deco Belle - Maison de Rideaux","og_description":"Tissus pour la Maison Nous proposons un vaste choix de Tissus pour la D\u00e9coration Int\u00e9rieure de la Maison. Nos collections comprennent diff\u00e9rents types de Tissus pour chaque poche, des Tissus simples avec l'ajout de fils artificiels aux tr\u00e8s sophistiqu\u00e9s faits \u00e0 la main en soie.Dans nos collections vous trouverez tous les styles de textile aux [&hellip;]","og_url":"https:\/\/decobelle.it\/fr\/textiles-de-maison\/tissus-pour-la-maison\/","og_site_name":"FR |Deco Belle - Maison de Rideaux","article_modified_time":"2022-02-16T12:57:32+00:00","twitter_card":"summary_large_image","schema":{"@context":"https:\/\/schema.org","@graph":[{"@type":"WebPage","@id":"https:\/\/decobelle.it\/fr\/textiles-de-maison\/tissus-pour-la-maison\/","url":"https:\/\/decobelle.it\/fr\/textiles-de-maison\/tissus-pour-la-maison\/","name":"Tissus pour la\u00a0Maison - FR |Deco Belle - Maison de Rideaux","isPartOf":{"@id":"https:\/\/decobelle.it\/fr\/#website"},"datePublished":"2022-01-03T17:46:58+00:00","dateModified":"2022-02-16T12:57:32+00:00","breadcrumb":{"@id":"https:\/\/decobelle.it\/fr\/textiles-de-maison\/tissus-pour-la-maison\/#breadcrumb"},"inLanguage":"fr-FR","potentialAction":[{"@type":"ReadAction","target":["https:\/\/decobelle.it\/fr\/textiles-de-maison\/tissus-pour-la-maison\/"]}]},{"@type":"BreadcrumbList","@id":"https:\/\/decobelle.it\/fr\/textiles-de-maison\/tissus-pour-la-maison\/#breadcrumb","itemListElement":[{"@type":"ListItem","position":1,"name":"Strona g\u0142\u00f3wna","item":"https:\/\/decobelle.it\/fr\/"},{"@type":"ListItem","position":2,"name":"Textiles de Maison","item":"https:\/\/decobelle.it\/fr\/textiles-de-maison\/"},{"@type":"ListItem","position":3,"name":"Tissus pour la\u00a0Maison"}]},{"@type":"WebSite","@id":"https:\/\/decobelle.it\/fr\/#website","url":"https:\/\/decobelle.it\/fr\/","name":"FR |Deco Belle - Maison de Rideaux","description":"Deco Belle - Maison du Rideaux","potentialAction":[{"@type":"SearchAction","target":{"@type":"EntryPoint","urlTemplate":"https:\/\/decobelle.it\/fr\/?s={search_term_string}"},"query-input":"required name=search_term_string"}],"inLanguage":"fr-FR"}]}},"_links":{"self":[{"href":"https:\/\/decobelle.it\/fr\/wp-json\/wp\/v2\/pages\/146"}],"collection":[{"href":"https:\/\/decobelle.it\/fr\/wp-json\/wp\/v2\/pages"}],"about":[{"href":"https:\/\/decobelle.it\/fr\/wp-json\/wp\/v2\/types\/page"}],"author":[{"embeddable":true,"href":"https:\/\/decobelle.it\/fr\/wp-json\/wp\/v2\/users\/1"}],"replies":[{"embeddable":true,"href":"https:\/\/decobelle.it\/fr\/wp-json\/wp\/v2\/comments?post=146"}],"version-history":[{"count":2,"href":"https:\/\/decobelle.it\/fr\/wp-json\/wp\/v2\/pages\/146\/revisions"}],"predecessor-version":[{"id":850,"href":"https:\/\/decobelle.it\/fr\/wp-json\/wp\/v2\/pages\/146\/revisions\/850"}],"up":[{"embeddable":true,"href":"https:\/\/decobelle.it\/fr\/wp-json\/wp\/v2\/pages\/41"}],"wp:attachment":[{"href":"https:\/\/decobelle.it\/fr\/wp-json\/wp\/v2\/media?parent=146"}],"curies":[{"name":"wp","href":"https:\/\/api.w.org\/{rel}","templated":true}]}}