{"id":151,"date":"2022-01-03T18:47:19","date_gmt":"2022-01-03T17:47:19","guid":{"rendered":"https:\/\/lidia.secretcats.pl\/fr\/?page_id=151"},"modified":"2022-02-16T13:58:11","modified_gmt":"2022-02-16T12:58:11","slug":"tissus-pour-hotels","status":"publish","type":"page","link":"https:\/\/decobelle.it\/fr\/textiles-de-maison\/tissus-pour-hotels\/","title":{"rendered":"Tissus pour\u00a0H\u00f4tels"},"content":{"rendered":"<div id=\"dslc-main\">\r\n\t\t<div id=\"curtains-&-voiles-for-yachts\" class=\"dslc-modules-section \" style=\"padding-bottom:90px;padding-top:90px;\" data-section-id=\"84d6becdec1\">\r\n\t\t\t\t\r\n\t\t\t\t\r\n\t\t\t\t<div class=\"dslc-modules-section-wrapper dslc-clearfix\"><div class=\"dslc-modules-area dslc-col dslc-8-col dslc-first-col dslc-valign- \" data-size=\"8\" data-valign=\"\">\n\t\t<div id=\"dslc-module-08eab067b19\" class=\"dslc-module-front dslc-module-DSLC_Text_Simple dslc-in-viewport-check dslc-in-viewport-anim-none  dslc-col dslc-12-col dslc-last-col  dslc-module-handle-like-regular \" data-module-id=\"08eab067b19\" data-module=\"DSLC_Text_Simple\" data-dslc-module-size=\"12\" data-dslc-anim=\"none\" data-dslc-anim-delay=\"\" data-dslc-anim-duration=\"650\"  data-dslc-anim-easing=\"ease\" data-dslc-preset=\"none\" >\n\n\t\t\t\n\t\t\t\n\t\t\r\n\t\t<div class=\"dslc-text-module-content\">\r\n\t\t\t<h1>Tissus pour H\u00f4tels<\/h1>\t\t<\/div>\r\n\r\n\t\t\n\t\t\t\t<\/div><!-- .dslc-module -->\n\t\t\n\t\t<div id=\"dslc-module-1bifcuvp8l\" class=\"dslc-module-front dslc-module-DSLC_Text_Simple dslc-in-viewport-check dslc-in-viewport-anim-none  dslc-col dslc-12-col dslc-last-col  dslc-module-handle-like-regular \" data-module-id=\"1bifcuvp8l\" data-module=\"DSLC_Text_Simple\" data-dslc-module-size=\"12\" data-dslc-anim=\"none\" data-dslc-anim-delay=\"\" data-dslc-anim-duration=\"650\"  data-dslc-anim-easing=\"ease\" data-dslc-preset=\"none\" >\n\n\t\t\t\n\t\t\t\n\t\t\r\n\t\t<div class=\"dslc-text-module-content\">\r\n\t\t\t<h1>Tissu pour H\u00f4tels & Restaurants<\/h1>\t\t<\/div>\r\n\r\n\t\t\n\t\t\t\t<\/div><!-- .dslc-module -->\n\t\t\n\t\t<div id=\"dslc-module-f4ce2867db2\" class=\"dslc-module-front dslc-module-DSLC_Separator dslc-in-viewport-check dslc-in-viewport-anim-none  dslc-col dslc-12-col dslc-last-col  dslc-module-handle-like-regular \" data-module-id=\"f4ce2867db2\" data-module=\"DSLC_Separator\" data-dslc-module-size=\"12\" data-dslc-anim=\"none\" data-dslc-anim-delay=\"\" data-dslc-anim-duration=\"650\"  data-dslc-anim-easing=\"ease\" data-dslc-preset=\"none\" >\n\n\t\t\t\n\t\t\t\n\t\t\t\t\t<div class=\"dslc-separator-wrapper\">\n\t\t\t\t<div class=\"dslc-separator dslc-separator-style-invisible\">\n\t\t\t\t\t\t\t\t\t<\/div>\n\t\t\t\t<div><\/div>\n\t\t\t<\/div><!-- .dslc-separator-wrapper -->\n\t\t\t\n\t\t\t\t<\/div><!-- .dslc-module -->\n\t\t\n\t\t<div id=\"dslc-module-vt2botsheso\" class=\"dslc-module-front dslc-module-DSLC_Image dslc-in-viewport-check dslc-in-viewport-anim-none  dslc-col dslc-12-col dslc-last-col  dslc-module-handle-like-regular mobi\" data-module-id=\"vt2botsheso\" data-module=\"DSLC_Image\" data-dslc-module-size=\"12\" data-dslc-anim=\"none\" data-dslc-anim-delay=\"\" data-dslc-anim-duration=\"650\"  data-dslc-anim-easing=\"ease\" data-dslc-preset=\"none\" >\n\n\t\t\t\n\t\t\t\n\t\t\t\t<div class=\"dslc-image-container\">\n\t\t<div class=\"dslc-image\">\n\n\t\t\t\n\t\t\t\t\n\t\t\t\t\t\t\t\t\t<img src=\"https:\/\/decobelle.it\/fr\/wp-content\/uploads\/sites\/3\/2022\/02\/deco-belle-hotel-rideaux-curtain.jpg\" alt=\"\" title=\"\" srcset=\"https:\/\/decobelle.it\/fr\/wp-content\/uploads\/sites\/3\/2022\/02\/deco-belle-hotel-rideaux-curtain.jpg 1200w, https:\/\/decobelle.it\/fr\/wp-content\/uploads\/sites\/3\/2022\/02\/deco-belle-hotel-rideaux-curtain-291x300.jpg 291w, https:\/\/decobelle.it\/fr\/wp-content\/uploads\/sites\/3\/2022\/02\/deco-belle-hotel-rideaux-curtain-995x1024.jpg 995w, https:\/\/decobelle.it\/fr\/wp-content\/uploads\/sites\/3\/2022\/02\/deco-belle-hotel-rideaux-curtain-768x790.jpg 768w\" sizes=\"(max-width: 1200px) 100vw, 1200px\" \/>\n\t\t\t\t\n\t\t\t\t\t\t\t\t\t<\/div><!-- .dslc-image -->\n\t\t<\/div>\n\t\t\n\t\t\t\t<\/div><!-- .dslc-module -->\n\t\t\n\t\t<div id=\"dslc-module-06153e49d5d\" class=\"dslc-module-front dslc-module-DSLC_Separator dslc-in-viewport-check dslc-in-viewport-anim-none  dslc-col dslc-12-col dslc-last-col dslc-hide-on-desktop dslc-hide-on-tablet  dslc-module-handle-like-regular \" data-module-id=\"06153e49d5d\" data-module=\"DSLC_Separator\" data-dslc-module-size=\"12\" data-dslc-anim=\"none\" data-dslc-anim-delay=\"\" data-dslc-anim-duration=\"650\"  data-dslc-anim-easing=\"ease\" data-dslc-preset=\"none\" >\n\n\t\t\t\n\t\t\t\n\t\t\t\t\t<div class=\"dslc-separator-wrapper\">\n\t\t\t\t<div class=\"dslc-separator dslc-separator-style-invisible\">\n\t\t\t\t\t\t\t\t\t<\/div>\n\t\t\t\t<div><\/div>\n\t\t\t<\/div><!-- .dslc-separator-wrapper -->\n\t\t\t\n\t\t\t\t<\/div><!-- .dslc-module -->\n\t\t\n\t\t<div id=\"dslc-module-c36b55caee4\" class=\"dslc-module-front dslc-module-DSLC_Text_Simple dslc-in-viewport-check dslc-in-viewport-anim-none  dslc-col dslc-12-col dslc-last-col  dslc-module-handle-like-regular \" data-module-id=\"c36b55caee4\" data-module=\"DSLC_Text_Simple\" data-dslc-module-size=\"12\" data-dslc-anim=\"none\" data-dslc-anim-delay=\"\" data-dslc-anim-duration=\"650\"  data-dslc-anim-easing=\"ease\" data-dslc-preset=\"none\" >\n\n\t\t\t\n\t\t\t\n\t\t\r\n\t\t<div class=\"dslc-text-module-content\">\r\n\t\t\t<p>Nous proposons une large s\u00e9lection de Tissus Ignifuges et Durables pour les H\u00f4tels. Notre Tissu a des Certificats pour les Pays Europ\u00e9ens.<br>Nos collections comprennent diff\u00e9rents types de Tissus, des Tissus simples avec l'ajout de fils artificiels aux Tissus tr\u00e8s sophistiqu\u00e9s pour les Boutiques et les H\u00f4tels de Luxe.<br>Dans nos collections, vous trouverez de nombreux Tissus unicolores et de nombreux styles de textiles diff\u00e9rents, des motifs vari\u00e9s : moderne, art d\u00e9co, glamour, urbain, g\u00e9om\u00e9trique, \u00e0 rayures, floral, animal et bien d'autres dans des milliers de nuances et de couleurs. Vous pouvez facilement choisir les bons Tissus. Sinon, nous pouvons fournir du Tissu sur mesure sur commande selon nos propres couleurs et conception.<\/p><p><strong>Nous proposons des Tissus D\u00e9coratifs tels que :<\/strong><br>- Tissus Transparents, Voilages<br>- Tissus de Rideaux<br>- Tissus Dimout et Blackout<br>- Tissu Acoustique<br>- Tissus d'Ameublement Durables pour Lits, Canap\u00e9s, Fauteuils, Chaises, Poufs<br>- Tissus de D\u00e9coration pour Coussins, Plaids, Dessus de Lit, Chemin de Lit<br>- Tissus D\u00e9coratifs pour Abat-Jour<br>- Faux Cuir pour Meubles et Panneaux Muraux<br>- Tissus d'Ext\u00e9rieur<br>- Velours Ignifuges<br>- Coton pour Linge de Lit<br>- Tissus Lin et Coton pour Nappes et Serviettes<br>- Cachemire, Laine, Mohair pour Plaids<\/p><p>Nous pouvons livrer le Tissu sur commande selon nos propres couleurs et conception.<\/p>\t\t<\/div>\r\n\r\n\t\t\n\t\t\t\t<\/div><!-- .dslc-module -->\n\t\t\n\t\t<div id=\"dslc-module-98763d9c2a6\" class=\"dslc-module-front dslc-module-DSLC_Info_Box dslc-in-viewport-check dslc-in-viewport-anim-none  dslc-col dslc-12-col dslc-last-col  dslc-module-handle-like-regular \" data-module-id=\"98763d9c2a6\" data-module=\"DSLC_Info_Box\" data-dslc-module-size=\"12\" data-dslc-anim=\"none\" data-dslc-anim-delay=\"\" data-dslc-anim-duration=\"650\"  data-dslc-anim-easing=\"ease\" data-dslc-preset=\"none\" >\n\n\t\t\t\n\t\t\t\n\t\t\n\t\t\t<div class=\"dslc-info-box dslc-info-box-icon-pos-above dslc-info-box-image-pos-above\">\n\n\t\t\t\t<div class=\"dslc-info-box-wrapper\">\n\n\t\t\t\t\t\n\t\t\t\t\t<div class=\"dslc-info-box-main-wrap dslc-clearfix\">\n\n\t\t\t\t\t\t\n\t\t\t\t\t\t\n\t\t\t\t\t\t<div class=\"dslc-info-box-main\">\n\n\t\t\t\t\t\t\t\n\t\t\t\t\t\t\t\t\t\t\t\t\t\t\t<div class=\"dslc-info-box-content\">\n\t\t\t\t\t\t\t\t\t\t\t\t\t\t\t\t\t\t\t<p>Conseil & Devis Gratuits<\/p>\t\t\t\t\t\t\t\t\t\t\t\t\t\t\t\t\t<\/div><!-- .dslc-info-box-content -->\n\t\t\t\t\t\t\t\n\t\t\t\t\t\t\t\t\t\t\t\t\t\t\t<div class=\"dslc-info-box-button\">\n\t\t\t\t\t\t\t\t\t\t\t\t\t\t\t\t\t\t\t<a href=\"https:\/\/decobelle.it\/fr\/contact\/\"  target=\"_self\" class=\"dslc-primary \">\n\t\t\t\t\t\t\t\t\t\t\t\t\t\t\t\t\t\t\t\t\t\t\t<span class=\"dslc-icon dslc-icon-\"><\/span>\n\t\t\t\t\t\t\t\t\t\t\t\t\t\t\t\t\t\t\t\t\t\t\t\t\t\t\t\t\t\t\t\t\t\t<span>\n\t\t\t\t\t\t\t\t\t\t\t\t\tPrendre Rendez-Vous\t\t\t\t\t\t\t\t\t\t\t\t<\/span>\n\t\t\t\t\t\t\t\t\t\t\t\t\t\t\t\t\t\t\t\t\t<\/a>\n\t\t\t\t\t\t\t\t\t\t\t\t\t\t\t\t\t\t\t\t\t\t\t\t\t\t<\/div><!-- .dslc-info-box-button -->\n\t\t\t\t\t\t\t\n\t\t\t\t\t\t<\/div><!-- .dslc-info-box-main -->\n\n\t\t\t\t\t<\/div><!-- .dslc-info-box-main-wrap -->\n\n\t\t\t\t<\/div><!-- .dslc-info-box-wrapper -->\n\n\t\t\t<\/div><!-- .dslc-info-box -->\n\n\t\t\n\t\t\t\t<\/div><!-- .dslc-module -->\n\t\t<\/div><div class=\"dslc-modules-area dslc-col dslc-4-col dslc-last-col dslc-valign-undefined \" data-size=\"4\" data-valign=\"undefined\">\n\t\t<div id=\"dslc-module-4647ae0055d\" class=\"dslc-module-front dslc-module-DSLC_Image dslc-in-viewport-check dslc-in-viewport-anim-none  dslc-col dslc-12-col dslc-last-col  dslc-module-handle-like-regular mobi2\" data-module-id=\"4647ae0055d\" data-module=\"DSLC_Image\" data-dslc-module-size=\"12\" data-dslc-anim=\"none\" data-dslc-anim-delay=\"\" data-dslc-anim-duration=\"650\"  data-dslc-anim-easing=\"ease\" data-dslc-preset=\"none\" >\n\n\t\t\t\n\t\t\t\n\t\t\t\t<div class=\"dslc-image-container\">\n\t\t<div class=\"dslc-image\">\n\n\t\t\t\n\t\t\t\t\n\t\t\t\t\t\t\t\t\t<img src=\"https:\/\/decobelle.it\/fr\/wp-content\/uploads\/sites\/3\/2022\/02\/deco-belle-hotel-rideaux-curtain.jpg\" alt=\"\" title=\"\" srcset=\"https:\/\/decobelle.it\/fr\/wp-content\/uploads\/sites\/3\/2022\/02\/deco-belle-hotel-rideaux-curtain.jpg 1200w, https:\/\/decobelle.it\/fr\/wp-content\/uploads\/sites\/3\/2022\/02\/deco-belle-hotel-rideaux-curtain-291x300.jpg 291w, https:\/\/decobelle.it\/fr\/wp-content\/uploads\/sites\/3\/2022\/02\/deco-belle-hotel-rideaux-curtain-995x1024.jpg 995w, https:\/\/decobelle.it\/fr\/wp-content\/uploads\/sites\/3\/2022\/02\/deco-belle-hotel-rideaux-curtain-768x790.jpg 768w\" sizes=\"(max-width: 1200px) 100vw, 1200px\" \/>\n\t\t\t\t\n\t\t\t\t\t\t\t\t\t<\/div><!-- .dslc-image -->\n\t\t<\/div>\n\t\t\n\t\t\t\t<\/div><!-- .dslc-module -->\n\t\t<\/div><\/div><\/div>\r\n\t\t<div  class=\"dslc-modules-section \" style=\"padding-bottom:0px;padding-top:0px;\" data-section-id=\"d7b4be83228\">\r\n\t\t\t\t\r\n\t\t\t\t\r\n\t\t\t\t<div class=\"dslc-modules-section-wrapper dslc-clearfix\"><div class=\"dslc-modules-area dslc-col dslc-12-col dslc-last-col dslc-valign- \" data-size=\"12\" data-valign=\"\">\n\t\t<div id=\"dslc-module-237caff6813\" class=\"dslc-module-front dslc-module-DSLC_Shortcode dslc-in-viewport-check dslc-in-viewport-anim-none  dslc-col dslc-12-col dslc-last-col  dslc-module-handle-like-regular \" data-module-id=\"237caff6813\" data-module=\"DSLC_Shortcode\" data-dslc-module-size=\"12\" data-dslc-anim=\"none\" data-dslc-anim-delay=\"\" data-dslc-anim-duration=\"650\"  data-dslc-anim-easing=\"ease\" data-dslc-preset=\"none\" >\n\n\t\t\t\n\t\t\t\n\t\t\t\t<div class=\"dslc-module-shortcode\">\n\t\t\tngg_shortcode_1_placeholder\t\t<\/div>\n\t\t\n\t\t\t\t<\/div><!-- .dslc-module -->\n\t\t<\/div><\/div><\/div><\/div>","protected":false},"excerpt":{"rendered":"<p>Tissus pour H\u00f4tels Tissu pour H\u00f4tels &#038; Restaurants Nous proposons une large s\u00e9lection de Tissus Ignifuges et Durables pour les H\u00f4tels. Notre Tissu a des Certificats pour les Pays Europ\u00e9ens.Nos collections comprennent diff\u00e9rents types de Tissus, des Tissus simples avec l'ajout de fils artificiels aux Tissus tr\u00e8s sophistiqu\u00e9s pour les Boutiques et les H\u00f4tels de [&hellip;]<\/p>\n","protected":false},"author":1,"featured_media":0,"parent":41,"menu_order":0,"comment_status":"closed","ping_status":"closed","template":"","meta":{"ngg_post_thumbnail":0},"yoast_head":"<!-- This site is optimized with the Yoast SEO plugin v19.13 - https:\/\/yoast.com\/wordpress\/plugins\/seo\/ -->\n<title>Tissus pour\u00a0H\u00f4tels - FR |Deco Belle - Maison de Rideaux<\/title>\n<meta name=\"robots\" content=\"index, follow, max-snippet:-1, max-image-preview:large, max-video-preview:-1\" \/>\n<link rel=\"canonical\" href=\"https:\/\/decobelle.it\/fr\/textiles-de-maison\/tissus-pour-hotels\/\" \/>\n<meta property=\"og:locale\" content=\"fr_FR\" \/>\n<meta property=\"og:type\" content=\"article\" \/>\n<meta property=\"og:title\" content=\"Tissus pour\u00a0H\u00f4tels - FR |Deco Belle - Maison de Rideaux\" \/>\n<meta property=\"og:description\" content=\"Tissus pour H\u00f4tels Tissu pour H\u00f4tels &amp; Restaurants Nous proposons une large s\u00e9lection de Tissus Ignifuges et Durables pour les H\u00f4tels. Notre Tissu a des Certificats pour les Pays Europ\u00e9ens.Nos collections comprennent diff\u00e9rents types de Tissus, des Tissus simples avec l&#039;ajout de fils artificiels aux Tissus tr\u00e8s sophistiqu\u00e9s pour les Boutiques et les H\u00f4tels de [&hellip;]\" \/>\n<meta property=\"og:url\" content=\"https:\/\/decobelle.it\/fr\/textiles-de-maison\/tissus-pour-hotels\/\" \/>\n<meta property=\"og:site_name\" content=\"FR |Deco Belle - Maison de Rideaux\" \/>\n<meta property=\"article:modified_time\" content=\"2022-02-16T12:58:11+00:00\" \/>\n<meta name=\"twitter:card\" content=\"summary_large_image\" \/>\n<script type=\"application\/ld+json\" class=\"yoast-schema-graph\">{\"@context\":\"https:\/\/schema.org\",\"@graph\":[{\"@type\":\"WebPage\",\"@id\":\"https:\/\/decobelle.it\/fr\/textiles-de-maison\/tissus-pour-hotels\/\",\"url\":\"https:\/\/decobelle.it\/fr\/textiles-de-maison\/tissus-pour-hotels\/\",\"name\":\"Tissus pour\u00a0H\u00f4tels - FR |Deco Belle - Maison de Rideaux\",\"isPartOf\":{\"@id\":\"https:\/\/decobelle.it\/fr\/#website\"},\"datePublished\":\"2022-01-03T17:47:19+00:00\",\"dateModified\":\"2022-02-16T12:58:11+00:00\",\"breadcrumb\":{\"@id\":\"https:\/\/decobelle.it\/fr\/textiles-de-maison\/tissus-pour-hotels\/#breadcrumb\"},\"inLanguage\":\"fr-FR\",\"potentialAction\":[{\"@type\":\"ReadAction\",\"target\":[\"https:\/\/decobelle.it\/fr\/textiles-de-maison\/tissus-pour-hotels\/\"]}]},{\"@type\":\"BreadcrumbList\",\"@id\":\"https:\/\/decobelle.it\/fr\/textiles-de-maison\/tissus-pour-hotels\/#breadcrumb\",\"itemListElement\":[{\"@type\":\"ListItem\",\"position\":1,\"name\":\"Strona g\u0142\u00f3wna\",\"item\":\"https:\/\/decobelle.it\/fr\/\"},{\"@type\":\"ListItem\",\"position\":2,\"name\":\"Textiles de Maison\",\"item\":\"https:\/\/decobelle.it\/fr\/textiles-de-maison\/\"},{\"@type\":\"ListItem\",\"position\":3,\"name\":\"Tissus pour\u00a0H\u00f4tels\"}]},{\"@type\":\"WebSite\",\"@id\":\"https:\/\/decobelle.it\/fr\/#website\",\"url\":\"https:\/\/decobelle.it\/fr\/\",\"name\":\"FR |Deco Belle - Maison de Rideaux\",\"description\":\"Deco Belle - Maison du Rideaux\",\"potentialAction\":[{\"@type\":\"SearchAction\",\"target\":{\"@type\":\"EntryPoint\",\"urlTemplate\":\"https:\/\/decobelle.it\/fr\/?s={search_term_string}\"},\"query-input\":\"required name=search_term_string\"}],\"inLanguage\":\"fr-FR\"}]}<\/script>\n<!-- \/ Yoast SEO plugin. -->","yoast_head_json":{"title":"Tissus pour\u00a0H\u00f4tels - FR |Deco Belle - Maison de Rideaux","robots":{"index":"index","follow":"follow","max-snippet":"max-snippet:-1","max-image-preview":"max-image-preview:large","max-video-preview":"max-video-preview:-1"},"canonical":"https:\/\/decobelle.it\/fr\/textiles-de-maison\/tissus-pour-hotels\/","og_locale":"fr_FR","og_type":"article","og_title":"Tissus pour\u00a0H\u00f4tels - FR |Deco Belle - Maison de Rideaux","og_description":"Tissus pour H\u00f4tels Tissu pour H\u00f4tels & Restaurants Nous proposons une large s\u00e9lection de Tissus Ignifuges et Durables pour les H\u00f4tels. Notre Tissu a des Certificats pour les Pays Europ\u00e9ens.Nos collections comprennent diff\u00e9rents types de Tissus, des Tissus simples avec l'ajout de fils artificiels aux Tissus tr\u00e8s sophistiqu\u00e9s pour les Boutiques et les H\u00f4tels de [&hellip;]","og_url":"https:\/\/decobelle.it\/fr\/textiles-de-maison\/tissus-pour-hotels\/","og_site_name":"FR |Deco Belle - Maison de Rideaux","article_modified_time":"2022-02-16T12:58:11+00:00","twitter_card":"summary_large_image","schema":{"@context":"https:\/\/schema.org","@graph":[{"@type":"WebPage","@id":"https:\/\/decobelle.it\/fr\/textiles-de-maison\/tissus-pour-hotels\/","url":"https:\/\/decobelle.it\/fr\/textiles-de-maison\/tissus-pour-hotels\/","name":"Tissus pour\u00a0H\u00f4tels - FR |Deco Belle - Maison de Rideaux","isPartOf":{"@id":"https:\/\/decobelle.it\/fr\/#website"},"datePublished":"2022-01-03T17:47:19+00:00","dateModified":"2022-02-16T12:58:11+00:00","breadcrumb":{"@id":"https:\/\/decobelle.it\/fr\/textiles-de-maison\/tissus-pour-hotels\/#breadcrumb"},"inLanguage":"fr-FR","potentialAction":[{"@type":"ReadAction","target":["https:\/\/decobelle.it\/fr\/textiles-de-maison\/tissus-pour-hotels\/"]}]},{"@type":"BreadcrumbList","@id":"https:\/\/decobelle.it\/fr\/textiles-de-maison\/tissus-pour-hotels\/#breadcrumb","itemListElement":[{"@type":"ListItem","position":1,"name":"Strona g\u0142\u00f3wna","item":"https:\/\/decobelle.it\/fr\/"},{"@type":"ListItem","position":2,"name":"Textiles de Maison","item":"https:\/\/decobelle.it\/fr\/textiles-de-maison\/"},{"@type":"ListItem","position":3,"name":"Tissus pour\u00a0H\u00f4tels"}]},{"@type":"WebSite","@id":"https:\/\/decobelle.it\/fr\/#website","url":"https:\/\/decobelle.it\/fr\/","name":"FR |Deco Belle - Maison de Rideaux","description":"Deco Belle - Maison du Rideaux","potentialAction":[{"@type":"SearchAction","target":{"@type":"EntryPoint","urlTemplate":"https:\/\/decobelle.it\/fr\/?s={search_term_string}"},"query-input":"required name=search_term_string"}],"inLanguage":"fr-FR"}]}},"_links":{"self":[{"href":"https:\/\/decobelle.it\/fr\/wp-json\/wp\/v2\/pages\/151"}],"collection":[{"href":"https:\/\/decobelle.it\/fr\/wp-json\/wp\/v2\/pages"}],"about":[{"href":"https:\/\/decobelle.it\/fr\/wp-json\/wp\/v2\/types\/page"}],"author":[{"embeddable":true,"href":"https:\/\/decobelle.it\/fr\/wp-json\/wp\/v2\/users\/1"}],"replies":[{"embeddable":true,"href":"https:\/\/decobelle.it\/fr\/wp-json\/wp\/v2\/comments?post=151"}],"version-history":[{"count":2,"href":"https:\/\/decobelle.it\/fr\/wp-json\/wp\/v2\/pages\/151\/revisions"}],"predecessor-version":[{"id":851,"href":"https:\/\/decobelle.it\/fr\/wp-json\/wp\/v2\/pages\/151\/revisions\/851"}],"up":[{"embeddable":true,"href":"https:\/\/decobelle.it\/fr\/wp-json\/wp\/v2\/pages\/41"}],"wp:attachment":[{"href":"https:\/\/decobelle.it\/fr\/wp-json\/wp\/v2\/media?parent=151"}],"curies":[{"name":"wp","href":"https:\/\/api.w.org\/{rel}","templated":true}]}}