{"id":342,"date":"2022-02-01T09:56:44","date_gmt":"2022-02-01T08:56:44","guid":{"rendered":"https:\/\/lidia.secretcats.pl\/fr\/?page_id=342"},"modified":"2022-02-16T13:51:55","modified_gmt":"2022-02-16T12:51:55","slug":"rideaux-intelligents","status":"publish","type":"page","link":"https:\/\/decobelle.it\/fr\/rideaux-sur-mesure\/rideaux-intelligents\/","title":{"rendered":"Rideaux\u00a0Intelligents"},"content":{"rendered":"<div id=\"dslc-main\">\r\n\t\t<div id=\"curtains-&-voiles-for-yachts\" class=\"dslc-modules-section \" style=\"padding-bottom:90px;padding-top:90px;\" data-section-id=\"6f9b28430a8\">\r\n\t\t\t\t\r\n\t\t\t\t\r\n\t\t\t\t<div class=\"dslc-modules-section-wrapper dslc-clearfix\"><div class=\"dslc-modules-area dslc-col dslc-8-col dslc-first-col dslc-valign- \" data-size=\"8\" data-valign=\"\">\n\t\t<div id=\"dslc-module-0d1712076a6\" class=\"dslc-module-front dslc-module-DSLC_Text_Simple dslc-in-viewport-check dslc-in-viewport-anim-none  dslc-col dslc-12-col dslc-last-col  dslc-module-handle-like-regular \" data-module-id=\"0d1712076a6\" data-module=\"DSLC_Text_Simple\" data-dslc-module-size=\"12\" data-dslc-anim=\"none\" data-dslc-anim-delay=\"\" data-dslc-anim-duration=\"650\"  data-dslc-anim-easing=\"ease\" data-dslc-preset=\"none\" >\n\n\t\t\t\n\t\t\t\n\t\t\r\n\t\t<div class=\"dslc-text-module-content\">\r\n\t\t\t<h1>Rideaux Intelligents<\/h1>\t\t<\/div>\r\n\r\n\t\t\n\t\t\t\t<\/div><!-- .dslc-module -->\n\t\t\n\t\t<div id=\"dslc-module-eb24507b17c\" class=\"dslc-module-front dslc-module-DSLC_Separator dslc-in-viewport-check dslc-in-viewport-anim-none  dslc-col dslc-12-col dslc-last-col  dslc-module-handle-like-regular \" data-module-id=\"eb24507b17c\" data-module=\"DSLC_Separator\" data-dslc-module-size=\"12\" data-dslc-anim=\"none\" data-dslc-anim-delay=\"\" data-dslc-anim-duration=\"650\"  data-dslc-anim-easing=\"ease\" data-dslc-preset=\"none\" >\n\n\t\t\t\n\t\t\t\n\t\t\t\t\t<div class=\"dslc-separator-wrapper\">\n\t\t\t\t<div class=\"dslc-separator dslc-separator-style-invisible\">\n\t\t\t\t\t\t\t\t\t<\/div>\n\t\t\t\t<div><\/div>\n\t\t\t<\/div><!-- .dslc-separator-wrapper -->\n\t\t\t\n\t\t\t\t<\/div><!-- .dslc-module -->\n\t\t\n\t\t<div id=\"dslc-module-gnckqkg2h2g\" class=\"dslc-module-front dslc-module-DSLC_Image dslc-in-viewport-check dslc-in-viewport-anim-none  dslc-col dslc-12-col dslc-last-col  dslc-module-handle-like-regular mobi\" data-module-id=\"gnckqkg2h2g\" data-module=\"DSLC_Image\" data-dslc-module-size=\"12\" data-dslc-anim=\"none\" data-dslc-anim-delay=\"\" data-dslc-anim-duration=\"650\"  data-dslc-anim-easing=\"ease\" data-dslc-preset=\"none\" >\n\n\t\t\t\n\t\t\t\n\t\t\t\t<div class=\"dslc-image-container\">\n\t\t<div class=\"dslc-image\">\n\n\t\t\t\n\t\t\t\t\n\t\t\t\t\t\t\t\t\t<img src=\"https:\/\/decobelle.it\/fr\/wp-content\/uploads\/sites\/3\/2022\/06\/rideaux-sur-mesure.jpg\" alt=\"\" title=\"\" srcset=\"https:\/\/decobelle.it\/fr\/wp-content\/uploads\/sites\/3\/2022\/06\/rideaux-sur-mesure.jpg 1000w, https:\/\/decobelle.it\/fr\/wp-content\/uploads\/sites\/3\/2022\/06\/rideaux-sur-mesure-236x300.jpg 236w, https:\/\/decobelle.it\/fr\/wp-content\/uploads\/sites\/3\/2022\/06\/rideaux-sur-mesure-805x1024.jpg 805w, https:\/\/decobelle.it\/fr\/wp-content\/uploads\/sites\/3\/2022\/06\/rideaux-sur-mesure-768x977.jpg 768w\" sizes=\"(max-width: 1000px) 100vw, 1000px\" \/>\n\t\t\t\t\n\t\t\t\t\t\t\t\t\t<\/div><!-- .dslc-image -->\n\t\t<\/div>\n\t\t\n\t\t\t\t<\/div><!-- .dslc-module -->\n\t\t\n\t\t<div id=\"dslc-module-bf9013808ca\" class=\"dslc-module-front dslc-module-DSLC_Separator dslc-in-viewport-check dslc-in-viewport-anim-none  dslc-col dslc-12-col dslc-last-col dslc-hide-on-desktop dslc-hide-on-tablet  dslc-module-handle-like-regular \" data-module-id=\"bf9013808ca\" data-module=\"DSLC_Separator\" data-dslc-module-size=\"12\" data-dslc-anim=\"none\" data-dslc-anim-delay=\"\" data-dslc-anim-duration=\"650\"  data-dslc-anim-easing=\"ease\" data-dslc-preset=\"none\" >\n\n\t\t\t\n\t\t\t\n\t\t\t\t\t<div class=\"dslc-separator-wrapper\">\n\t\t\t\t<div class=\"dslc-separator dslc-separator-style-invisible\">\n\t\t\t\t\t\t\t\t\t<\/div>\n\t\t\t\t<div><\/div>\n\t\t\t<\/div><!-- .dslc-separator-wrapper -->\n\t\t\t\n\t\t\t\t<\/div><!-- .dslc-module -->\n\t\t\n\t\t<div id=\"dslc-module-16ace901c87\" class=\"dslc-module-front dslc-module-DSLC_Text_Simple dslc-in-viewport-check dslc-in-viewport-anim-none  dslc-col dslc-12-col dslc-last-col  dslc-module-handle-like-regular \" data-module-id=\"16ace901c87\" data-module=\"DSLC_Text_Simple\" data-dslc-module-size=\"12\" data-dslc-anim=\"none\" data-dslc-anim-delay=\"\" data-dslc-anim-duration=\"650\"  data-dslc-anim-easing=\"ease\" data-dslc-preset=\"none\" >\n\n\t\t\t\n\t\t\t\n\t\t\r\n\t\t<div class=\"dslc-text-module-content\">\r\n\t\t\t<p>Les Appartements, Villas, Yachts d'aujourd'hui ne sont plus ce qu'ils \u00e9taient. Le mode de vie a \u00e9galement chang\u00e9. De nouvelles priorit\u00e9s s'appliquent. Une nouvelle maison doit \u00eatre facile \u00e0 utiliser, automatique, intuitive et ne n\u00e9cessitant pas de personnel pour la faire fonctionner.<br>Ceci s'applique \u00e9galement aux Rideaux. Aujourd'hui, vous n'avez plus besoin d'un serviteur pour ouvrir les Rideaux le matin sans votre participation.<br>Aujourd'hui, vous disposez d'un Syst\u00e8me Intelligent auquel nous pouvons \u00e9galement connecter un d\u00e9placement des Rideaux. Vos Rideaux Smart glisseront d'eux-m\u00eames \u00e0 l'heure que vous avez d\u00e9finie ou, si vous pr\u00e9f\u00e9rez, lorsqu'il fait clair \u00e0 l'ext\u00e9rieur avec les premiers rayons du soleil. Les Rideaux couvriront \u00e9galement automatiquement les fen\u00eatres lorsqu'il fait noir \u00e0 l'ext\u00e9rieur.<br>une solution super pratique, surtout lorsque vous avez une immense Villa, et que vous pouvez en m\u00eame temps d\u00e9voiler ou couvrir les fen\u00eatres de toute la maison.<br>Les Rideaux Intelligents n\u00e9cessitent l'installation de Rails de Rideaux Automatiques czy tu moze byc link do Automatic Curtains<br>Pour fabriquer des Rideaux Intelligents, nous utilisons des Tissus Doux, L\u00e9gers et A\u00e9r\u00e9s. \u00c9pingl\u00e9 de Mani\u00e8re Moderne, souvent comme Rideau Wave czy tu mzoe byc link do Wave Curtains Cet arrangement donne un Look l\u00e9ger et Moderne. Les Tissus au Tissage L\u00e9ger et Naturel, comme le Lin, sont parfaits ici. Nous avons une vaste gamme de Lin de diff\u00e9rentes couleurs et \u00e9paisseurs.<\/p>\t\t<\/div>\r\n\r\n\t\t\n\t\t\t\t<\/div><!-- .dslc-module -->\n\t\t\n\t\t<div id=\"dslc-module-df0bda2e2f7\" class=\"dslc-module-front dslc-module-DSLC_Separator dslc-in-viewport-check dslc-in-viewport-anim-none  dslc-col dslc-12-col dslc-last-col  dslc-module-handle-like-regular \" data-module-id=\"df0bda2e2f7\" data-module=\"DSLC_Separator\" data-dslc-module-size=\"12\" data-dslc-anim=\"none\" data-dslc-anim-delay=\"\" data-dslc-anim-duration=\"650\"  data-dslc-anim-easing=\"ease\" data-dslc-preset=\"none\" >\n\n\t\t\t\n\t\t\t\n\t\t\t\t\t<div class=\"dslc-separator-wrapper\">\n\t\t\t\t<div class=\"dslc-separator dslc-separator-style-invisible\">\n\t\t\t\t\t\t\t\t\t<\/div>\n\t\t\t\t<div><\/div>\n\t\t\t<\/div><!-- .dslc-separator-wrapper -->\n\t\t\t\n\t\t\t\t<\/div><!-- .dslc-module -->\n\t\t\n\t\t<div id=\"dslc-module-041c6e5b01c\" class=\"dslc-module-front dslc-module-DSLC_Info_Box dslc-in-viewport-check dslc-in-viewport-anim-none  dslc-col dslc-12-col dslc-last-col  dslc-module-handle-like-regular \" data-module-id=\"041c6e5b01c\" data-module=\"DSLC_Info_Box\" data-dslc-module-size=\"12\" data-dslc-anim=\"none\" data-dslc-anim-delay=\"\" data-dslc-anim-duration=\"650\"  data-dslc-anim-easing=\"ease\" data-dslc-preset=\"none\" >\n\n\t\t\t\n\t\t\t\n\t\t\n\t\t\t<div class=\"dslc-info-box dslc-info-box-icon-pos-above dslc-info-box-image-pos-above\">\n\n\t\t\t\t<div class=\"dslc-info-box-wrapper\">\n\n\t\t\t\t\t\n\t\t\t\t\t<div class=\"dslc-info-box-main-wrap dslc-clearfix\">\n\n\t\t\t\t\t\t\n\t\t\t\t\t\t\n\t\t\t\t\t\t<div class=\"dslc-info-box-main\">\n\n\t\t\t\t\t\t\t\n\t\t\t\t\t\t\t\t\t\t\t\t\t\t\t<div class=\"dslc-info-box-content\">\n\t\t\t\t\t\t\t\t\t\t\t\t\t\t\t\t\t\t\t<p>Conseil & Devis Gratuits<\/p>\t\t\t\t\t\t\t\t\t\t\t\t\t\t\t\t\t<\/div><!-- .dslc-info-box-content -->\n\t\t\t\t\t\t\t\n\t\t\t\t\t\t\t\t\t\t\t\t\t\t\t<div class=\"dslc-info-box-button\">\n\t\t\t\t\t\t\t\t\t\t\t\t\t\t\t\t\t\t\t<a href=\"https:\/\/decobelle.it\/fr\/contact\/\"  target=\"_self\" class=\"dslc-primary \">\n\t\t\t\t\t\t\t\t\t\t\t\t\t\t\t\t\t\t\t\t\t\t\t<span class=\"dslc-icon dslc-icon-\"><\/span>\n\t\t\t\t\t\t\t\t\t\t\t\t\t\t\t\t\t\t\t\t\t\t\t\t\t\t\t\t\t\t\t\t\t\t<span>\n\t\t\t\t\t\t\t\t\t\t\t\t\tPrendre Rendez-Vous\t\t\t\t\t\t\t\t\t\t\t\t<\/span>\n\t\t\t\t\t\t\t\t\t\t\t\t\t\t\t\t\t\t\t\t\t<\/a>\n\t\t\t\t\t\t\t\t\t\t\t\t\t\t\t\t\t\t\t\t\t\t\t\t\t\t<\/div><!-- .dslc-info-box-button -->\n\t\t\t\t\t\t\t\n\t\t\t\t\t\t<\/div><!-- .dslc-info-box-main -->\n\n\t\t\t\t\t<\/div><!-- .dslc-info-box-main-wrap -->\n\n\t\t\t\t<\/div><!-- .dslc-info-box-wrapper -->\n\n\t\t\t<\/div><!-- .dslc-info-box -->\n\n\t\t\n\t\t\t\t<\/div><!-- .dslc-module -->\n\t\t<\/div><div class=\"dslc-modules-area dslc-col dslc-4-col dslc-last-col dslc-valign-undefined \" data-size=\"4\" data-valign=\"undefined\">\n\t\t<div id=\"dslc-module-00f865551d7\" class=\"dslc-module-front dslc-module-DSLC_Image dslc-in-viewport-check dslc-in-viewport-anim-none  dslc-col dslc-12-col dslc-last-col  dslc-module-handle-like-regular mobi2\" data-module-id=\"00f865551d7\" data-module=\"DSLC_Image\" data-dslc-module-size=\"12\" data-dslc-anim=\"none\" data-dslc-anim-delay=\"\" data-dslc-anim-duration=\"650\"  data-dslc-anim-easing=\"ease\" data-dslc-preset=\"none\" >\n\n\t\t\t\n\t\t\t\n\t\t\t\t<div class=\"dslc-image-container\">\n\t\t<div class=\"dslc-image\">\n\n\t\t\t\n\t\t\t\t\n\t\t\t\t\t\t\t\t\t<img src=\"https:\/\/decobelle.it\/fr\/wp-content\/uploads\/sites\/3\/2022\/06\/rideaux-sur-mesure.jpg\" alt=\"\" title=\"\" srcset=\"https:\/\/decobelle.it\/fr\/wp-content\/uploads\/sites\/3\/2022\/06\/rideaux-sur-mesure.jpg 1000w, https:\/\/decobelle.it\/fr\/wp-content\/uploads\/sites\/3\/2022\/06\/rideaux-sur-mesure-236x300.jpg 236w, https:\/\/decobelle.it\/fr\/wp-content\/uploads\/sites\/3\/2022\/06\/rideaux-sur-mesure-805x1024.jpg 805w, https:\/\/decobelle.it\/fr\/wp-content\/uploads\/sites\/3\/2022\/06\/rideaux-sur-mesure-768x977.jpg 768w\" sizes=\"(max-width: 1000px) 100vw, 1000px\" \/>\n\t\t\t\t\n\t\t\t\t\t\t\t\t\t<\/div><!-- .dslc-image -->\n\t\t<\/div>\n\t\t\n\t\t\t\t<\/div><!-- .dslc-module -->\n\t\t<\/div><\/div><\/div>\r\n\t\t<div  class=\"dslc-modules-section \" style=\"padding-bottom:0px;padding-top:0px;\" data-section-id=\"a33e6d6c362\">\r\n\t\t\t\t\r\n\t\t\t\t\r\n\t\t\t\t<div class=\"dslc-modules-section-wrapper dslc-clearfix\"><div class=\"dslc-modules-area dslc-col dslc-12-col dslc-last-col dslc-valign- \" data-size=\"12\" data-valign=\"\">\n\t\t<div id=\"dslc-module-2869f7e06d2\" class=\"dslc-module-front dslc-module-DSLC_Shortcode dslc-in-viewport-check dslc-in-viewport-anim-none  dslc-col dslc-12-col dslc-last-col  dslc-module-handle-like-regular \" data-module-id=\"2869f7e06d2\" data-module=\"DSLC_Shortcode\" data-dslc-module-size=\"12\" data-dslc-anim=\"none\" data-dslc-anim-delay=\"\" data-dslc-anim-duration=\"650\"  data-dslc-anim-easing=\"ease\" data-dslc-preset=\"none\" >\n\n\t\t\t\n\t\t\t\n\t\t\t\t<div class=\"dslc-module-shortcode\">\n\t\t\tngg_shortcode_1_placeholder\t\t<\/div>\n\t\t\n\t\t\t\t<\/div><!-- .dslc-module -->\n\t\t<\/div><\/div><\/div><\/div>","protected":false},"excerpt":{"rendered":"<p>Rideaux Intelligents Les Appartements, Villas, Yachts d'aujourd'hui ne sont plus ce qu'ils \u00e9taient. Le mode de vie a \u00e9galement chang\u00e9. De nouvelles priorit\u00e9s s'appliquent. Une nouvelle maison doit \u00eatre facile \u00e0 utiliser, automatique, intuitive et ne n\u00e9cessitant pas de personnel pour la faire fonctionner.Ceci s'applique \u00e9galement aux Rideaux. Aujourd'hui, vous n'avez plus besoin d'un serviteur [&hellip;]<\/p>\n","protected":false},"author":1,"featured_media":0,"parent":33,"menu_order":0,"comment_status":"closed","ping_status":"closed","template":"","meta":{"ngg_post_thumbnail":0},"yoast_head":"<!-- This site is optimized with the Yoast SEO plugin v19.13 - https:\/\/yoast.com\/wordpress\/plugins\/seo\/ -->\n<title>Rideaux\u00a0Intelligents - FR |Deco Belle - Maison de Rideaux<\/title>\n<meta name=\"robots\" content=\"index, follow, max-snippet:-1, max-image-preview:large, max-video-preview:-1\" \/>\n<link rel=\"canonical\" href=\"https:\/\/decobelle.it\/fr\/rideaux-sur-mesure\/rideaux-intelligents\/\" \/>\n<meta property=\"og:locale\" content=\"fr_FR\" \/>\n<meta property=\"og:type\" content=\"article\" \/>\n<meta property=\"og:title\" content=\"Rideaux\u00a0Intelligents - FR |Deco Belle - Maison de Rideaux\" \/>\n<meta property=\"og:description\" content=\"Rideaux Intelligents Les Appartements, Villas, Yachts d&#039;aujourd&#039;hui ne sont plus ce qu&#039;ils \u00e9taient. Le mode de vie a \u00e9galement chang\u00e9. De nouvelles priorit\u00e9s s&#039;appliquent. Une nouvelle maison doit \u00eatre facile \u00e0 utiliser, automatique, intuitive et ne n\u00e9cessitant pas de personnel pour la faire fonctionner.Ceci s&#039;applique \u00e9galement aux Rideaux. Aujourd&#039;hui, vous n&#039;avez plus besoin d&#039;un serviteur [&hellip;]\" \/>\n<meta property=\"og:url\" content=\"https:\/\/decobelle.it\/fr\/rideaux-sur-mesure\/rideaux-intelligents\/\" \/>\n<meta property=\"og:site_name\" content=\"FR |Deco Belle - Maison de Rideaux\" \/>\n<meta property=\"article:modified_time\" content=\"2022-02-16T12:51:55+00:00\" \/>\n<meta name=\"twitter:card\" content=\"summary_large_image\" \/>\n<script type=\"application\/ld+json\" class=\"yoast-schema-graph\">{\"@context\":\"https:\/\/schema.org\",\"@graph\":[{\"@type\":\"WebPage\",\"@id\":\"https:\/\/decobelle.it\/fr\/rideaux-sur-mesure\/rideaux-intelligents\/\",\"url\":\"https:\/\/decobelle.it\/fr\/rideaux-sur-mesure\/rideaux-intelligents\/\",\"name\":\"Rideaux\u00a0Intelligents - FR |Deco Belle - Maison de Rideaux\",\"isPartOf\":{\"@id\":\"https:\/\/decobelle.it\/fr\/#website\"},\"datePublished\":\"2022-02-01T08:56:44+00:00\",\"dateModified\":\"2022-02-16T12:51:55+00:00\",\"breadcrumb\":{\"@id\":\"https:\/\/decobelle.it\/fr\/rideaux-sur-mesure\/rideaux-intelligents\/#breadcrumb\"},\"inLanguage\":\"fr-FR\",\"potentialAction\":[{\"@type\":\"ReadAction\",\"target\":[\"https:\/\/decobelle.it\/fr\/rideaux-sur-mesure\/rideaux-intelligents\/\"]}]},{\"@type\":\"BreadcrumbList\",\"@id\":\"https:\/\/decobelle.it\/fr\/rideaux-sur-mesure\/rideaux-intelligents\/#breadcrumb\",\"itemListElement\":[{\"@type\":\"ListItem\",\"position\":1,\"name\":\"Strona g\u0142\u00f3wna\",\"item\":\"https:\/\/decobelle.it\/fr\/\"},{\"@type\":\"ListItem\",\"position\":2,\"name\":\"Rideaux sur Mesure\",\"item\":\"https:\/\/decobelle.it\/fr\/rideaux-sur-mesure\/\"},{\"@type\":\"ListItem\",\"position\":3,\"name\":\"Rideaux\u00a0Intelligents\"}]},{\"@type\":\"WebSite\",\"@id\":\"https:\/\/decobelle.it\/fr\/#website\",\"url\":\"https:\/\/decobelle.it\/fr\/\",\"name\":\"FR |Deco Belle - Maison de Rideaux\",\"description\":\"Deco Belle - Maison du Rideaux\",\"potentialAction\":[{\"@type\":\"SearchAction\",\"target\":{\"@type\":\"EntryPoint\",\"urlTemplate\":\"https:\/\/decobelle.it\/fr\/?s={search_term_string}\"},\"query-input\":\"required name=search_term_string\"}],\"inLanguage\":\"fr-FR\"}]}<\/script>\n<!-- \/ Yoast SEO plugin. -->","yoast_head_json":{"title":"Rideaux\u00a0Intelligents - FR |Deco Belle - Maison de Rideaux","robots":{"index":"index","follow":"follow","max-snippet":"max-snippet:-1","max-image-preview":"max-image-preview:large","max-video-preview":"max-video-preview:-1"},"canonical":"https:\/\/decobelle.it\/fr\/rideaux-sur-mesure\/rideaux-intelligents\/","og_locale":"fr_FR","og_type":"article","og_title":"Rideaux\u00a0Intelligents - FR |Deco Belle - Maison de Rideaux","og_description":"Rideaux Intelligents Les Appartements, Villas, Yachts d'aujourd'hui ne sont plus ce qu'ils \u00e9taient. Le mode de vie a \u00e9galement chang\u00e9. De nouvelles priorit\u00e9s s'appliquent. Une nouvelle maison doit \u00eatre facile \u00e0 utiliser, automatique, intuitive et ne n\u00e9cessitant pas de personnel pour la faire fonctionner.Ceci s'applique \u00e9galement aux Rideaux. Aujourd'hui, vous n'avez plus besoin d'un serviteur [&hellip;]","og_url":"https:\/\/decobelle.it\/fr\/rideaux-sur-mesure\/rideaux-intelligents\/","og_site_name":"FR |Deco Belle - Maison de Rideaux","article_modified_time":"2022-02-16T12:51:55+00:00","twitter_card":"summary_large_image","schema":{"@context":"https:\/\/schema.org","@graph":[{"@type":"WebPage","@id":"https:\/\/decobelle.it\/fr\/rideaux-sur-mesure\/rideaux-intelligents\/","url":"https:\/\/decobelle.it\/fr\/rideaux-sur-mesure\/rideaux-intelligents\/","name":"Rideaux\u00a0Intelligents - FR |Deco Belle - Maison de Rideaux","isPartOf":{"@id":"https:\/\/decobelle.it\/fr\/#website"},"datePublished":"2022-02-01T08:56:44+00:00","dateModified":"2022-02-16T12:51:55+00:00","breadcrumb":{"@id":"https:\/\/decobelle.it\/fr\/rideaux-sur-mesure\/rideaux-intelligents\/#breadcrumb"},"inLanguage":"fr-FR","potentialAction":[{"@type":"ReadAction","target":["https:\/\/decobelle.it\/fr\/rideaux-sur-mesure\/rideaux-intelligents\/"]}]},{"@type":"BreadcrumbList","@id":"https:\/\/decobelle.it\/fr\/rideaux-sur-mesure\/rideaux-intelligents\/#breadcrumb","itemListElement":[{"@type":"ListItem","position":1,"name":"Strona g\u0142\u00f3wna","item":"https:\/\/decobelle.it\/fr\/"},{"@type":"ListItem","position":2,"name":"Rideaux sur Mesure","item":"https:\/\/decobelle.it\/fr\/rideaux-sur-mesure\/"},{"@type":"ListItem","position":3,"name":"Rideaux\u00a0Intelligents"}]},{"@type":"WebSite","@id":"https:\/\/decobelle.it\/fr\/#website","url":"https:\/\/decobelle.it\/fr\/","name":"FR |Deco Belle - Maison de Rideaux","description":"Deco Belle - Maison du Rideaux","potentialAction":[{"@type":"SearchAction","target":{"@type":"EntryPoint","urlTemplate":"https:\/\/decobelle.it\/fr\/?s={search_term_string}"},"query-input":"required name=search_term_string"}],"inLanguage":"fr-FR"}]}},"_links":{"self":[{"href":"https:\/\/decobelle.it\/fr\/wp-json\/wp\/v2\/pages\/342"}],"collection":[{"href":"https:\/\/decobelle.it\/fr\/wp-json\/wp\/v2\/pages"}],"about":[{"href":"https:\/\/decobelle.it\/fr\/wp-json\/wp\/v2\/types\/page"}],"author":[{"embeddable":true,"href":"https:\/\/decobelle.it\/fr\/wp-json\/wp\/v2\/users\/1"}],"replies":[{"embeddable":true,"href":"https:\/\/decobelle.it\/fr\/wp-json\/wp\/v2\/comments?post=342"}],"version-history":[{"count":2,"href":"https:\/\/decobelle.it\/fr\/wp-json\/wp\/v2\/pages\/342\/revisions"}],"predecessor-version":[{"id":843,"href":"https:\/\/decobelle.it\/fr\/wp-json\/wp\/v2\/pages\/342\/revisions\/843"}],"up":[{"embeddable":true,"href":"https:\/\/decobelle.it\/fr\/wp-json\/wp\/v2\/pages\/33"}],"wp:attachment":[{"href":"https:\/\/decobelle.it\/fr\/wp-json\/wp\/v2\/media?parent=342"}],"curies":[{"name":"wp","href":"https:\/\/api.w.org\/{rel}","templated":true}]}}