{"id":37,"date":"2022-01-03T12:44:11","date_gmt":"2022-01-03T11:44:11","guid":{"rendered":"https:\/\/lidia.secretcats.pl\/fr\/?page_id=37"},"modified":"2022-02-16T14:06:54","modified_gmt":"2022-02-16T13:06:54","slug":"stores-de-fenetre","status":"publish","type":"page","link":"https:\/\/decobelle.it\/fr\/stores-de-fenetre\/","title":{"rendered":"Stores de\u00a0Fen\u00eatre"},"content":{"rendered":"<div id=\"dslc-main\">\r\n\t\t<div id=\"curtains-&-voiles-for-yachts\" class=\"dslc-modules-section \" style=\"padding-bottom:90px;padding-top:90px;\" data-section-id=\"fe62deb1f00\">\r\n\t\t\t\t\r\n\t\t\t\t\r\n\t\t\t\t<div class=\"dslc-modules-section-wrapper dslc-clearfix\"><div class=\"dslc-modules-area dslc-col dslc-8-col dslc-first-col dslc-valign- \" data-size=\"8\" data-valign=\"\">\n\t\t<div id=\"dslc-module-0d4103e4ca8\" class=\"dslc-module-front dslc-module-DSLC_Text_Simple dslc-in-viewport-check dslc-in-viewport-anim-none  dslc-col dslc-12-col dslc-last-col  dslc-module-handle-like-regular \" data-module-id=\"0d4103e4ca8\" data-module=\"DSLC_Text_Simple\" data-dslc-module-size=\"12\" data-dslc-anim=\"none\" data-dslc-anim-delay=\"\" data-dslc-anim-duration=\"650\"  data-dslc-anim-easing=\"ease\" data-dslc-preset=\"none\" >\n\n\t\t\t\n\t\t\t\n\t\t\r\n\t\t<div class=\"dslc-text-module-content\">\r\n\t\t\t<h1>Stores de Fen\u00eatre<\/h1>\t\t<\/div>\r\n\r\n\t\t\n\t\t\t\t<\/div><!-- .dslc-module -->\n\t\t\n\t\t<div id=\"dslc-module-2f07f5d5ed8\" class=\"dslc-module-front dslc-module-DSLC_Separator dslc-in-viewport-check dslc-in-viewport-anim-none  dslc-col dslc-12-col dslc-last-col  dslc-module-handle-like-regular \" data-module-id=\"2f07f5d5ed8\" data-module=\"DSLC_Separator\" data-dslc-module-size=\"12\" data-dslc-anim=\"none\" data-dslc-anim-delay=\"\" data-dslc-anim-duration=\"650\"  data-dslc-anim-easing=\"ease\" data-dslc-preset=\"none\" >\n\n\t\t\t\n\t\t\t\n\t\t\t\t\t<div class=\"dslc-separator-wrapper\">\n\t\t\t\t<div class=\"dslc-separator dslc-separator-style-invisible\">\n\t\t\t\t\t\t\t\t\t<\/div>\n\t\t\t\t<div><\/div>\n\t\t\t<\/div><!-- .dslc-separator-wrapper -->\n\t\t\t\n\t\t\t\t<\/div><!-- .dslc-module -->\n\t\t\n\t\t<div id=\"dslc-module-unuqqg3pep\" class=\"dslc-module-front dslc-module-DSLC_Image dslc-in-viewport-check dslc-in-viewport-anim-none  dslc-col dslc-12-col dslc-last-col  dslc-module-handle-like-regular mobi\" data-module-id=\"unuqqg3pep\" data-module=\"DSLC_Image\" data-dslc-module-size=\"12\" data-dslc-anim=\"none\" data-dslc-anim-delay=\"\" data-dslc-anim-duration=\"650\"  data-dslc-anim-easing=\"ease\" data-dslc-preset=\"none\" >\n\n\t\t\t\n\t\t\t\n\t\t\t\t<div class=\"dslc-image-container\">\n\t\t<div class=\"dslc-image\">\n\n\t\t\t\n\t\t\t\t\n\t\t\t\t\t\t\t\t\t<img src=\"https:\/\/decobelle.it\/fr\/wp-content\/uploads\/sites\/3\/2022\/02\/deco-belle-tende-a-pacchetto.jpg\" alt=\"\" title=\"\" srcset=\"https:\/\/decobelle.it\/fr\/wp-content\/uploads\/sites\/3\/2022\/02\/deco-belle-tende-a-pacchetto.jpg 1200w, https:\/\/decobelle.it\/fr\/wp-content\/uploads\/sites\/3\/2022\/02\/deco-belle-tende-a-pacchetto-300x225.jpg 300w, https:\/\/decobelle.it\/fr\/wp-content\/uploads\/sites\/3\/2022\/02\/deco-belle-tende-a-pacchetto-1024x767.jpg 1024w, https:\/\/decobelle.it\/fr\/wp-content\/uploads\/sites\/3\/2022\/02\/deco-belle-tende-a-pacchetto-768x575.jpg 768w\" sizes=\"(max-width: 1200px) 100vw, 1200px\" \/>\n\t\t\t\t\n\t\t\t\t\t\t\t\t\t<\/div><!-- .dslc-image -->\n\t\t<\/div>\n\t\t\n\t\t\t\t<\/div><!-- .dslc-module -->\n\t\t\n\t\t<div id=\"dslc-module-f3ee1a765ea\" class=\"dslc-module-front dslc-module-DSLC_Separator dslc-in-viewport-check dslc-in-viewport-anim-none  dslc-col dslc-12-col dslc-last-col  dslc-module-handle-like-regular mobi\" data-module-id=\"f3ee1a765ea\" data-module=\"DSLC_Separator\" data-dslc-module-size=\"12\" data-dslc-anim=\"none\" data-dslc-anim-delay=\"\" data-dslc-anim-duration=\"650\"  data-dslc-anim-easing=\"ease\" data-dslc-preset=\"none\" >\n\n\t\t\t\n\t\t\t\n\t\t\t\t\t<div class=\"dslc-separator-wrapper\">\n\t\t\t\t<div class=\"dslc-separator dslc-separator-style-invisible\">\n\t\t\t\t\t\t\t\t\t<\/div>\n\t\t\t\t<div><\/div>\n\t\t\t<\/div><!-- .dslc-separator-wrapper -->\n\t\t\t\n\t\t\t\t<\/div><!-- .dslc-module -->\n\t\t\n\t\t<div id=\"dslc-module-89ba2c7de66\" class=\"dslc-module-front dslc-module-DSLC_Separator dslc-in-viewport-check dslc-in-viewport-anim-none  dslc-col dslc-12-col dslc-last-col dslc-hide-on-desktop dslc-hide-on-tablet  dslc-module-handle-like-regular \" data-module-id=\"89ba2c7de66\" data-module=\"DSLC_Separator\" data-dslc-module-size=\"12\" data-dslc-anim=\"none\" data-dslc-anim-delay=\"\" data-dslc-anim-duration=\"650\"  data-dslc-anim-easing=\"ease\" data-dslc-preset=\"none\" >\n\n\t\t\t\n\t\t\t\n\t\t\t\t\t<div class=\"dslc-separator-wrapper\">\n\t\t\t\t<div class=\"dslc-separator dslc-separator-style-invisible\">\n\t\t\t\t\t\t\t\t\t<\/div>\n\t\t\t\t<div><\/div>\n\t\t\t<\/div><!-- .dslc-separator-wrapper -->\n\t\t\t\n\t\t\t\t<\/div><!-- .dslc-module -->\n\t\t\n\t\t<div id=\"dslc-module-376652e63fc\" class=\"dslc-module-front dslc-module-DSLC_Text_Simple dslc-in-viewport-check dslc-in-viewport-anim-none  dslc-col dslc-12-col dslc-last-col  dslc-module-handle-like-regular \" data-module-id=\"376652e63fc\" data-module=\"DSLC_Text_Simple\" data-dslc-module-size=\"12\" data-dslc-anim=\"none\" data-dslc-anim-delay=\"\" data-dslc-anim-duration=\"650\"  data-dslc-anim-easing=\"ease\" data-dslc-preset=\"none\" >\n\n\t\t\t\n\t\t\t\n\t\t\r\n\t\t<div class=\"dslc-text-module-content\">\r\n\t\t\t<p>Stores Textiles sur Mesure pour les Int\u00e9rieurs Priv\u00e9s et Publics.<br>Les Stores Personnalis\u00e9s sont fabriqu\u00e9s selon une vari\u00e9t\u00e9 d'exigences.<\/p><p><strong>Selon la destination nous vous proposons :<\/strong><br>- Stores Romains Transparents<br>Stores Romains en Lin<br>Stores Romains doubles D\u00e9coratifs<br>Stores Romains Occultants<br>Stores Romains<br>Stores Autrichiens<br>Stores Autrichiens en Organza<\/p>\t\t<\/div>\r\n\r\n\t\t\n\t\t\t\t<\/div><!-- .dslc-module -->\n\t\t\n\t\t<div id=\"dslc-module-cee3c5de714\" class=\"dslc-module-front dslc-module-DSLC_Separator dslc-in-viewport-check dslc-in-viewport-anim-none  dslc-col dslc-12-col dslc-last-col  dslc-module-handle-like-regular \" data-module-id=\"cee3c5de714\" data-module=\"DSLC_Separator\" data-dslc-module-size=\"12\" data-dslc-anim=\"none\" data-dslc-anim-delay=\"\" data-dslc-anim-duration=\"650\"  data-dslc-anim-easing=\"ease\" data-dslc-preset=\"none\" >\n\n\t\t\t\n\t\t\t\n\t\t\t\t\t<div class=\"dslc-separator-wrapper\">\n\t\t\t\t<div class=\"dslc-separator dslc-separator-style-invisible\">\n\t\t\t\t\t\t\t\t\t<\/div>\n\t\t\t\t<div><\/div>\n\t\t\t<\/div><!-- .dslc-separator-wrapper -->\n\t\t\t\n\t\t\t\t<\/div><!-- .dslc-module -->\n\t\t<\/div><div class=\"dslc-modules-area dslc-col dslc-4-col dslc-last-col dslc-valign-undefined \" data-size=\"4\" data-valign=\"undefined\">\n\t\t<div id=\"dslc-module-b22f3dfef33\" class=\"dslc-module-front dslc-module-DSLC_Image dslc-in-viewport-check dslc-in-viewport-anim-none  dslc-col dslc-12-col dslc-last-col  dslc-module-handle-like-regular mobi2\" data-module-id=\"b22f3dfef33\" data-module=\"DSLC_Image\" data-dslc-module-size=\"12\" data-dslc-anim=\"none\" data-dslc-anim-delay=\"\" data-dslc-anim-duration=\"650\"  data-dslc-anim-easing=\"ease\" data-dslc-preset=\"none\" >\n\n\t\t\t\n\t\t\t\n\t\t\t\t<div class=\"dslc-image-container\">\n\t\t<div class=\"dslc-image\">\n\n\t\t\t\n\t\t\t\t\n\t\t\t\t\t\t\t\t\t<img src=\"https:\/\/decobelle.it\/fr\/wp-content\/uploads\/sites\/3\/2022\/02\/deco-belle-tende-a-pacchetto.jpg\" alt=\"\" title=\"\" srcset=\"https:\/\/decobelle.it\/fr\/wp-content\/uploads\/sites\/3\/2022\/02\/deco-belle-tende-a-pacchetto.jpg 1200w, https:\/\/decobelle.it\/fr\/wp-content\/uploads\/sites\/3\/2022\/02\/deco-belle-tende-a-pacchetto-300x225.jpg 300w, https:\/\/decobelle.it\/fr\/wp-content\/uploads\/sites\/3\/2022\/02\/deco-belle-tende-a-pacchetto-1024x767.jpg 1024w, https:\/\/decobelle.it\/fr\/wp-content\/uploads\/sites\/3\/2022\/02\/deco-belle-tende-a-pacchetto-768x575.jpg 768w\" sizes=\"(max-width: 1200px) 100vw, 1200px\" \/>\n\t\t\t\t\n\t\t\t\t\t\t\t\t\t<\/div><!-- .dslc-image -->\n\t\t<\/div>\n\t\t\n\t\t\t\t<\/div><!-- .dslc-module -->\n\t\t<\/div><div class=\"dslc-modules-area dslc-col dslc-12-col dslc-last-col dslc-valign-undefined \" data-size=\"12\" data-valign=\"undefined\">\n\t\t<div id=\"dslc-module-ec15b521c77\" class=\"dslc-module-front dslc-module-DSLC_Separator dslc-in-viewport-check dslc-in-viewport-anim-none  dslc-col dslc-12-col dslc-last-col  dslc-module-handle-like-regular \" data-module-id=\"ec15b521c77\" data-module=\"DSLC_Separator\" data-dslc-module-size=\"12\" data-dslc-anim=\"none\" data-dslc-anim-delay=\"0\" data-dslc-anim-duration=\"650\"  data-dslc-anim-easing=\"ease\" data-dslc-preset=\"none\" >\n\n\t\t\t\n\t\t\t\n\t\t\t\t\t<div class=\"dslc-separator-wrapper\">\n\t\t\t\t<div class=\"dslc-separator dslc-separator-style-invisible\">\n\t\t\t\t\t\t\t\t\t<\/div>\n\t\t\t\t<div><\/div>\n\t\t\t<\/div><!-- .dslc-separator-wrapper -->\n\t\t\t\n\t\t\t\t<\/div><!-- .dslc-module -->\n\t\t\n\t\t<div id=\"dslc-module-f926e9a95ef\" class=\"dslc-module-front dslc-module-DSLC_Info_Box dslc-in-viewport-check dslc-in-viewport-anim-none  dslc-col dslc-4-col  dslc-module-handle-like-regular \" data-module-id=\"f926e9a95ef\" data-module=\"DSLC_Info_Box\" data-dslc-module-size=\"4\" data-dslc-anim=\"none\" data-dslc-anim-delay=\"\" data-dslc-anim-duration=\"650\"  data-dslc-anim-easing=\"ease\" data-dslc-preset=\"none\" >\n\n\t\t\t\n\t\t\t\n\t\t\n\t\t\t<div class=\"dslc-info-box dslc-info-box-icon-pos-above dslc-info-box-image-pos-above\">\n\n\t\t\t\t<div class=\"dslc-info-box-wrapper\">\n\n\t\t\t\t\t\n\t\t\t\t\t<div class=\"dslc-info-box-main-wrap dslc-clearfix\">\n\n\t\t\t\t\t\t\n\t\t\t\t\t\t\n\t\t\t\t\t\t<div class=\"dslc-info-box-main\">\n\n\t\t\t\t\t\t\t\n\t\t\t\t\t\t\t\t\t\t\t\t\t\t\t<div class=\"dslc-info-box-content\">\n\t\t\t\t\t\t\t\t\t\t\t\t\t\t\t\t\t\t\t<p><a href=\"https:\/\/decobelle.it\/fr\/stores-de-fenetre\/stores-romains\/\">Stores Romains<\/a><\/p>\t\t\t\t\t\t\t\t\t\t\t\t\t\t\t\t\t<\/div><!-- .dslc-info-box-content -->\n\t\t\t\t\t\t\t\n\t\t\t\t\t\t\t\n\t\t\t\t\t\t<\/div><!-- .dslc-info-box-main -->\n\n\t\t\t\t\t<\/div><!-- .dslc-info-box-main-wrap -->\n\n\t\t\t\t<\/div><!-- .dslc-info-box-wrapper -->\n\n\t\t\t<\/div><!-- .dslc-info-box -->\n\n\t\t\n\t\t\t\t<\/div><!-- .dslc-module -->\n\t\t\n\t\t<div id=\"dslc-module-d9t0npjj008\" class=\"dslc-module-front dslc-module-DSLC_Info_Box dslc-in-viewport-check dslc-in-viewport-anim-none  dslc-col dslc-4-col  dslc-module-handle-like-regular \" data-module-id=\"d9t0npjj008\" data-module=\"DSLC_Info_Box\" data-dslc-module-size=\"4\" data-dslc-anim=\"none\" data-dslc-anim-delay=\"\" data-dslc-anim-duration=\"650\"  data-dslc-anim-easing=\"ease\" data-dslc-preset=\"none\" >\n\n\t\t\t\n\t\t\t\n\t\t\n\t\t\t<div class=\"dslc-info-box dslc-info-box-icon-pos-above dslc-info-box-image-pos-above\">\n\n\t\t\t\t<div class=\"dslc-info-box-wrapper\">\n\n\t\t\t\t\t\n\t\t\t\t\t<div class=\"dslc-info-box-main-wrap dslc-clearfix\">\n\n\t\t\t\t\t\t\n\t\t\t\t\t\t\n\t\t\t\t\t\t<div class=\"dslc-info-box-main\">\n\n\t\t\t\t\t\t\t\n\t\t\t\t\t\t\t\t\t\t\t\t\t\t\t<div class=\"dslc-info-box-content\">\n\t\t\t\t\t\t\t\t\t\t\t\t\t\t\t\t\t\t\t<p><a href=\"https:\/\/decobelle.it\/fr\/stores-de-fenetre\/stores-autrichiens\/\">Stores Autrichiens<\/a><\/p>\t\t\t\t\t\t\t\t\t\t\t\t\t\t\t\t\t<\/div><!-- .dslc-info-box-content -->\n\t\t\t\t\t\t\t\n\t\t\t\t\t\t\t\n\t\t\t\t\t\t<\/div><!-- .dslc-info-box-main -->\n\n\t\t\t\t\t<\/div><!-- .dslc-info-box-main-wrap -->\n\n\t\t\t\t<\/div><!-- .dslc-info-box-wrapper -->\n\n\t\t\t<\/div><!-- .dslc-info-box -->\n\n\t\t\n\t\t\t\t<\/div><!-- .dslc-module -->\n\t\t\n\t\t<div id=\"dslc-module-vto6f7gsp78\" class=\"dslc-module-front dslc-module-DSLC_Info_Box dslc-in-viewport-check dslc-in-viewport-anim-none  dslc-col dslc-4-col dslc-last-col  dslc-module-handle-like-regular \" data-module-id=\"vto6f7gsp78\" data-module=\"DSLC_Info_Box\" data-dslc-module-size=\"4\" data-dslc-anim=\"none\" data-dslc-anim-delay=\"\" data-dslc-anim-duration=\"650\"  data-dslc-anim-easing=\"ease\" data-dslc-preset=\"none\" >\n\n\t\t\t\n\t\t\t\n\t\t\n\t\t\t<div class=\"dslc-info-box dslc-info-box-icon-pos-above dslc-info-box-image-pos-above\">\n\n\t\t\t\t<div class=\"dslc-info-box-wrapper\">\n\n\t\t\t\t\t\n\t\t\t\t\t<div class=\"dslc-info-box-main-wrap dslc-clearfix\">\n\n\t\t\t\t\t\t\n\t\t\t\t\t\t\n\t\t\t\t\t\t<div class=\"dslc-info-box-main\">\n\n\t\t\t\t\t\t\t\n\t\t\t\t\t\t\t\t\t\t\t\t\t\t\t<div class=\"dslc-info-box-content\">\n\t\t\t\t\t\t\t\t\t\t\t\t\t\t\t\t\t\t\t<p><a href=\"https:\/\/decobelle.it\/fr\/rideaux-pour-yachts-2\/stores-romains-pour-yacht\/\">Stores Romains pour Yacht<\/a><\/p>\t\t\t\t\t\t\t\t\t\t\t\t\t\t\t\t\t<\/div><!-- .dslc-info-box-content -->\n\t\t\t\t\t\t\t\n\t\t\t\t\t\t\t\n\t\t\t\t\t\t<\/div><!-- .dslc-info-box-main -->\n\n\t\t\t\t\t<\/div><!-- .dslc-info-box-main-wrap -->\n\n\t\t\t\t<\/div><!-- .dslc-info-box-wrapper -->\n\n\t\t\t<\/div><!-- .dslc-info-box -->\n\n\t\t\n\t\t\t\t<\/div><!-- .dslc-module -->\n\t\t<\/div><\/div><\/div>\r\n\t\t<div  class=\"dslc-modules-section  dslc-full \" style=\"padding-bottom:0px;padding-top:0px;\" data-section-id=\"fcc41e999e2\">\r\n\t\t\t\t\r\n\t\t\t\t\r\n\t\t\t\t<div class=\"dslc-modules-section-wrapper dslc-clearfix\"><div class=\"dslc-modules-area dslc-col dslc-12-col dslc-last-col dslc-valign- \" data-size=\"12\" data-valign=\"\">\n\t\t<div id=\"dslc-module-68c0b038226\" class=\"dslc-module-front dslc-module-DSLC_Shortcode dslc-in-viewport-check dslc-in-viewport-anim-none  dslc-col dslc-12-col dslc-last-col  dslc-module-handle-like-regular \" data-module-id=\"68c0b038226\" data-module=\"DSLC_Shortcode\" data-dslc-module-size=\"12\" data-dslc-anim=\"none\" data-dslc-anim-delay=\"\" data-dslc-anim-duration=\"650\"  data-dslc-anim-easing=\"ease\" data-dslc-preset=\"none\" >\n\n\t\t\t\n\t\t\t\n\t\t\t\t<div class=\"dslc-module-shortcode\">\n\t\t\t\t\t<div class=\"msacwl-carousel-wrap msacwl-row-clearfix \" data-conf=\"{&quot;slide_to_show&quot;:6,&quot;slide_to_scroll&quot;:1,&quot;autoplay&quot;:&quot;true&quot;,&quot;autoplay_speed&quot;:1500,&quot;speed&quot;:300,&quot;arrows&quot;:&quot;true&quot;,&quot;dots&quot;:&quot;true&quot;,&quot;lazyload&quot;:&quot;&quot;}\">\r\n\t\t\t<div id=\"msacwl-carousel-2\" class=\"msacwl-carousel msacwl-common-slider msacwl-slider-popup\">\r\n\t\t\t\t\t\t\t\t<div class=\"msacwl-carousel-slide msacwl-slide\" data-item-index=\"1\" >\r\n\r\n\t\t\t\t\t<a class=\"msacwl-img-link\" href=\"javascript:void(0);\" data-mfp-src=\"https:\/\/decobelle.it\/fr\/wp-content\/uploads\/sites\/3\/2022\/02\/deco-belle-tende-tendaggi-1.jpg\">\r\n\t\t\t\t\t\t<img class=\"msacwl-img\" src=\"https:\/\/decobelle.it\/fr\/wp-content\/uploads\/sites\/3\/2022\/02\/deco-belle-tende-tendaggi-1.jpg\"  data-title=\"deco-belle-tende-tendaggi\" alt=\"\" \/>\r\n\t\t\t\t\t<\/a>\r\n\r\n\t\t\t\t\t\t\t\t\t<\/div>\r\n\t\t\t\t\t\t\t\t<div class=\"msacwl-carousel-slide msacwl-slide\" data-item-index=\"2\" >\r\n\r\n\t\t\t\t\t<a class=\"msacwl-img-link\" href=\"javascript:void(0);\" data-mfp-src=\"https:\/\/decobelle.it\/fr\/wp-content\/uploads\/sites\/3\/2022\/02\/tessili-casa-deco-belle-1.jpg\">\r\n\t\t\t\t\t\t<img class=\"msacwl-img\" src=\"https:\/\/decobelle.it\/fr\/wp-content\/uploads\/sites\/3\/2022\/02\/tessili-casa-deco-belle-1.jpg\"  data-title=\"tessili-casa-deco-belle\" alt=\"\" \/>\r\n\t\t\t\t\t<\/a>\r\n\r\n\t\t\t\t\t\t\t\t\t<\/div>\r\n\t\t\t\t\t\t\t\t<div class=\"msacwl-carousel-slide msacwl-slide\" data-item-index=\"3\" >\r\n\r\n\t\t\t\t\t<a class=\"msacwl-img-link\" href=\"javascript:void(0);\" data-mfp-src=\"https:\/\/decobelle.it\/fr\/wp-content\/uploads\/sites\/3\/2022\/02\/deco-belle-ctesili-casa-1.jpg\">\r\n\t\t\t\t\t\t<img class=\"msacwl-img\" src=\"https:\/\/decobelle.it\/fr\/wp-content\/uploads\/sites\/3\/2022\/02\/deco-belle-ctesili-casa-1.jpg\"  data-title=\"deco-belle-ctesili-casa\" alt=\"\" \/>\r\n\t\t\t\t\t<\/a>\r\n\r\n\t\t\t\t\t\t\t\t\t<\/div>\r\n\t\t\t\t\t\t\t\t<div class=\"msacwl-carousel-slide msacwl-slide\" data-item-index=\"4\" >\r\n\r\n\t\t\t\t\t<a class=\"msacwl-img-link\" href=\"javascript:void(0);\" data-mfp-src=\"https:\/\/decobelle.it\/fr\/wp-content\/uploads\/sites\/3\/2022\/02\/deco-belle-tende-da-interni-1.jpg\">\r\n\t\t\t\t\t\t<img class=\"msacwl-img\" src=\"https:\/\/decobelle.it\/fr\/wp-content\/uploads\/sites\/3\/2022\/02\/deco-belle-tende-da-interni-1.jpg\"  data-title=\"deco-belle-tende-da interni\" alt=\"\" \/>\r\n\t\t\t\t\t<\/a>\r\n\r\n\t\t\t\t\t\t\t\t\t<\/div>\r\n\t\t\t\t\t\t\t\t<div class=\"msacwl-carousel-slide msacwl-slide\" data-item-index=\"5\" >\r\n\r\n\t\t\t\t\t<a class=\"msacwl-img-link\" href=\"javascript:void(0);\" data-mfp-src=\"https:\/\/decobelle.it\/fr\/wp-content\/uploads\/sites\/3\/2022\/02\/curtain-drapery-cream-1-1.jpg\">\r\n\t\t\t\t\t\t<img class=\"msacwl-img\" src=\"https:\/\/decobelle.it\/fr\/wp-content\/uploads\/sites\/3\/2022\/02\/curtain-drapery-cream-1-1.jpg\"  data-title=\"curtain drapery cream\" alt=\"\" \/>\r\n\t\t\t\t\t<\/a>\r\n\r\n\t\t\t\t\t\t\t\t\t<\/div>\r\n\t\t\t\t\t\t\t\t<div class=\"msacwl-carousel-slide msacwl-slide\" data-item-index=\"6\" >\r\n\r\n\t\t\t\t\t<a class=\"msacwl-img-link\" href=\"javascript:void(0);\" data-mfp-src=\"https:\/\/decobelle.it\/fr\/wp-content\/uploads\/sites\/3\/2022\/02\/deco-belle-ctesili-casa-1.jpg\">\r\n\t\t\t\t\t\t<img class=\"msacwl-img\" src=\"https:\/\/decobelle.it\/fr\/wp-content\/uploads\/sites\/3\/2022\/02\/deco-belle-ctesili-casa-1.jpg\"  data-title=\"deco-belle-ctesili-casa\" alt=\"\" \/>\r\n\t\t\t\t\t<\/a>\r\n\r\n\t\t\t\t\t\t\t\t\t<\/div>\r\n\t\t\t\t\t\t\t\t<div class=\"msacwl-carousel-slide msacwl-slide\" data-item-index=\"7\" >\r\n\r\n\t\t\t\t\t<a class=\"msacwl-img-link\" href=\"javascript:void(0);\" data-mfp-src=\"https:\/\/decobelle.it\/fr\/wp-content\/uploads\/sites\/3\/2022\/02\/deco-belle-tende-da-interni-1.jpg\">\r\n\t\t\t\t\t\t<img class=\"msacwl-img\" src=\"https:\/\/decobelle.it\/fr\/wp-content\/uploads\/sites\/3\/2022\/02\/deco-belle-tende-da-interni-1.jpg\"  data-title=\"deco-belle-tende-da interni\" alt=\"\" \/>\r\n\t\t\t\t\t<\/a>\r\n\r\n\t\t\t\t\t\t\t\t\t<\/div>\r\n\t\t\t\t\t\t\t\t<div class=\"msacwl-carousel-slide msacwl-slide\" data-item-index=\"8\" >\r\n\r\n\t\t\t\t\t<a class=\"msacwl-img-link\" href=\"javascript:void(0);\" data-mfp-src=\"https:\/\/decobelle.it\/fr\/wp-content\/uploads\/sites\/3\/2022\/02\/curtain-drapery-cream-1-1.jpg\">\r\n\t\t\t\t\t\t<img class=\"msacwl-img\" src=\"https:\/\/decobelle.it\/fr\/wp-content\/uploads\/sites\/3\/2022\/02\/curtain-drapery-cream-1-1.jpg\"  data-title=\"curtain drapery cream\" alt=\"\" \/>\r\n\t\t\t\t\t<\/a>\r\n\r\n\t\t\t\t\t\t\t\t\t<\/div>\r\n\t\t\t\t\t\t\t<\/div>\r\n\t\t<\/div>\r\n\t\t\t<\/div>\n\t\t\n\t\t\t\t<\/div><!-- .dslc-module -->\n\t\t<\/div><\/div><\/div><\/div>","protected":false},"excerpt":{"rendered":"<p>Stores de Fen\u00eatre Stores Textiles sur Mesure pour les Int\u00e9rieurs Priv\u00e9s et Publics.Les Stores Personnalis\u00e9s sont fabriqu\u00e9s selon une vari\u00e9t\u00e9 d'exigences.Selon la destination nous vous proposons :- Stores Romains TransparentsStores Romains en LinStores Romains doubles D\u00e9coratifsStores Romains OccultantsStores RomainsStores AutrichiensStores Autrichiens en Organza Stores Romains Stores Autrichiens Stores Romains pour Yacht<\/p>\n","protected":false},"author":1,"featured_media":0,"parent":0,"menu_order":0,"comment_status":"closed","ping_status":"closed","template":"","meta":{"ngg_post_thumbnail":0},"yoast_head":"<!-- This site is optimized with the Yoast SEO plugin v19.13 - https:\/\/yoast.com\/wordpress\/plugins\/seo\/ -->\n<title>Stores de\u00a0Fen\u00eatre - FR |Deco Belle - Maison de Rideaux<\/title>\n<meta name=\"robots\" content=\"index, follow, max-snippet:-1, max-image-preview:large, max-video-preview:-1\" \/>\n<link rel=\"canonical\" href=\"https:\/\/decobelle.it\/fr\/stores-de-fenetre\/\" \/>\n<meta property=\"og:locale\" content=\"fr_FR\" \/>\n<meta property=\"og:type\" content=\"article\" \/>\n<meta property=\"og:title\" content=\"Stores de\u00a0Fen\u00eatre - FR |Deco Belle - Maison de Rideaux\" \/>\n<meta property=\"og:description\" content=\"Stores de Fen\u00eatre Stores Textiles sur Mesure pour les Int\u00e9rieurs Priv\u00e9s et Publics.Les Stores Personnalis\u00e9s sont fabriqu\u00e9s selon une vari\u00e9t\u00e9 d&#039;exigences.Selon la destination nous vous proposons :- Stores Romains TransparentsStores Romains en LinStores Romains doubles D\u00e9coratifsStores Romains OccultantsStores RomainsStores AutrichiensStores Autrichiens en Organza Stores Romains Stores Autrichiens Stores Romains pour Yacht\" \/>\n<meta property=\"og:url\" content=\"https:\/\/decobelle.it\/fr\/stores-de-fenetre\/\" \/>\n<meta property=\"og:site_name\" content=\"FR |Deco Belle - Maison de Rideaux\" \/>\n<meta property=\"article:modified_time\" content=\"2022-02-16T13:06:54+00:00\" \/>\n<meta name=\"twitter:card\" content=\"summary_large_image\" \/>\n<script type=\"application\/ld+json\" class=\"yoast-schema-graph\">{\"@context\":\"https:\/\/schema.org\",\"@graph\":[{\"@type\":\"WebPage\",\"@id\":\"https:\/\/decobelle.it\/fr\/stores-de-fenetre\/\",\"url\":\"https:\/\/decobelle.it\/fr\/stores-de-fenetre\/\",\"name\":\"Stores de\u00a0Fen\u00eatre - FR |Deco Belle - Maison de Rideaux\",\"isPartOf\":{\"@id\":\"https:\/\/decobelle.it\/fr\/#website\"},\"datePublished\":\"2022-01-03T11:44:11+00:00\",\"dateModified\":\"2022-02-16T13:06:54+00:00\",\"breadcrumb\":{\"@id\":\"https:\/\/decobelle.it\/fr\/stores-de-fenetre\/#breadcrumb\"},\"inLanguage\":\"fr-FR\",\"potentialAction\":[{\"@type\":\"ReadAction\",\"target\":[\"https:\/\/decobelle.it\/fr\/stores-de-fenetre\/\"]}]},{\"@type\":\"BreadcrumbList\",\"@id\":\"https:\/\/decobelle.it\/fr\/stores-de-fenetre\/#breadcrumb\",\"itemListElement\":[{\"@type\":\"ListItem\",\"position\":1,\"name\":\"Strona g\u0142\u00f3wna\",\"item\":\"https:\/\/decobelle.it\/fr\/\"},{\"@type\":\"ListItem\",\"position\":2,\"name\":\"Stores de\u00a0Fen\u00eatre\"}]},{\"@type\":\"WebSite\",\"@id\":\"https:\/\/decobelle.it\/fr\/#website\",\"url\":\"https:\/\/decobelle.it\/fr\/\",\"name\":\"FR |Deco Belle - Maison de Rideaux\",\"description\":\"Deco Belle - Maison du Rideaux\",\"potentialAction\":[{\"@type\":\"SearchAction\",\"target\":{\"@type\":\"EntryPoint\",\"urlTemplate\":\"https:\/\/decobelle.it\/fr\/?s={search_term_string}\"},\"query-input\":\"required name=search_term_string\"}],\"inLanguage\":\"fr-FR\"}]}<\/script>\n<!-- \/ Yoast SEO plugin. -->","yoast_head_json":{"title":"Stores de\u00a0Fen\u00eatre - FR |Deco Belle - Maison de Rideaux","robots":{"index":"index","follow":"follow","max-snippet":"max-snippet:-1","max-image-preview":"max-image-preview:large","max-video-preview":"max-video-preview:-1"},"canonical":"https:\/\/decobelle.it\/fr\/stores-de-fenetre\/","og_locale":"fr_FR","og_type":"article","og_title":"Stores de\u00a0Fen\u00eatre - FR |Deco Belle - Maison de Rideaux","og_description":"Stores de Fen\u00eatre Stores Textiles sur Mesure pour les Int\u00e9rieurs Priv\u00e9s et Publics.Les Stores Personnalis\u00e9s sont fabriqu\u00e9s selon une vari\u00e9t\u00e9 d'exigences.Selon la destination nous vous proposons :- Stores Romains TransparentsStores Romains en LinStores Romains doubles D\u00e9coratifsStores Romains OccultantsStores RomainsStores AutrichiensStores Autrichiens en Organza Stores Romains Stores Autrichiens Stores Romains pour Yacht","og_url":"https:\/\/decobelle.it\/fr\/stores-de-fenetre\/","og_site_name":"FR |Deco Belle - Maison de Rideaux","article_modified_time":"2022-02-16T13:06:54+00:00","twitter_card":"summary_large_image","schema":{"@context":"https:\/\/schema.org","@graph":[{"@type":"WebPage","@id":"https:\/\/decobelle.it\/fr\/stores-de-fenetre\/","url":"https:\/\/decobelle.it\/fr\/stores-de-fenetre\/","name":"Stores de\u00a0Fen\u00eatre - FR |Deco Belle - Maison de Rideaux","isPartOf":{"@id":"https:\/\/decobelle.it\/fr\/#website"},"datePublished":"2022-01-03T11:44:11+00:00","dateModified":"2022-02-16T13:06:54+00:00","breadcrumb":{"@id":"https:\/\/decobelle.it\/fr\/stores-de-fenetre\/#breadcrumb"},"inLanguage":"fr-FR","potentialAction":[{"@type":"ReadAction","target":["https:\/\/decobelle.it\/fr\/stores-de-fenetre\/"]}]},{"@type":"BreadcrumbList","@id":"https:\/\/decobelle.it\/fr\/stores-de-fenetre\/#breadcrumb","itemListElement":[{"@type":"ListItem","position":1,"name":"Strona g\u0142\u00f3wna","item":"https:\/\/decobelle.it\/fr\/"},{"@type":"ListItem","position":2,"name":"Stores de\u00a0Fen\u00eatre"}]},{"@type":"WebSite","@id":"https:\/\/decobelle.it\/fr\/#website","url":"https:\/\/decobelle.it\/fr\/","name":"FR |Deco Belle - Maison de Rideaux","description":"Deco Belle - Maison du Rideaux","potentialAction":[{"@type":"SearchAction","target":{"@type":"EntryPoint","urlTemplate":"https:\/\/decobelle.it\/fr\/?s={search_term_string}"},"query-input":"required name=search_term_string"}],"inLanguage":"fr-FR"}]}},"_links":{"self":[{"href":"https:\/\/decobelle.it\/fr\/wp-json\/wp\/v2\/pages\/37"}],"collection":[{"href":"https:\/\/decobelle.it\/fr\/wp-json\/wp\/v2\/pages"}],"about":[{"href":"https:\/\/decobelle.it\/fr\/wp-json\/wp\/v2\/types\/page"}],"author":[{"embeddable":true,"href":"https:\/\/decobelle.it\/fr\/wp-json\/wp\/v2\/users\/1"}],"replies":[{"embeddable":true,"href":"https:\/\/decobelle.it\/fr\/wp-json\/wp\/v2\/comments?post=37"}],"version-history":[{"count":4,"href":"https:\/\/decobelle.it\/fr\/wp-json\/wp\/v2\/pages\/37\/revisions"}],"predecessor-version":[{"id":859,"href":"https:\/\/decobelle.it\/fr\/wp-json\/wp\/v2\/pages\/37\/revisions\/859"}],"wp:attachment":[{"href":"https:\/\/decobelle.it\/fr\/wp-json\/wp\/v2\/media?parent=37"}],"curies":[{"name":"wp","href":"https:\/\/api.w.org\/{rel}","templated":true}]}}