{"id":92,"date":"2022-01-03T18:38:29","date_gmt":"2022-01-03T17:38:29","guid":{"rendered":"https:\/\/lidia.secretcats.pl\/fr\/?page_id=92"},"modified":"2022-02-16T13:52:38","modified_gmt":"2022-02-16T12:52:38","slug":"rideaux-de-theatre","status":"publish","type":"page","link":"https:\/\/decobelle.it\/fr\/rideaux-sur-mesure\/rideaux-de-theatre\/","title":{"rendered":"Rideaux de\u00a0Th\u00e9\u00e2tre"},"content":{"rendered":"<div id=\"dslc-main\">\r\n\t\t<div id=\"curtains-&-voiles-for-yachts\" class=\"dslc-modules-section \" style=\"padding-bottom:90px;padding-top:90px;\" data-section-id=\"44a0e463828\">\r\n\t\t\t\t\r\n\t\t\t\t\r\n\t\t\t\t<div class=\"dslc-modules-section-wrapper dslc-clearfix\"><div class=\"dslc-modules-area dslc-col dslc-8-col dslc-first-col dslc-valign- \" data-size=\"8\" data-valign=\"\">\n\t\t<div id=\"dslc-module-7b48318cc42\" class=\"dslc-module-front dslc-module-DSLC_Text_Simple dslc-in-viewport-check dslc-in-viewport-anim-none  dslc-col dslc-12-col dslc-last-col  dslc-module-handle-like-regular \" data-module-id=\"7b48318cc42\" data-module=\"DSLC_Text_Simple\" data-dslc-module-size=\"12\" data-dslc-anim=\"none\" data-dslc-anim-delay=\"\" data-dslc-anim-duration=\"650\"  data-dslc-anim-easing=\"ease\" data-dslc-preset=\"none\" >\n\n\t\t\t\n\t\t\t\n\t\t\r\n\t\t<div class=\"dslc-text-module-content\">\r\n\t\t\t<h1>Rideaux de Th\u00e9\u00e2tre<\/h1>\t\t<\/div>\r\n\r\n\t\t\n\t\t\t\t<\/div><!-- .dslc-module -->\n\t\t\n\t\t<div id=\"dslc-module-ccd533c485f\" class=\"dslc-module-front dslc-module-DSLC_Separator dslc-in-viewport-check dslc-in-viewport-anim-none  dslc-col dslc-12-col dslc-last-col  dslc-module-handle-like-regular \" data-module-id=\"ccd533c485f\" data-module=\"DSLC_Separator\" data-dslc-module-size=\"12\" data-dslc-anim=\"none\" data-dslc-anim-delay=\"\" data-dslc-anim-duration=\"650\"  data-dslc-anim-easing=\"ease\" data-dslc-preset=\"none\" >\n\n\t\t\t\n\t\t\t\n\t\t\t\t\t<div class=\"dslc-separator-wrapper\">\n\t\t\t\t<div class=\"dslc-separator dslc-separator-style-invisible\">\n\t\t\t\t\t\t\t\t\t<\/div>\n\t\t\t\t<div><\/div>\n\t\t\t<\/div><!-- .dslc-separator-wrapper -->\n\t\t\t\n\t\t\t\t<\/div><!-- .dslc-module -->\n\t\t\n\t\t<div id=\"dslc-module-uut9auckp64\" class=\"dslc-module-front dslc-module-DSLC_Image dslc-in-viewport-check dslc-in-viewport-anim-none  dslc-col dslc-12-col dslc-last-col  dslc-module-handle-like-regular mobi\" data-module-id=\"uut9auckp64\" data-module=\"DSLC_Image\" data-dslc-module-size=\"12\" data-dslc-anim=\"none\" data-dslc-anim-delay=\"\" data-dslc-anim-duration=\"650\"  data-dslc-anim-easing=\"ease\" data-dslc-preset=\"none\" >\n\n\t\t\t\n\t\t\t\n\t\t\t\t<div class=\"dslc-image-container\">\n\t\t<div class=\"dslc-image\">\n\n\t\t\t\n\t\t\t\t\n\t\t\t\t\t\t\t\t\t<img src=\"https:\/\/decobelle.it\/fr\/wp-content\/uploads\/sites\/3\/2022\/06\/rideaux-pour-private-theatre.jpg\" alt=\"\" title=\"\" srcset=\"https:\/\/decobelle.it\/fr\/wp-content\/uploads\/sites\/3\/2022\/06\/rideaux-pour-private-theatre.jpg 900w, https:\/\/decobelle.it\/fr\/wp-content\/uploads\/sites\/3\/2022\/06\/rideaux-pour-private-theatre-202x300.jpg 202w, https:\/\/decobelle.it\/fr\/wp-content\/uploads\/sites\/3\/2022\/06\/rideaux-pour-private-theatre-690x1024.jpg 690w, https:\/\/decobelle.it\/fr\/wp-content\/uploads\/sites\/3\/2022\/06\/rideaux-pour-private-theatre-768x1139.jpg 768w\" sizes=\"(max-width: 900px) 100vw, 900px\" \/>\n\t\t\t\t\n\t\t\t\t\t\t\t\t\t<\/div><!-- .dslc-image -->\n\t\t<\/div>\n\t\t\n\t\t\t\t<\/div><!-- .dslc-module -->\n\t\t\n\t\t<div id=\"dslc-module-dbd91035913\" class=\"dslc-module-front dslc-module-DSLC_Separator dslc-in-viewport-check dslc-in-viewport-anim-none  dslc-col dslc-12-col dslc-last-col dslc-hide-on-desktop dslc-hide-on-tablet  dslc-module-handle-like-regular \" data-module-id=\"dbd91035913\" data-module=\"DSLC_Separator\" data-dslc-module-size=\"12\" data-dslc-anim=\"none\" data-dslc-anim-delay=\"\" data-dslc-anim-duration=\"650\"  data-dslc-anim-easing=\"ease\" data-dslc-preset=\"none\" >\n\n\t\t\t\n\t\t\t\n\t\t\t\t\t<div class=\"dslc-separator-wrapper\">\n\t\t\t\t<div class=\"dslc-separator dslc-separator-style-invisible\">\n\t\t\t\t\t\t\t\t\t<\/div>\n\t\t\t\t<div><\/div>\n\t\t\t<\/div><!-- .dslc-separator-wrapper -->\n\t\t\t\n\t\t\t\t<\/div><!-- .dslc-module -->\n\t\t\n\t\t<div id=\"dslc-module-63c363632ba\" class=\"dslc-module-front dslc-module-DSLC_Text_Simple dslc-in-viewport-check dslc-in-viewport-anim-none  dslc-col dslc-12-col dslc-last-col  dslc-module-handle-like-regular \" data-module-id=\"63c363632ba\" data-module=\"DSLC_Text_Simple\" data-dslc-module-size=\"12\" data-dslc-anim=\"none\" data-dslc-anim-delay=\"\" data-dslc-anim-duration=\"650\"  data-dslc-anim-easing=\"ease\" data-dslc-preset=\"none\" >\n\n\t\t\t\n\t\t\t\n\t\t\r\n\t\t<div class=\"dslc-text-module-content\">\r\n\t\t\t<p>Il n'y a pas de Th\u00e9\u00e2tre sans Rideaux. M\u00eame si c'est un petit Th\u00e9\u00e2tre Priv\u00e9. Les Rideaux sont install\u00e9s sur la sc\u00e8ne, la recouvrant et la r\u00e9v\u00e9lant. Les Rideaux doivent \u00eatre faits de Beau Velours. Il a une fonction utilitaire, mais surtout ils sont une belle D\u00e9coration du Th\u00e9\u00e2tre et ils cr\u00e9ent une atmosph\u00e8re \u00e9tonnante qui r\u00e8gne dans le Th\u00e9\u00e2tre. Alors, quel type de Rideaux choisir pour le Th\u00e9\u00e2tre. Nous proposons une large s\u00e9lection de Tissus en Velours parfaits pour le Th\u00e9\u00e2tre. Il vaut la peine de choisir un Tissu Ignifuge pour la s\u00e9curit\u00e9 des utilisateurs du Th\u00e9\u00e2tre. Les Rideaux de Th\u00e9\u00e2tre sont souvent fabriqu\u00e9s avec des Franges, ce qui leur donne un Look Traditionnel etCclassique qui correspond parfaitement au Style du Th\u00e9\u00e2tre.<br>Les Rideaux sont mont\u00e9s sur des Rails Automatiques. czy tu moze byc link do Rideaux automatiques Ils doivent se d\u00e9placer sur sc\u00e8ne - facilement et souvent. Ceci est facilit\u00e9 par un Syst\u00e8me de Coulissement Automatique et Electrique.<br>En plus des Rideaux de Sc\u00e8ne et des Rideaux de Fen\u00eatre, nous pouvons \u00e9galement proposer des Panneaux Muraux en Velours ou en Soie, si importants pour une acoustique correcte dans la pi\u00e8ce. Nous avons \u00e9galement une large gamme de Tissus d'Ameublement n\u00e9cessaires \u00e0 la fabrication de Fauteuils et Canap\u00e9s de Th\u00e9\u00e2tre.<\/p>\t\t<\/div>\r\n\r\n\t\t\n\t\t\t\t<\/div><!-- .dslc-module -->\n\t\t\n\t\t<div id=\"dslc-module-e2b776e4827\" class=\"dslc-module-front dslc-module-DSLC_Separator dslc-in-viewport-check dslc-in-viewport-anim-none  dslc-col dslc-12-col dslc-last-col  dslc-module-handle-like-regular \" data-module-id=\"e2b776e4827\" data-module=\"DSLC_Separator\" data-dslc-module-size=\"12\" data-dslc-anim=\"none\" data-dslc-anim-delay=\"\" data-dslc-anim-duration=\"650\"  data-dslc-anim-easing=\"ease\" data-dslc-preset=\"none\" >\n\n\t\t\t\n\t\t\t\n\t\t\t\t\t<div class=\"dslc-separator-wrapper\">\n\t\t\t\t<div class=\"dslc-separator dslc-separator-style-invisible\">\n\t\t\t\t\t\t\t\t\t<\/div>\n\t\t\t\t<div><\/div>\n\t\t\t<\/div><!-- .dslc-separator-wrapper -->\n\t\t\t\n\t\t\t\t<\/div><!-- .dslc-module -->\n\t\t\n\t\t<div id=\"dslc-module-3af1e9fe7ea\" class=\"dslc-module-front dslc-module-DSLC_Info_Box dslc-in-viewport-check dslc-in-viewport-anim-none  dslc-col dslc-12-col dslc-last-col  dslc-module-handle-like-regular \" data-module-id=\"3af1e9fe7ea\" data-module=\"DSLC_Info_Box\" data-dslc-module-size=\"12\" data-dslc-anim=\"none\" data-dslc-anim-delay=\"\" data-dslc-anim-duration=\"650\"  data-dslc-anim-easing=\"ease\" data-dslc-preset=\"none\" >\n\n\t\t\t\n\t\t\t\n\t\t\n\t\t\t<div class=\"dslc-info-box dslc-info-box-icon-pos-above dslc-info-box-image-pos-above\">\n\n\t\t\t\t<div class=\"dslc-info-box-wrapper\">\n\n\t\t\t\t\t\n\t\t\t\t\t<div class=\"dslc-info-box-main-wrap dslc-clearfix\">\n\n\t\t\t\t\t\t\n\t\t\t\t\t\t\n\t\t\t\t\t\t<div class=\"dslc-info-box-main\">\n\n\t\t\t\t\t\t\t\n\t\t\t\t\t\t\t\t\t\t\t\t\t\t\t<div class=\"dslc-info-box-content\">\n\t\t\t\t\t\t\t\t\t\t\t\t\t\t\t\t\t\t\t<p>Consultation et Calcul Gratuits<\/p>\t\t\t\t\t\t\t\t\t\t\t\t\t\t\t\t\t<\/div><!-- .dslc-info-box-content -->\n\t\t\t\t\t\t\t\n\t\t\t\t\t\t\t\t\t\t\t\t\t\t\t<div class=\"dslc-info-box-button\">\n\t\t\t\t\t\t\t\t\t\t\t\t\t\t\t\t\t\t\t<a href=\"https:\/\/decobelle.it\/fr\/contact\/\"  target=\"_self\" class=\"dslc-primary \">\n\t\t\t\t\t\t\t\t\t\t\t\t\t\t\t\t\t\t\t\t\t\t\t<span class=\"dslc-icon dslc-icon-\"><\/span>\n\t\t\t\t\t\t\t\t\t\t\t\t\t\t\t\t\t\t\t\t\t\t\t\t\t\t\t\t\t\t\t\t\t\t<span>\n\t\t\t\t\t\t\t\t\t\t\t\t\tCLICK HERE\t\t\t\t\t\t\t\t\t\t\t\t<\/span>\n\t\t\t\t\t\t\t\t\t\t\t\t\t\t\t\t\t\t\t\t\t<\/a>\n\t\t\t\t\t\t\t\t\t\t\t\t\t\t\t\t\t\t\t\t\t\t\t\t\t\t<\/div><!-- .dslc-info-box-button -->\n\t\t\t\t\t\t\t\n\t\t\t\t\t\t<\/div><!-- .dslc-info-box-main -->\n\n\t\t\t\t\t<\/div><!-- .dslc-info-box-main-wrap -->\n\n\t\t\t\t<\/div><!-- .dslc-info-box-wrapper -->\n\n\t\t\t<\/div><!-- .dslc-info-box -->\n\n\t\t\n\t\t\t\t<\/div><!-- .dslc-module -->\n\t\t<\/div><div class=\"dslc-modules-area dslc-col dslc-4-col dslc-last-col dslc-valign-undefined \" data-size=\"4\" data-valign=\"undefined\">\n\t\t<div id=\"dslc-module-3df882e0be9\" class=\"dslc-module-front dslc-module-DSLC_Image dslc-in-viewport-check dslc-in-viewport-anim-none  dslc-col dslc-12-col dslc-last-col  dslc-module-handle-like-regular mobi2\" data-module-id=\"3df882e0be9\" data-module=\"DSLC_Image\" data-dslc-module-size=\"12\" data-dslc-anim=\"none\" data-dslc-anim-delay=\"\" data-dslc-anim-duration=\"650\"  data-dslc-anim-easing=\"ease\" data-dslc-preset=\"none\" >\n\n\t\t\t\n\t\t\t\n\t\t\t\t<div class=\"dslc-image-container\">\n\t\t<div class=\"dslc-image\">\n\n\t\t\t\n\t\t\t\t\n\t\t\t\t\t\t\t\t\t<img src=\"https:\/\/decobelle.it\/fr\/wp-content\/uploads\/sites\/3\/2022\/06\/rideaux-pour-private-theatre.jpg\" alt=\"\" title=\"\" srcset=\"https:\/\/decobelle.it\/fr\/wp-content\/uploads\/sites\/3\/2022\/06\/rideaux-pour-private-theatre.jpg 900w, https:\/\/decobelle.it\/fr\/wp-content\/uploads\/sites\/3\/2022\/06\/rideaux-pour-private-theatre-202x300.jpg 202w, https:\/\/decobelle.it\/fr\/wp-content\/uploads\/sites\/3\/2022\/06\/rideaux-pour-private-theatre-690x1024.jpg 690w, https:\/\/decobelle.it\/fr\/wp-content\/uploads\/sites\/3\/2022\/06\/rideaux-pour-private-theatre-768x1139.jpg 768w\" sizes=\"(max-width: 900px) 100vw, 900px\" \/>\n\t\t\t\t\n\t\t\t\t\t\t\t\t\t<\/div><!-- .dslc-image -->\n\t\t<\/div>\n\t\t\n\t\t\t\t<\/div><!-- .dslc-module -->\n\t\t<\/div><\/div><\/div>\r\n\t\t<div  class=\"dslc-modules-section \" style=\"padding-bottom:0px;padding-top:0px;\" data-section-id=\"a33e6d6c362\">\r\n\t\t\t\t\r\n\t\t\t\t\r\n\t\t\t\t<div class=\"dslc-modules-section-wrapper dslc-clearfix\"><div class=\"dslc-modules-area dslc-col dslc-12-col dslc-last-col dslc-valign- \" data-size=\"12\" data-valign=\"\">\n\t\t<div id=\"dslc-module-15105c91e52\" class=\"dslc-module-front dslc-module-DSLC_Shortcode dslc-in-viewport-check dslc-in-viewport-anim-none  dslc-col dslc-12-col dslc-last-col  dslc-module-handle-like-regular \" data-module-id=\"15105c91e52\" data-module=\"DSLC_Shortcode\" data-dslc-module-size=\"12\" data-dslc-anim=\"none\" data-dslc-anim-delay=\"\" data-dslc-anim-duration=\"650\"  data-dslc-anim-easing=\"ease\" data-dslc-preset=\"none\" >\n\n\t\t\t\n\t\t\t\n\t\t\t\t<div class=\"dslc-module-shortcode\">\n\t\t\tngg_shortcode_1_placeholder\t\t<\/div>\n\t\t\n\t\t\t\t<\/div><!-- .dslc-module -->\n\t\t<\/div><\/div><\/div><\/div>","protected":false},"excerpt":{"rendered":"<p>Rideaux de Th\u00e9\u00e2tre Il n'y a pas de Th\u00e9\u00e2tre sans Rideaux. M\u00eame si c'est un petit Th\u00e9\u00e2tre Priv\u00e9. Les Rideaux sont install\u00e9s sur la sc\u00e8ne, la recouvrant et la r\u00e9v\u00e9lant. Les Rideaux doivent \u00eatre faits de Beau Velours. Il a une fonction utilitaire, mais surtout ils sont une belle D\u00e9coration du Th\u00e9\u00e2tre et ils cr\u00e9ent [&hellip;]<\/p>\n","protected":false},"author":1,"featured_media":0,"parent":33,"menu_order":0,"comment_status":"closed","ping_status":"closed","template":"","meta":{"ngg_post_thumbnail":0},"yoast_head":"<!-- This site is optimized with the Yoast SEO plugin v19.13 - https:\/\/yoast.com\/wordpress\/plugins\/seo\/ -->\n<title>Rideaux de\u00a0Th\u00e9\u00e2tre - FR |Deco Belle - Maison de Rideaux<\/title>\n<meta name=\"robots\" content=\"index, follow, max-snippet:-1, max-image-preview:large, max-video-preview:-1\" \/>\n<link rel=\"canonical\" href=\"https:\/\/decobelle.it\/fr\/rideaux-sur-mesure\/rideaux-de-theatre\/\" \/>\n<meta property=\"og:locale\" content=\"fr_FR\" \/>\n<meta property=\"og:type\" content=\"article\" \/>\n<meta property=\"og:title\" content=\"Rideaux de\u00a0Th\u00e9\u00e2tre - FR |Deco Belle - Maison de Rideaux\" \/>\n<meta property=\"og:description\" content=\"Rideaux de Th\u00e9\u00e2tre Il n&#039;y a pas de Th\u00e9\u00e2tre sans Rideaux. M\u00eame si c&#039;est un petit Th\u00e9\u00e2tre Priv\u00e9. Les Rideaux sont install\u00e9s sur la sc\u00e8ne, la recouvrant et la r\u00e9v\u00e9lant. Les Rideaux doivent \u00eatre faits de Beau Velours. Il a une fonction utilitaire, mais surtout ils sont une belle D\u00e9coration du Th\u00e9\u00e2tre et ils cr\u00e9ent [&hellip;]\" \/>\n<meta property=\"og:url\" content=\"https:\/\/decobelle.it\/fr\/rideaux-sur-mesure\/rideaux-de-theatre\/\" \/>\n<meta property=\"og:site_name\" content=\"FR |Deco Belle - Maison de Rideaux\" \/>\n<meta property=\"article:modified_time\" content=\"2022-02-16T12:52:38+00:00\" \/>\n<meta name=\"twitter:card\" content=\"summary_large_image\" \/>\n<script type=\"application\/ld+json\" class=\"yoast-schema-graph\">{\"@context\":\"https:\/\/schema.org\",\"@graph\":[{\"@type\":\"WebPage\",\"@id\":\"https:\/\/decobelle.it\/fr\/rideaux-sur-mesure\/rideaux-de-theatre\/\",\"url\":\"https:\/\/decobelle.it\/fr\/rideaux-sur-mesure\/rideaux-de-theatre\/\",\"name\":\"Rideaux de\u00a0Th\u00e9\u00e2tre - FR |Deco Belle - Maison de Rideaux\",\"isPartOf\":{\"@id\":\"https:\/\/decobelle.it\/fr\/#website\"},\"datePublished\":\"2022-01-03T17:38:29+00:00\",\"dateModified\":\"2022-02-16T12:52:38+00:00\",\"breadcrumb\":{\"@id\":\"https:\/\/decobelle.it\/fr\/rideaux-sur-mesure\/rideaux-de-theatre\/#breadcrumb\"},\"inLanguage\":\"fr-FR\",\"potentialAction\":[{\"@type\":\"ReadAction\",\"target\":[\"https:\/\/decobelle.it\/fr\/rideaux-sur-mesure\/rideaux-de-theatre\/\"]}]},{\"@type\":\"BreadcrumbList\",\"@id\":\"https:\/\/decobelle.it\/fr\/rideaux-sur-mesure\/rideaux-de-theatre\/#breadcrumb\",\"itemListElement\":[{\"@type\":\"ListItem\",\"position\":1,\"name\":\"Strona g\u0142\u00f3wna\",\"item\":\"https:\/\/decobelle.it\/fr\/\"},{\"@type\":\"ListItem\",\"position\":2,\"name\":\"Rideaux sur Mesure\",\"item\":\"https:\/\/decobelle.it\/fr\/rideaux-sur-mesure\/\"},{\"@type\":\"ListItem\",\"position\":3,\"name\":\"Rideaux de\u00a0Th\u00e9\u00e2tre\"}]},{\"@type\":\"WebSite\",\"@id\":\"https:\/\/decobelle.it\/fr\/#website\",\"url\":\"https:\/\/decobelle.it\/fr\/\",\"name\":\"FR |Deco Belle - Maison de Rideaux\",\"description\":\"Deco Belle - Maison du Rideaux\",\"potentialAction\":[{\"@type\":\"SearchAction\",\"target\":{\"@type\":\"EntryPoint\",\"urlTemplate\":\"https:\/\/decobelle.it\/fr\/?s={search_term_string}\"},\"query-input\":\"required name=search_term_string\"}],\"inLanguage\":\"fr-FR\"}]}<\/script>\n<!-- \/ Yoast SEO plugin. -->","yoast_head_json":{"title":"Rideaux de\u00a0Th\u00e9\u00e2tre - FR |Deco Belle - Maison de Rideaux","robots":{"index":"index","follow":"follow","max-snippet":"max-snippet:-1","max-image-preview":"max-image-preview:large","max-video-preview":"max-video-preview:-1"},"canonical":"https:\/\/decobelle.it\/fr\/rideaux-sur-mesure\/rideaux-de-theatre\/","og_locale":"fr_FR","og_type":"article","og_title":"Rideaux de\u00a0Th\u00e9\u00e2tre - FR |Deco Belle - Maison de Rideaux","og_description":"Rideaux de Th\u00e9\u00e2tre Il n'y a pas de Th\u00e9\u00e2tre sans Rideaux. M\u00eame si c'est un petit Th\u00e9\u00e2tre Priv\u00e9. Les Rideaux sont install\u00e9s sur la sc\u00e8ne, la recouvrant et la r\u00e9v\u00e9lant. Les Rideaux doivent \u00eatre faits de Beau Velours. Il a une fonction utilitaire, mais surtout ils sont une belle D\u00e9coration du Th\u00e9\u00e2tre et ils cr\u00e9ent [&hellip;]","og_url":"https:\/\/decobelle.it\/fr\/rideaux-sur-mesure\/rideaux-de-theatre\/","og_site_name":"FR |Deco Belle - Maison de Rideaux","article_modified_time":"2022-02-16T12:52:38+00:00","twitter_card":"summary_large_image","schema":{"@context":"https:\/\/schema.org","@graph":[{"@type":"WebPage","@id":"https:\/\/decobelle.it\/fr\/rideaux-sur-mesure\/rideaux-de-theatre\/","url":"https:\/\/decobelle.it\/fr\/rideaux-sur-mesure\/rideaux-de-theatre\/","name":"Rideaux de\u00a0Th\u00e9\u00e2tre - FR |Deco Belle - Maison de Rideaux","isPartOf":{"@id":"https:\/\/decobelle.it\/fr\/#website"},"datePublished":"2022-01-03T17:38:29+00:00","dateModified":"2022-02-16T12:52:38+00:00","breadcrumb":{"@id":"https:\/\/decobelle.it\/fr\/rideaux-sur-mesure\/rideaux-de-theatre\/#breadcrumb"},"inLanguage":"fr-FR","potentialAction":[{"@type":"ReadAction","target":["https:\/\/decobelle.it\/fr\/rideaux-sur-mesure\/rideaux-de-theatre\/"]}]},{"@type":"BreadcrumbList","@id":"https:\/\/decobelle.it\/fr\/rideaux-sur-mesure\/rideaux-de-theatre\/#breadcrumb","itemListElement":[{"@type":"ListItem","position":1,"name":"Strona g\u0142\u00f3wna","item":"https:\/\/decobelle.it\/fr\/"},{"@type":"ListItem","position":2,"name":"Rideaux sur Mesure","item":"https:\/\/decobelle.it\/fr\/rideaux-sur-mesure\/"},{"@type":"ListItem","position":3,"name":"Rideaux de\u00a0Th\u00e9\u00e2tre"}]},{"@type":"WebSite","@id":"https:\/\/decobelle.it\/fr\/#website","url":"https:\/\/decobelle.it\/fr\/","name":"FR |Deco Belle - Maison de Rideaux","description":"Deco Belle - Maison du Rideaux","potentialAction":[{"@type":"SearchAction","target":{"@type":"EntryPoint","urlTemplate":"https:\/\/decobelle.it\/fr\/?s={search_term_string}"},"query-input":"required name=search_term_string"}],"inLanguage":"fr-FR"}]}},"_links":{"self":[{"href":"https:\/\/decobelle.it\/fr\/wp-json\/wp\/v2\/pages\/92"}],"collection":[{"href":"https:\/\/decobelle.it\/fr\/wp-json\/wp\/v2\/pages"}],"about":[{"href":"https:\/\/decobelle.it\/fr\/wp-json\/wp\/v2\/types\/page"}],"author":[{"embeddable":true,"href":"https:\/\/decobelle.it\/fr\/wp-json\/wp\/v2\/users\/1"}],"replies":[{"embeddable":true,"href":"https:\/\/decobelle.it\/fr\/wp-json\/wp\/v2\/comments?post=92"}],"version-history":[{"count":2,"href":"https:\/\/decobelle.it\/fr\/wp-json\/wp\/v2\/pages\/92\/revisions"}],"predecessor-version":[{"id":845,"href":"https:\/\/decobelle.it\/fr\/wp-json\/wp\/v2\/pages\/92\/revisions\/845"}],"up":[{"embeddable":true,"href":"https:\/\/decobelle.it\/fr\/wp-json\/wp\/v2\/pages\/33"}],"wp:attachment":[{"href":"https:\/\/decobelle.it\/fr\/wp-json\/wp\/v2\/media?parent=92"}],"curies":[{"name":"wp","href":"https:\/\/api.w.org\/{rel}","templated":true}]}}